{"id":9400,"date":"2024-05-21T13:41:37","date_gmt":"2024-05-21T16:41:37","guid":{"rendered":"https:\/\/www.feedbackcasino.com\/br\/?page_id=9400"},"modified":"2024-05-21T13:41:41","modified_gmt":"2024-05-21T16:41:41","slug":"makemoney","status":"publish","type":"page","link":"https:\/\/www.feedbackcasino.com\/br\/makemoney\/","title":{"rendered":"MakeMoney"},"content":{"rendered":"\n<h2 class=\"wp-block-heading\">O que \u00e9 o MakeMoney?<\/h2>\n\n\n\n<p>O Make Money \u00e9 uma plataforma que oferece aos usu\u00e1rios a oportunidade de ganhar dinheiro atrav\u00e9s de micro tarefas, como instalar aplicativos, assistir v\u00eddeos e indicar amigos. <\/p>\n\n\n\n<p>Com uma alta quantidade de avalia\u00e7\u00f5es positivas na PlayStore, o aplicativo promete recompensar os usu\u00e1rios de forma simples e direta.<\/p>\n\n\n\r\n\t\r\n\t\t<script type=\"application\/ld+json\">\r\n\t\t\t{\r\n\t\t\t\t\"@context\": \"http:\/\/schema.org\/\",\r\n\t\t\t\t\"@type\": \"Review\",\r\n\t\t\t\t\"itemReviewed\": {\r\n\t\t\t\t    \"@type\": \"Organization\",\r\n\t\t\t\t    \"name\": \"BET7K\",\r\n\t\t\t\t    \"image\": \"https:\/\/www.feedbackcasino.com\/br\/wp-content\/uploads\/2024\/02\/bet7k.jpg\"\r\n\t\t\t\t},\r\n\t\t\t\t\"author\": {\r\n\t\t\t\t    \"@type\": \"Person\",\r\n\t\t\t\t    \"name\": \"Jo\u00e3o Zabrieszach\",\r\n\t\t\t\t    \"url\": \"https:\/\/www.linkedin.com\/in\/jotapzabrie\/\"\r\n\t\t\t\t},\r\n\t\t\t\t\"reviewRating\": {\r\n\t\t\t\t    \"@type\": \"Rating\",\r\n\t\t\t\t    \"ratingValue\": \"6\",\r\n\t\t\t\t    \"bestRating\": \"6\",\r\n\t\t\t\t    \"worstRating\": \"1\"\r\n\t\t\t\t},\r\n\t\t\t\t\"datePublished\": \"20 de fevereiro de 2024\",\r\n\t\t\t\t\"reviewBody\": \"A Bet7K \u00e9 uma plataforma de apostas online e cassino voltada para o p\u00fablico brasileiro, que oferece um b\u00f4nus de boas-vindas de at\u00e9 R$7.000,00 e dep\u00f3sitos e saques r\u00e1pidos via Pix.&nbsp; A casa tem uma forte presen\u00e7a nas redes sociais, onde realiza sorteios de pr\u00eamios e promo\u00e7\u00f5es exclusivas. Al\u00e9m disso, \u00e9 patrocinadora da Sele\u00e7\u00e3o Brasileira [&hellip;]\"\r\n\t\t\t}\r\n\t\t<\/script>\r\n\r\n\t\r\n\t<div class=\"space-organization-single-3 box-100 relative \">\r\n\r\n\t\t<div class=\"space-style-3-organization-header-elements box-100 relative\">\r\n\t\t\t<div class=\"space-style-3-organization-header-left text-center box-25 relative\">\r\n\t\t\t\t<div class=\"space-style-3-organization-header-left-ins relative\">\r\n\t\t\t\t\t<div class=\"space-style-3-organization-header-logo-box relative\">\r\n\t\t\t\t\t\t<img fetchpriority=\"high\" decoding=\"async\" width=\"270\" height=\"270\" src=\"https:\/\/www.feedbackcasino.com\/br\/wp-content\/uploads\/2024\/02\/bet7k.jpg\" class=\"attachment-mercury-270-270 size-mercury-270-270\" alt=\"MakeMoney\" srcset=\"https:\/\/www.feedbackcasino.com\/br\/wp-content\/uploads\/2024\/02\/bet7k.jpg 270w, https:\/\/www.feedbackcasino.com\/br\/wp-content\/uploads\/2024\/02\/bet7k-150x150.jpg 150w, https:\/\/www.feedbackcasino.com\/br\/wp-content\/uploads\/2024\/02\/bet7k-40x40.jpg 40w, https:\/\/www.feedbackcasino.com\/br\/wp-content\/uploads\/2024\/02\/bet7k-50x50.jpg 50w, https:\/\/www.feedbackcasino.com\/br\/wp-content\/uploads\/2024\/02\/bet7k-100x100.jpg 100w, https:\/\/www.feedbackcasino.com\/br\/wp-content\/uploads\/2024\/02\/bet7k-120x120.jpg 120w, https:\/\/www.feedbackcasino.com\/br\/wp-content\/uploads\/2024\/02\/bet7k-135x135.jpg 135w, https:\/\/www.feedbackcasino.com\/br\/wp-content\/uploads\/2024\/02\/bet7k-32x32.jpg 32w, https:\/\/www.feedbackcasino.com\/br\/wp-content\/uploads\/2024\/02\/bet7k-80x80.jpg 80w\" sizes=\"(max-width: 270px) 100vw, 270px\" \/>\t\t\t\t\t<\/div>\r\n\t\t\t\t<\/div>\r\n\t\t\t<\/div>\r\n\t\t\t<div class=\"space-style-3-organization-header-right box-75 relative\">\r\n\t\t\t\t\t\t\t\t\t<div class=\"space-style-3-organization-header-rating absolute\">\r\n\t\t\t\t\t\t<div class=\"space-rating-star-wrap relative\">\r\n\t\t\t\t\t\t\t<div class=\"space-rating-star-background absolute\"><\/div>\r\n\t\t\t\t\t\t\t<div class=\"space-rating-star-icon absolute\">\r\n\t\t\t\t\t\t\t\t<i class=\"fas fa-star\"><\/i>\r\n\t\t\t\t\t\t\t<\/div>\r\n\t\t\t\t\t\t<\/div>\r\n\t\t\t\t\t\t<strong>6.0<\/strong>\/6\t\t\t\t\t<\/div>\r\n\t\t\t\t\t\t\t\t<div class=\"space-style-3-organization-header-right-ins box-100 relative\">\r\n\t\t\t\t\t<div class=\"space-style-3-organization-header-title relative\">\r\n\t\t\t\t\t\t<div class=\"space-style-3-organization-header-title-box relative\">\r\n\t\t\t\t\t\t\t<div class=\"space-organization-header-title-box-ins box-100 relative\">\r\n\r\n\t\t\t\t\t\t\t\t<!-- Title Start -->\r\n\r\n\t\t\t\t\t\t\t\t<span class=\"organization-title-3\">BET7K<\/span>\r\n\r\n\t\t\t\t\t\t\t\t<!-- Title End -->\r\n\r\n\t\t\t\t\t\t\t\t\r\n\t\t\t\t\t\t\t\t<!-- Short Description of the Organization Start -->\r\n\r\n\t\t\t\t\t\t\t\t<div class=\"space-style-3-organization-header-short-desc relative\">\r\n\t\t\t\t\t\t\t\t\t<p>Bet7k a <a href=\"https:\/\/www.feedbackcasino.com\/br\/casa-de-apostas\/\" data-internallinksmanager029f6b8e52c=\"3\" title=\"Casas de Apostas\">casa de apostas<\/a> online favorita dos Brasileiros! Fa\u00e7a saques via <a href=\"https:\/\/www.feedbackcasino.com\/br\/metodo-deposito\/pix\/\" data-internallinksmanager029f6b8e52c=\"6\" title=\"Pix\">Pix<\/a> e receba seu dinheiro na hora!<\/p>\t\t\t\t\t\t\t\t<\/div>\r\n\r\n\t\t\t\t\t\t\t\t<!-- Short Description of the Organization End -->\r\n\r\n\t\t\t\t\t\t\t\t\r\n\t\t\t\t\t\t\t\t\r\n\t\t\t\t\t\t\t\t\r\n\t\t\t\t\t\t\t<\/div>\r\n\t\t\t\t\t\t<\/div>\r\n\t\t\t\t\t\t<div class=\"space-style-3-organization-header-button relative\">\r\n\t\t\t\t\t\t\t<div class=\"space-style-3-organization-header-button-ins text-center relative\">\r\n\r\n\t\t\t\t\t\t\t\t\r\n\t\t\t\t\t\t\t\t<!-- Button Start -->\r\n\r\n\t\t\t\t\t\t\t\t<a href=\"https:\/\/www.feedbackcasino.com\/br\/ir\/bet7k\/\" title=\"Jogue Agora\" class=\"space-style-3-button\" rel=\"nofollow\" target=\"_blank\">Jogue Agora<\/a>\r\n\r\n\t\t\t\t\t\t\t\t<!-- Button End -->\r\n\r\n\t\t\t\t\t\t\t\t\r\n\t\t\t\t\t\t\t\t\r\n\t\t\t\t\t\t\t\t\r\n\t\t\t\t\t\t\t<\/div>\r\n\r\n\t\t\t\t\t\t<\/div>\r\n\t\t\t\t\t<\/div>\r\n\t\t\t\t<\/div>\r\n\t\t\t<\/div>\r\n\t\t<\/div>\r\n\t\t\r\n\t<\/div>\r\n\r\n\t\r\n\t\t<!-- Organization Float Bar Start -->\r\n\r\n\t\t<script type=\"text\/javascript\">\r\n\t\tjQuery(document).ready(function($) {\r\n\t\t\t'use strict';\r\n\r\n\t\t\t\tvar stickyOffset = $('.space-organization-float-bar-bg').offset().top;\r\n\r\n\t\t\t\t$(window).scroll(function(){\r\n\t\t\t\t\t'use strict';\r\n\t\t\t\t  var sticky = $('.space-organization-float-bar-bg'),\r\n\t\t\t\t      scroll = $(window).scrollTop();\r\n\t\t\t\t    \r\n\t\t\t\t  if (scroll >= 400) sticky.addClass('show');\r\n\t\t\t\t  else sticky.removeClass('show');\r\n\t\t\t\t});\r\n\r\n\t\t});\r\n\t\t<\/script>\r\n\r\n\t\t<style type=\"text\/css\">\r\n\t\t.space-footer {\r\n\t\t    padding-bottom: 110px;\r\n\t\t}\r\n\t\t@media screen and (max-width: 479px) {\r\n\t\t\t.single .space-footer,\r\n\t\t\t.page .space-footer {\r\n\t\t\t    padding-bottom: 100px;\r\n\t\t\t}\r\n\t\t\t.single #scrolltop.show,\r\n\t\t\t.page #scrolltop.show {\r\n\t\t\t    opacity: 1;\r\n\t\t\t    visibility: visible;\r\n\t\t\t    bottom: 120px;\r\n\t\t\t}\r\n\t\t}\r\n\t\t<\/style>\r\n\r\n\t\t<div class=\"space-organization-float-bar-bg box-100\">\r\n\t\t\t<div class=\"space-organization-float-bar-bg-ins space-page-wrapper relative\">\r\n\t\t\t\t<div class=\"space-organization-float-bar relative\">\r\n\t\t\t\t\t<div class=\"space-organization-float-bar-data box-75 relative\">\r\n\t\t\t\t\t\t<div class=\"space-organization-float-bar-data-ins relative\">\r\n\r\n\t\t\t\t\t\t\t\r\n\t\t\t\t\t\t\t\t<div class=\"space-organization-float-bar-logo relative\">\r\n\t\t\t\t\t\t\t\t\t<div class=\"space-organization-float-bar-logo-img relative\">\r\n\t\t\t\t\t\t\t\t\t\t<img decoding=\"async\" width=\"100\" height=\"100\" src=\"https:\/\/www.feedbackcasino.com\/br\/wp-content\/uploads\/2024\/02\/bet7k-100x100.jpg\" class=\"attachment-mercury-100-100 size-mercury-100-100\" alt=\"bet7k logo\" srcset=\"https:\/\/www.feedbackcasino.com\/br\/wp-content\/uploads\/2024\/02\/bet7k-100x100.jpg 100w, https:\/\/www.feedbackcasino.com\/br\/wp-content\/uploads\/2024\/02\/bet7k-150x150.jpg 150w, https:\/\/www.feedbackcasino.com\/br\/wp-content\/uploads\/2024\/02\/bet7k-40x40.jpg 40w, https:\/\/www.feedbackcasino.com\/br\/wp-content\/uploads\/2024\/02\/bet7k-50x50.jpg 50w, https:\/\/www.feedbackcasino.com\/br\/wp-content\/uploads\/2024\/02\/bet7k-120x120.jpg 120w, https:\/\/www.feedbackcasino.com\/br\/wp-content\/uploads\/2024\/02\/bet7k-135x135.jpg 135w, https:\/\/www.feedbackcasino.com\/br\/wp-content\/uploads\/2024\/02\/bet7k-32x32.jpg 32w, https:\/\/www.feedbackcasino.com\/br\/wp-content\/uploads\/2024\/02\/bet7k-80x80.jpg 80w, https:\/\/www.feedbackcasino.com\/br\/wp-content\/uploads\/2024\/02\/bet7k.jpg 270w\" sizes=\"(max-width: 100px) 100vw, 100px\" \/>\t\t\t\t\t\t\t\t\t<\/div>\r\n\t\t\t\t\t\t\t\t<\/div>\r\n\r\n\t\t\t\t\t\t\t\r\n\t\t\t\t\t\t\t<div class=\"space-organization-float-bar-title box-50 relative\">\r\n\t\t\t\t\t\t\t\t<div class=\"space-organization-float-bar-title-wrap box-100 relative\">\r\n\t\t\t\t\t\t\t\t\tBET7K\t\t\t\t\t\t\t\t<\/div>\r\n\t\t\t\t\t\t\t\t\r\n\t\t\t\t\t\t\t\t\t\t\t\t\t\t\t\t\t<div class=\"space-organization-float-bar-rating box-100 relative\">\r\n\t\t\t\t\t\t\t\t\t\t<div class=\"star-rating\"><div class=\"star star-full\" aria-hidden=\"true\"><\/div><div class=\"star star-full\" aria-hidden=\"true\"><\/div><div class=\"star star-full\" aria-hidden=\"true\"><\/div><div class=\"star star-full\" aria-hidden=\"true\"><\/div><div class=\"star star-full\" aria-hidden=\"true\"><\/div><div class=\"star star-full\" aria-hidden=\"true\"><\/div><\/div>\t\t\t\t\t\t\t\t\t\t<span><i class=\"fas fa-star\"><\/i> 6.0\/6<\/span>\r\n\t\t\t\t\t\t\t\t\t<\/div>\r\n\t\t\t\t\t\t\t\t\r\n\t\t\t\t\t\t\t<\/div>\r\n\t\t\t\t\t\t<\/div>\r\n\t\t\t\t\t<\/div>\r\n\r\n\t\t\t\t\t\r\n\t\t\t\t\t\t<div class=\"space-organization-float-bar-button box-25 relative\">\r\n\t\t\t\t\t\t\t<div class=\"space-organization-float-bar-button-all text-center relative\">\r\n\t\t\t\t\t\t\t\t<div class=\"space-organization-float-bar-button-ins relative\">\r\n\t\t\t\t\t\t\t\t\t<div class=\"space-organization-float-bar-button-wrap relative\">\r\n\t\t\t\t\t\t\t\t\t\t<a href=\"https:\/\/www.feedbackcasino.com\/br\/ir\/bet7k\/\" title=\"Jogue Agora\" target=\"_blank\" rel=\"nofollow\">\r\n\t\t\t\t\t\t\t\t\t\t\tJogue Agora\t\t\t\t\t\t\t\t\t\t<\/a>\r\n\t\t\t\t\t\t\t\t\t<\/div>\r\n\t\t\t\t\t\t\t\t<\/div>\r\n\t\t\t\t\t\t\t<\/div>\r\n\t\t\t\t\t\t<\/div>\r\n\r\n\t\t\t\t\t\r\n\t\t\t\t<\/div>\r\n\t\t\t<\/div>\r\n\t\t<\/div>\r\n\r\n\t\t<!-- Organization Float Bar End -->\r\n\r\n\t\r\n\t\n\n\n\n<p><\/p>\n\n\n\n<h3 class=\"wp-block-heading\">Como Funciona o MakeMoney?<\/h3>\n\n\n\n<p>O aplicativo Make Money remunera os usu\u00e1rios por completarem tarefas variadas, que podem incluir responder pesquisas, baixar outros aplicativos e realizar atividades di\u00e1rias. Ao acumular pontos suficientes, esses pontos podem ser trocados por vouchers ou dinheiro via PayPal. <\/p>\n\n\n\n<p>O valor m\u00ednimo para saque \u00e9 de 15 d\u00f3lares, e os pagamentos podem ser feitos atrav\u00e9s de v\u00e1rias formas, como cr\u00e9ditos no PayPal e cart\u00f5es-presente de diferentes plataformas.<\/p>\n\n\n\n<h2 class=\"wp-block-heading\">Como evitar golpes online?<\/h2>\n\n\n\n<p>Para evitar golpes online, \u00e9 essencial estar atento aos sinais de fraude, como promessas de ganhos f\u00e1ceis e r\u00e1pidos. Verificar a reputa\u00e7\u00e3o do aplicativo ou site, ler avalia\u00e7\u00f5es de outros usu\u00e1rios e ser cauteloso com a divulga\u00e7\u00e3o de informa\u00e7\u00f5es pessoais s\u00e3o passos importantes para proteger-se contra fraudes.<\/p>\n\n\n\n<p> Al\u00e9m disso, explorar plataformas e aplicativos com boas avalia\u00e7\u00f5es e hist\u00f3rico confi\u00e1vel pode ajudar a evitar armadilhas digitais.<\/p>\n","protected":false},"excerpt":{"rendered":"<p>O que \u00e9 o MakeMoney? O Make Money \u00e9 uma plataforma que oferece aos usu\u00e1rios a oportunidade de ganhar dinheiro atrav\u00e9s de micro tarefas, como instalar aplicativos, assistir v\u00eddeos e indicar amigos. Com uma alta quantidade de avalia\u00e7\u00f5es positivas na PlayStore, o aplicativo promete recompensar os usu\u00e1rios de forma simples e direta. Como Funciona o [&hellip;]<\/p>\n","protected":false},"author":3,"featured_media":8096,"parent":0,"menu_order":0,"comment_status":"open","ping_status":"closed","template":"","meta":{"_acf_changed":false,"footnotes":"","_glsr_average":0,"_glsr_ranking":0,"_glsr_reviews":0},"acf":[],"_links":{"self":[{"href":"https:\/\/www.feedbackcasino.com\/br\/wp-json\/wp\/v2\/pages\/9400"}],"collection":[{"href":"https:\/\/www.feedbackcasino.com\/br\/wp-json\/wp\/v2\/pages"}],"about":[{"href":"https:\/\/www.feedbackcasino.com\/br\/wp-json\/wp\/v2\/types\/page"}],"author":[{"embeddable":true,"href":"https:\/\/www.feedbackcasino.com\/br\/wp-json\/wp\/v2\/users\/3"}],"replies":[{"embeddable":true,"href":"https:\/\/www.feedbackcasino.com\/br\/wp-json\/wp\/v2\/comments?post=9400"}],"version-history":[{"count":2,"href":"https:\/\/www.feedbackcasino.com\/br\/wp-json\/wp\/v2\/pages\/9400\/revisions"}],"predecessor-version":[{"id":9406,"href":"https:\/\/www.feedbackcasino.com\/br\/wp-json\/wp\/v2\/pages\/9400\/revisions\/9406"}],"wp:featuredmedia":[{"embeddable":true,"href":"https:\/\/www.feedbackcasino.com\/br\/wp-json\/wp\/v2\/media\/8096"}],"wp:attachment":[{"href":"https:\/\/www.feedbackcasino.com\/br\/wp-json\/wp\/v2\/media?parent=9400"}],"curies":[{"name":"wp","href":"https:\/\/api.w.org\/{rel}","templated":true}]}}