{"id":435,"date":"2023-04-19T01:21:48","date_gmt":"2023-04-19T04:21:48","guid":{"rendered":"https:\/\/www.feedbackcasino.com\/br\/?page_id=435"},"modified":"2024-02-22T11:33:21","modified_gmt":"2024-02-22T14:33:21","slug":"fale-conosco","status":"publish","type":"page","link":"https:\/\/www.feedbackcasino.com\/br\/fale-conosco\/","title":{"rendered":"Fale Conosco"},"content":{"rendered":"\n<p>Obrigado por visitar nosso site!<\/p>\n\n\n\n<p>Valorizamos seus coment\u00e1rios e sugest\u00f5es. Por favor, utilize o formul\u00e1rio abaixo para entrar em contato conosco e entraremos em contato o mais r\u00e1pido poss\u00edvel.<\/p>\n\n\n\n<p>Quer voc\u00ea tenha uma pergunta, uma sugest\u00e3o ou uma preocupa\u00e7\u00e3o, n\u00f3s estamos aqui para ajud\u00e1-lo. Entendemos que a navega\u00e7\u00e3o no mundo dos <a href=\"https:\/\/www.feedbackcasino.com\/br\/cassinos-online\/\" data-internallinksmanager029f6b8e52c=\"4\" title=\"melhor cassino online\">cassinos<\/a> on-line pode ser dif\u00edcil, e nos esfor\u00e7amos para fornecer as informa\u00e7\u00f5es necess\u00e1rias para tomar decis\u00f5es mais acertadas. Se voc\u00ea tiver alguma pergunta sobre um determinado cassino, ou se estiver procurando conselhos sobre como come\u00e7ar a jogar online, estamos aqui para ajud\u00e1-lo.<\/p>\n\n\n\r\n\t<div class=\"space-shortcode-wrap space-shortcode-11 relative\">\r\n\t\t<div class=\"space-shortcode-wrap-ins relative\">\r\n\r\n\t\t\t\t\t\t<div class=\"space-block-title relative\">\r\n\t\t\t\t<span>Top Cassinos Online<\/span>\r\n\t\t\t<\/div>\r\n\t\t\t\r\n\t\t\t<div class=\"space-organizations-7-archive-items box-100 relative\">\r\n\r\n\t\t\t\t\r\n\t\t\t\t<div class=\"space-organizations-8-archive-item box-100 relative\">\r\n\t\t\t\t\t<div class=\"space-organizations-8-archive-item-ins relative\">\r\n\t\t\t\t\t\t<div class=\"space-organizations-8-archive-item-bg box-100 relative\">\r\n\t\t\t\t\t\t\t<div class=\"space-organizations-8-archive-item-left box-33 relative\">\r\n\r\n\t\t\t\t\t\t\t\t\t<div class=\"space-organizations-8-archive-item-brand box-100 relative\">\r\n\t\t\t\t\t\t\t\t\t\t<div class=\"space-organizations-8-archive-item-brand-logo box-40 text-center relative\">\r\n\t\t\t\t\t\t\t\t\t\t\t<div class=\"space-organizations-8-archive-item-brand-logo-ins relative\">\r\n\r\n\t\t\t\t\t\t\t\t\t\t\t\t\t\t\t\t\t\t\t\t\t\t\t\t\t<a href=\"https:\/\/www.feedbackcasino.com\/br\/cassinos\/bet7k-apostas\/\" title=\"BET7K\">\r\n\t\t\t\t\t\t\t\t\t\t\t\t\t\t<img decoding=\"async\" width=\"135\" height=\"135\" src=\"https:\/\/www.feedbackcasino.com\/br\/wp-content\/uploads\/2024\/02\/bet7k-135x135.jpg\" class=\"attachment-mercury-135-135 size-mercury-135-135\" alt=\"BET7K\" srcset=\"https:\/\/www.feedbackcasino.com\/br\/wp-content\/uploads\/2024\/02\/bet7k-135x135.jpg 135w, https:\/\/www.feedbackcasino.com\/br\/wp-content\/uploads\/2024\/02\/bet7k-150x150.jpg 150w, https:\/\/www.feedbackcasino.com\/br\/wp-content\/uploads\/2024\/02\/bet7k-40x40.jpg 40w, https:\/\/www.feedbackcasino.com\/br\/wp-content\/uploads\/2024\/02\/bet7k-50x50.jpg 50w, https:\/\/www.feedbackcasino.com\/br\/wp-content\/uploads\/2024\/02\/bet7k-100x100.jpg 100w, https:\/\/www.feedbackcasino.com\/br\/wp-content\/uploads\/2024\/02\/bet7k-120x120.jpg 120w, https:\/\/www.feedbackcasino.com\/br\/wp-content\/uploads\/2024\/02\/bet7k-32x32.jpg 32w, https:\/\/www.feedbackcasino.com\/br\/wp-content\/uploads\/2024\/02\/bet7k-80x80.jpg 80w, https:\/\/www.feedbackcasino.com\/br\/wp-content\/uploads\/2024\/02\/bet7k.jpg 270w\" sizes=\"(max-width: 135px) 100vw, 135px\" \/>\t\t\t\t\t\t\t\t\t\t\t\t\t<\/a>\r\n\t\t\t\t\t\t\t\t\t\t\t\t\r\n\t\t\t\t\t\t\t\t\t\t\t<\/div>\r\n\t\t\t\t\t\t\t\t\t\t<\/div>\r\n\t\t\t\t\t\t\t\t\t\t<div class=\"space-organizations-8-archive-item-brand-name text-center box-60 relative\">\r\n\t\t\t\t\t\t\t\t\t\t\t<div class=\"space-organizations-8-archive-item-brand-name-link box-100 relative\">\r\n\t\t\t\t\t\t\t\t\t\t\t\t<a href=\"https:\/\/www.feedbackcasino.com\/br\/cassinos\/bet7k-apostas\/\" title=\"BET7K\">BET7K<\/a>\r\n\t\t\t\t\t\t\t\t\t\t\t<\/div>\r\n\r\n\t\t\t\t\t\t\t\t\t\t\t\t\t\t\t\t\t\t\t\t\t\t\t<div class=\"space-organizations-8-archive-item-stars-rating relative\">\r\n\t\t\t\t\t\t\t\t\t\t\t\t\t<div class=\"star-rating\"><div class=\"star star-full\" aria-hidden=\"true\"><\/div><div class=\"star star-full\" aria-hidden=\"true\"><\/div><div class=\"star star-full\" aria-hidden=\"true\"><\/div><div class=\"star star-full\" aria-hidden=\"true\"><\/div><div class=\"star star-full\" aria-hidden=\"true\"><\/div><div class=\"star star-full\" aria-hidden=\"true\"><\/div><\/div>\t\t\t\t\t\t\t\t\t\t\t\t<\/div>\r\n\t\t\t\t\t\t\t\t\t\t\t\r\n\t\t\t\t\t\t\t\t\t\t<\/div>\r\n\t\t\t\t\t\t\t\t\t<\/div>\r\n\r\n\t\t\t\t\t\t\t<\/div>\r\n\t\t\t\t\t\t\t<div class=\"space-organizations-8-archive-item-central box-33 relative\">\r\n\t\t\t\t\t\t\t\t<div class=\"space-organizations-8-archive-item-ins-pd relative\">\r\n\t\t\t\t\t\t\t\t\t<div class=\"space-organizations-8-archive-item-terms box-100 relative\">\r\n\t\t\t\t\t\t\t\t\t\t<p>Com <a href=\"https:\/\/www.feedbackcasino.com\/br\/melhores-bonus\/\" data-internallinksmanager029f6b8e52c=\"2\" title=\"B\u00f4nus\">b\u00f4nus<\/a> de boas vindas de R$7.000 a Bet7k \u00e9 <a href=\"https:\/\/www.feedbackcasino.com\/br\/casa-de-apostas\/\" data-internallinksmanager029f6b8e52c=\"3\" title=\"Casas de Apostas\">casa de apostas<\/a> dos brasileiros! Fa\u00e7a seu dep\u00f3sito m\u00ednimo de R$30,00 e aproveite!<\/p>\t\t\t\t\t\t\t\t\t<\/div>\r\n\t\t\t\t\t\t\t\t<\/div>\r\n\t\t\t\t\t\t\t<\/div>\r\n\t\t\t\t\t\t\t<div class=\"space-organizations-8-archive-item-right box-33 relative\">\r\n\t\t\t\t\t\t\t\t\r\n\t\t\t\t\t\t\t\t\t<div class=\"space-organizations-8-archive-item-buttons box-100 relative\">\r\n\t\t\t\t\t\t\t\t\t\t<div class=\"space-organizations-8-archive-item-buttons-left box-50 text-center relative\">\r\n\r\n\t\t\t\t\t\t\t\t\t\t\t<div class=\"space-organizations-8-archive-item-button-one box-100 relative\">\r\n\t\t\t\t\t\t\t\t\t\t\t\t<a href=\"https:\/\/www.feedbackcasino.com\/br\/cassinos\/bet7k-apostas\/\" title=\"Ler An\u00e1lise\">Ler An\u00e1lise<\/a>\r\n\t\t\t\t\t\t\t\t\t\t\t<\/div>\r\n\r\n\t\t\t\t\t\t\t\t\t\t\t\r\n\t\t\t\t\t\t\t\t\t\t\t\r\n\t\t\t\t\t\t\t\t\t\t<\/div>\r\n\t\t\t\t\t\t\t\t\t\t<div class=\"space-organizations-8-archive-item-buttons-right box-50 text-center relative\">\r\n\t\t\t\t\t\t\t\t\t\t\t<div class=\"space-organizations-8-archive-item-button-two relative\">\r\n\t\t\t\t\t\t\t\t\t\t\t\t<a href=\"https:\/\/www.feedbackcasino.com\/br\/ir\/bet7k\/\" title=\"Jogue Agora\" target=\"_blank\" rel=\"nofollow\">Jogue Agora<\/a>\r\n\t\t\t\t\t\t\t\t\t\t\t<\/div>\r\n\t\t\t\t\t\t\t\t\t\t<\/div>\r\n\t\t\t\t\t\t\t\t\t<\/div>\r\n\t\t\t\t\t\t\t\r\n\t\t\t\t\t\t\t<\/div>\r\n\t\t\t\t\t\t<\/div>\r\n\r\n\t\t\t\t\t\t\t\t\t\t\t\t\r\n\t\t\t\t\t<\/div>\r\n\t\t\t\t<\/div>\r\n\r\n\t\t\t\t\r\n\t\t\t\t<div class=\"space-organizations-8-archive-item box-100 relative\">\r\n\t\t\t\t\t<div class=\"space-organizations-8-archive-item-ins relative\">\r\n\t\t\t\t\t\t<div class=\"space-organizations-8-archive-item-bg box-100 relative\">\r\n\t\t\t\t\t\t\t<div class=\"space-organizations-8-archive-item-left box-33 relative\">\r\n\r\n\t\t\t\t\t\t\t\t\t<div class=\"space-organizations-8-archive-item-brand box-100 relative\">\r\n\t\t\t\t\t\t\t\t\t\t<div class=\"space-organizations-8-archive-item-brand-logo box-40 text-center relative\">\r\n\t\t\t\t\t\t\t\t\t\t\t<div class=\"space-organizations-8-archive-item-brand-logo-ins relative\">\r\n\r\n\t\t\t\t\t\t\t\t\t\t\t\t\t\t\t\t\t\t\t\t\t\t\t\t\t<a href=\"https:\/\/www.feedbackcasino.com\/br\/cassinos\/betao\/\" title=\"Bet\u00e3o\">\r\n\t\t\t\t\t\t\t\t\t\t\t\t\t\t<img decoding=\"async\" width=\"135\" height=\"135\" src=\"https:\/\/www.feedbackcasino.com\/br\/wp-content\/uploads\/2024\/08\/Logos-Cassinos-1-135x135.jpg\" class=\"attachment-mercury-135-135 size-mercury-135-135\" alt=\"Bet\u00e3o\" srcset=\"https:\/\/www.feedbackcasino.com\/br\/wp-content\/uploads\/2024\/08\/Logos-Cassinos-1-135x135.jpg 135w, https:\/\/www.feedbackcasino.com\/br\/wp-content\/uploads\/2024\/08\/Logos-Cassinos-1-150x150.jpg 150w, https:\/\/www.feedbackcasino.com\/br\/wp-content\/uploads\/2024\/08\/Logos-Cassinos-1-40x40.jpg 40w, https:\/\/www.feedbackcasino.com\/br\/wp-content\/uploads\/2024\/08\/Logos-Cassinos-1-50x50.jpg 50w, https:\/\/www.feedbackcasino.com\/br\/wp-content\/uploads\/2024\/08\/Logos-Cassinos-1-100x100.jpg 100w, https:\/\/www.feedbackcasino.com\/br\/wp-content\/uploads\/2024\/08\/Logos-Cassinos-1-120x120.jpg 120w, https:\/\/www.feedbackcasino.com\/br\/wp-content\/uploads\/2024\/08\/Logos-Cassinos-1-32x32.jpg 32w, https:\/\/www.feedbackcasino.com\/br\/wp-content\/uploads\/2024\/08\/Logos-Cassinos-1-80x80.jpg 80w, https:\/\/www.feedbackcasino.com\/br\/wp-content\/uploads\/2024\/08\/Logos-Cassinos-1.jpg 270w\" sizes=\"(max-width: 135px) 100vw, 135px\" \/>\t\t\t\t\t\t\t\t\t\t\t\t\t<\/a>\r\n\t\t\t\t\t\t\t\t\t\t\t\t\r\n\t\t\t\t\t\t\t\t\t\t\t<\/div>\r\n\t\t\t\t\t\t\t\t\t\t<\/div>\r\n\t\t\t\t\t\t\t\t\t\t<div class=\"space-organizations-8-archive-item-brand-name text-center box-60 relative\">\r\n\t\t\t\t\t\t\t\t\t\t\t<div class=\"space-organizations-8-archive-item-brand-name-link box-100 relative\">\r\n\t\t\t\t\t\t\t\t\t\t\t\t<a href=\"https:\/\/www.feedbackcasino.com\/br\/cassinos\/betao\/\" title=\"Bet\u00e3o\">Bet\u00e3o<\/a>\r\n\t\t\t\t\t\t\t\t\t\t\t<\/div>\r\n\r\n\t\t\t\t\t\t\t\t\t\t\t\t\t\t\t\t\t\t\t\t\t\t\t<div class=\"space-organizations-8-archive-item-stars-rating relative\">\r\n\t\t\t\t\t\t\t\t\t\t\t\t\t<div class=\"star-rating\"><div class=\"star star-full\" aria-hidden=\"true\"><\/div><div class=\"star star-full\" aria-hidden=\"true\"><\/div><div class=\"star star-full\" aria-hidden=\"true\"><\/div><div class=\"star star-full\" aria-hidden=\"true\"><\/div><div class=\"star star-full\" aria-hidden=\"true\"><\/div><div class=\"star star-half\" aria-hidden=\"true\"><\/div><\/div>\t\t\t\t\t\t\t\t\t\t\t\t<\/div>\r\n\t\t\t\t\t\t\t\t\t\t\t\r\n\t\t\t\t\t\t\t\t\t\t<\/div>\r\n\t\t\t\t\t\t\t\t\t<\/div>\r\n\r\n\t\t\t\t\t\t\t<\/div>\r\n\t\t\t\t\t\t\t<div class=\"space-organizations-8-archive-item-central box-33 relative\">\r\n\t\t\t\t\t\t\t\t<div class=\"space-organizations-8-archive-item-ins-pd relative\">\r\n\t\t\t\t\t\t\t\t\t<div class=\"space-organizations-8-archive-item-terms box-100 relative\">\r\n\t\t\t\t\t\t\t\t\t\t<p>Aproveite o pacote de boas vindas da Bet\u00e3o de R$3.000,00 e dobra sua recarga em 100%. A plataforma tamb\u00e9m entrega diversos outros b\u00f4nus para seus usu\u00e1rios, n\u00e3o perca essa chance!\u00a0<\/p>\t\t\t\t\t\t\t\t\t<\/div>\r\n\t\t\t\t\t\t\t\t<\/div>\r\n\t\t\t\t\t\t\t<\/div>\r\n\t\t\t\t\t\t\t<div class=\"space-organizations-8-archive-item-right box-33 relative\">\r\n\t\t\t\t\t\t\t\t\r\n\t\t\t\t\t\t\t\t\t<div class=\"space-organizations-8-archive-item-buttons box-100 relative\">\r\n\t\t\t\t\t\t\t\t\t\t<div class=\"space-organizations-8-archive-item-buttons-left box-50 text-center relative\">\r\n\r\n\t\t\t\t\t\t\t\t\t\t\t<div class=\"space-organizations-8-archive-item-button-one box-100 relative\">\r\n\t\t\t\t\t\t\t\t\t\t\t\t<a href=\"https:\/\/www.feedbackcasino.com\/br\/cassinos\/betao\/\" title=\"Ler An\u00e1lise\">Ler An\u00e1lise<\/a>\r\n\t\t\t\t\t\t\t\t\t\t\t<\/div>\r\n\r\n\t\t\t\t\t\t\t\t\t\t\t\r\n\t\t\t\t\t\t\t\t\t\t\t\r\n\t\t\t\t\t\t\t\t\t\t<\/div>\r\n\t\t\t\t\t\t\t\t\t\t<div class=\"space-organizations-8-archive-item-buttons-right box-50 text-center relative\">\r\n\t\t\t\t\t\t\t\t\t\t\t<div class=\"space-organizations-8-archive-item-button-two relative\">\r\n\t\t\t\t\t\t\t\t\t\t\t\t<a href=\"https:\/\/www.feedbackcasino.com\/br\/ir\/brazino777\/\" title=\"Jogue Agora\" target=\"_blank\" rel=\"nofollow\">Jogue Agora<\/a>\r\n\t\t\t\t\t\t\t\t\t\t\t<\/div>\r\n\t\t\t\t\t\t\t\t\t\t<\/div>\r\n\t\t\t\t\t\t\t\t\t<\/div>\r\n\t\t\t\t\t\t\t\r\n\t\t\t\t\t\t\t<\/div>\r\n\t\t\t\t\t\t<\/div>\r\n\r\n\t\t\t\t\t\t\t\t\t\t\t\t\r\n\t\t\t\t\t<\/div>\r\n\t\t\t\t<\/div>\r\n\r\n\t\t\t\t\r\n\t\t\t\t<div class=\"space-organizations-8-archive-item box-100 relative\">\r\n\t\t\t\t\t<div class=\"space-organizations-8-archive-item-ins relative\">\r\n\t\t\t\t\t\t<div class=\"space-organizations-8-archive-item-bg box-100 relative\">\r\n\t\t\t\t\t\t\t<div class=\"space-organizations-8-archive-item-left box-33 relative\">\r\n\r\n\t\t\t\t\t\t\t\t\t<div class=\"space-organizations-8-archive-item-brand box-100 relative\">\r\n\t\t\t\t\t\t\t\t\t\t<div class=\"space-organizations-8-archive-item-brand-logo box-40 text-center relative\">\r\n\t\t\t\t\t\t\t\t\t\t\t<div class=\"space-organizations-8-archive-item-brand-logo-ins relative\">\r\n\r\n\t\t\t\t\t\t\t\t\t\t\t\t\t\t\t\t\t\t\t\t\t\t\t\t\t<a href=\"https:\/\/www.feedbackcasino.com\/br\/cassinos\/stake-apostas-2\/\" title=\"Stake Apostas\">\r\n\t\t\t\t\t\t\t\t\t\t\t\t\t\t<img decoding=\"async\" width=\"135\" height=\"135\" src=\"https:\/\/www.feedbackcasino.com\/br\/wp-content\/uploads\/2024\/02\/stake-cassino-135x135.jpg\" class=\"attachment-mercury-135-135 size-mercury-135-135\" alt=\"Stake Apostas\" srcset=\"https:\/\/www.feedbackcasino.com\/br\/wp-content\/uploads\/2024\/02\/stake-cassino-135x135.jpg 135w, https:\/\/www.feedbackcasino.com\/br\/wp-content\/uploads\/2024\/02\/stake-cassino-150x150.jpg 150w, https:\/\/www.feedbackcasino.com\/br\/wp-content\/uploads\/2024\/02\/stake-cassino-40x40.jpg 40w, https:\/\/www.feedbackcasino.com\/br\/wp-content\/uploads\/2024\/02\/stake-cassino-50x50.jpg 50w, https:\/\/www.feedbackcasino.com\/br\/wp-content\/uploads\/2024\/02\/stake-cassino-100x100.jpg 100w, https:\/\/www.feedbackcasino.com\/br\/wp-content\/uploads\/2024\/02\/stake-cassino-120x120.jpg 120w, https:\/\/www.feedbackcasino.com\/br\/wp-content\/uploads\/2024\/02\/stake-cassino-32x32.jpg 32w, https:\/\/www.feedbackcasino.com\/br\/wp-content\/uploads\/2024\/02\/stake-cassino-80x80.jpg 80w, https:\/\/www.feedbackcasino.com\/br\/wp-content\/uploads\/2024\/02\/stake-cassino.jpg 270w\" sizes=\"(max-width: 135px) 100vw, 135px\" \/>\t\t\t\t\t\t\t\t\t\t\t\t\t<\/a>\r\n\t\t\t\t\t\t\t\t\t\t\t\t\r\n\t\t\t\t\t\t\t\t\t\t\t<\/div>\r\n\t\t\t\t\t\t\t\t\t\t<\/div>\r\n\t\t\t\t\t\t\t\t\t\t<div class=\"space-organizations-8-archive-item-brand-name text-center box-60 relative\">\r\n\t\t\t\t\t\t\t\t\t\t\t<div class=\"space-organizations-8-archive-item-brand-name-link box-100 relative\">\r\n\t\t\t\t\t\t\t\t\t\t\t\t<a href=\"https:\/\/www.feedbackcasino.com\/br\/cassinos\/stake-apostas-2\/\" title=\"Stake Apostas\">Stake Apostas<\/a>\r\n\t\t\t\t\t\t\t\t\t\t\t<\/div>\r\n\r\n\t\t\t\t\t\t\t\t\t\t\t\t\t\t\t\t\t\t\t\t\t\t\t<div class=\"space-organizations-8-archive-item-stars-rating relative\">\r\n\t\t\t\t\t\t\t\t\t\t\t\t\t<div class=\"star-rating\"><div class=\"star star-full\" aria-hidden=\"true\"><\/div><div class=\"star star-full\" aria-hidden=\"true\"><\/div><div class=\"star star-full\" aria-hidden=\"true\"><\/div><div class=\"star star-full\" aria-hidden=\"true\"><\/div><div class=\"star star-full\" aria-hidden=\"true\"><\/div><div class=\"star star-half\" aria-hidden=\"true\"><\/div><\/div>\t\t\t\t\t\t\t\t\t\t\t\t<\/div>\r\n\t\t\t\t\t\t\t\t\t\t\t\r\n\t\t\t\t\t\t\t\t\t\t<\/div>\r\n\t\t\t\t\t\t\t\t\t<\/div>\r\n\r\n\t\t\t\t\t\t\t<\/div>\r\n\t\t\t\t\t\t\t<div class=\"space-organizations-8-archive-item-central box-33 relative\">\r\n\t\t\t\t\t\t\t\t<div class=\"space-organizations-8-archive-item-ins-pd relative\">\r\n\t\t\t\t\t\t\t\t\t<div class=\"space-organizations-8-archive-item-terms box-100 relative\">\r\n\t\t\t\t\t\t\t\t\t\t<p>Aproveite o pacote de boas vindas de R$500,00 na Stake e os b\u00f4nus de indica\u00e7\u00e3o. N\u00e3o deixe essa oportunidade passar!<\/p>\t\t\t\t\t\t\t\t\t<\/div>\r\n\t\t\t\t\t\t\t\t<\/div>\r\n\t\t\t\t\t\t\t<\/div>\r\n\t\t\t\t\t\t\t<div class=\"space-organizations-8-archive-item-right box-33 relative\">\r\n\t\t\t\t\t\t\t\t\r\n\t\t\t\t\t\t\t\t\t<div class=\"space-organizations-8-archive-item-buttons box-100 relative\">\r\n\t\t\t\t\t\t\t\t\t\t<div class=\"space-organizations-8-archive-item-buttons-left box-50 text-center relative\">\r\n\r\n\t\t\t\t\t\t\t\t\t\t\t<div class=\"space-organizations-8-archive-item-button-one box-100 relative\">\r\n\t\t\t\t\t\t\t\t\t\t\t\t<a href=\"https:\/\/www.feedbackcasino.com\/br\/cassinos\/stake-apostas-2\/\" title=\"Ler An\u00e1lise\">Ler An\u00e1lise<\/a>\r\n\t\t\t\t\t\t\t\t\t\t\t<\/div>\r\n\r\n\t\t\t\t\t\t\t\t\t\t\t\r\n\t\t\t\t\t\t\t\t\t\t\t\r\n\t\t\t\t\t\t\t\t\t\t<\/div>\r\n\t\t\t\t\t\t\t\t\t\t<div class=\"space-organizations-8-archive-item-buttons-right box-50 text-center relative\">\r\n\t\t\t\t\t\t\t\t\t\t\t<div class=\"space-organizations-8-archive-item-button-two relative\">\r\n\t\t\t\t\t\t\t\t\t\t\t\t<a href=\"https:\/\/www.feedbackcasino.com\/br\/ir\/brazino777\/\" title=\"Jogue Agora\" target=\"_blank\" rel=\"nofollow\">Jogue Agora<\/a>\r\n\t\t\t\t\t\t\t\t\t\t\t<\/div>\r\n\t\t\t\t\t\t\t\t\t\t<\/div>\r\n\t\t\t\t\t\t\t\t\t<\/div>\r\n\t\t\t\t\t\t\t\r\n\t\t\t\t\t\t\t<\/div>\r\n\t\t\t\t\t\t<\/div>\r\n\r\n\t\t\t\t\t\t\t\t\t\t\t\t\r\n\t\t\t\t\t<\/div>\r\n\t\t\t\t<\/div>\r\n\r\n\t\t\t\t\r\n\t\t\t\t<div class=\"space-organizations-8-archive-item box-100 relative\">\r\n\t\t\t\t\t<div class=\"space-organizations-8-archive-item-ins relative\">\r\n\t\t\t\t\t\t<div class=\"space-organizations-8-archive-item-bg box-100 relative\">\r\n\t\t\t\t\t\t\t<div class=\"space-organizations-8-archive-item-left box-33 relative\">\r\n\r\n\t\t\t\t\t\t\t\t\t<div class=\"space-organizations-8-archive-item-brand box-100 relative\">\r\n\t\t\t\t\t\t\t\t\t\t<div class=\"space-organizations-8-archive-item-brand-logo box-40 text-center relative\">\r\n\t\t\t\t\t\t\t\t\t\t\t<div class=\"space-organizations-8-archive-item-brand-logo-ins relative\">\r\n\r\n\t\t\t\t\t\t\t\t\t\t\t\t\t\t\t\t\t\t\t\t\t\t\t\t\t<a href=\"https:\/\/www.feedbackcasino.com\/br\/cassinos\/superbet\/\" title=\"Superbet\">\r\n\t\t\t\t\t\t\t\t\t\t\t\t\t\t<img loading=\"lazy\" decoding=\"async\" width=\"135\" height=\"135\" src=\"https:\/\/www.feedbackcasino.com\/br\/wp-content\/uploads\/2024\/08\/download-1-135x135.png\" class=\"attachment-mercury-135-135 size-mercury-135-135\" alt=\"Superbet\" srcset=\"https:\/\/www.feedbackcasino.com\/br\/wp-content\/uploads\/2024\/08\/download-1-135x135.png 135w, https:\/\/www.feedbackcasino.com\/br\/wp-content\/uploads\/2024\/08\/download-1-150x150.png 150w, https:\/\/www.feedbackcasino.com\/br\/wp-content\/uploads\/2024\/08\/download-1-40x40.png 40w, https:\/\/www.feedbackcasino.com\/br\/wp-content\/uploads\/2024\/08\/download-1-50x50.png 50w, https:\/\/www.feedbackcasino.com\/br\/wp-content\/uploads\/2024\/08\/download-1-100x100.png 100w, https:\/\/www.feedbackcasino.com\/br\/wp-content\/uploads\/2024\/08\/download-1-120x120.png 120w, https:\/\/www.feedbackcasino.com\/br\/wp-content\/uploads\/2024\/08\/download-1-32x32.png 32w, https:\/\/www.feedbackcasino.com\/br\/wp-content\/uploads\/2024\/08\/download-1-80x80.png 80w, https:\/\/www.feedbackcasino.com\/br\/wp-content\/uploads\/2024\/08\/download-1.png 225w\" sizes=\"(max-width: 135px) 100vw, 135px\" \/>\t\t\t\t\t\t\t\t\t\t\t\t\t<\/a>\r\n\t\t\t\t\t\t\t\t\t\t\t\t\r\n\t\t\t\t\t\t\t\t\t\t\t<\/div>\r\n\t\t\t\t\t\t\t\t\t\t<\/div>\r\n\t\t\t\t\t\t\t\t\t\t<div class=\"space-organizations-8-archive-item-brand-name text-center box-60 relative\">\r\n\t\t\t\t\t\t\t\t\t\t\t<div class=\"space-organizations-8-archive-item-brand-name-link box-100 relative\">\r\n\t\t\t\t\t\t\t\t\t\t\t\t<a href=\"https:\/\/www.feedbackcasino.com\/br\/cassinos\/superbet\/\" title=\"Superbet\">Superbet<\/a>\r\n\t\t\t\t\t\t\t\t\t\t\t<\/div>\r\n\r\n\t\t\t\t\t\t\t\t\t\t\t\t\t\t\t\t\t\t\t\t\t\t\t<div class=\"space-organizations-8-archive-item-stars-rating relative\">\r\n\t\t\t\t\t\t\t\t\t\t\t\t\t<div class=\"star-rating\"><div class=\"star star-full\" aria-hidden=\"true\"><\/div><div class=\"star star-full\" aria-hidden=\"true\"><\/div><div class=\"star star-full\" aria-hidden=\"true\"><\/div><div class=\"star star-full\" aria-hidden=\"true\"><\/div><div class=\"star star-full\" aria-hidden=\"true\"><\/div><div class=\"star star-half\" aria-hidden=\"true\"><\/div><\/div>\t\t\t\t\t\t\t\t\t\t\t\t<\/div>\r\n\t\t\t\t\t\t\t\t\t\t\t\r\n\t\t\t\t\t\t\t\t\t\t<\/div>\r\n\t\t\t\t\t\t\t\t\t<\/div>\r\n\r\n\t\t\t\t\t\t\t<\/div>\r\n\t\t\t\t\t\t\t<div class=\"space-organizations-8-archive-item-central box-33 relative\">\r\n\t\t\t\t\t\t\t\t<div class=\"space-organizations-8-archive-item-ins-pd relative\">\r\n\t\t\t\t\t\t\t\t\t<div class=\"space-organizations-8-archive-item-terms box-100 relative\">\r\n\t\t\t\t\t\t\t\t\t\t<p>Aproveite o b\u00f4nus de boas-vindas de at\u00e9 R$ 500 para novos usu\u00e1rios e desfrute de outras promo\u00e7\u00f5es em <a href=\"https:\/\/www.feedbackcasino.com\/br\/jogos-de-cassino-online\/\" data-internallinksmanager029f6b8e52c=\"8\" title=\"Jogos de Cassino Online\">jogos online<\/a>!! N\u00e3o fique de fora dessa.<\/p>\t\t\t\t\t\t\t\t\t<\/div>\r\n\t\t\t\t\t\t\t\t<\/div>\r\n\t\t\t\t\t\t\t<\/div>\r\n\t\t\t\t\t\t\t<div class=\"space-organizations-8-archive-item-right box-33 relative\">\r\n\t\t\t\t\t\t\t\t\r\n\t\t\t\t\t\t\t\t\t<div class=\"space-organizations-8-archive-item-buttons box-100 relative\">\r\n\t\t\t\t\t\t\t\t\t\t<div class=\"space-organizations-8-archive-item-buttons-left box-50 text-center relative\">\r\n\r\n\t\t\t\t\t\t\t\t\t\t\t<div class=\"space-organizations-8-archive-item-button-one box-100 relative\">\r\n\t\t\t\t\t\t\t\t\t\t\t\t<a href=\"https:\/\/www.feedbackcasino.com\/br\/cassinos\/superbet\/\" title=\"Ler An\u00e1lise\">Ler An\u00e1lise<\/a>\r\n\t\t\t\t\t\t\t\t\t\t\t<\/div>\r\n\r\n\t\t\t\t\t\t\t\t\t\t\t\r\n\t\t\t\t\t\t\t\t\t\t\t\r\n\t\t\t\t\t\t\t\t\t\t<\/div>\r\n\t\t\t\t\t\t\t\t\t\t<div class=\"space-organizations-8-archive-item-buttons-right box-50 text-center relative\">\r\n\t\t\t\t\t\t\t\t\t\t\t<div class=\"space-organizations-8-archive-item-button-two relative\">\r\n\t\t\t\t\t\t\t\t\t\t\t\t<a href=\"https:\/\/www.feedbackcasino.com\/br\/ir\/superbet\/\" title=\"Jogue Agora\" target=\"_blank\" rel=\"nofollow\">Jogue Agora<\/a>\r\n\t\t\t\t\t\t\t\t\t\t\t<\/div>\r\n\t\t\t\t\t\t\t\t\t\t<\/div>\r\n\t\t\t\t\t\t\t\t\t<\/div>\r\n\t\t\t\t\t\t\t\r\n\t\t\t\t\t\t\t<\/div>\r\n\t\t\t\t\t\t<\/div>\r\n\r\n\t\t\t\t\t\t\t\t\t\t\t\t\r\n\t\t\t\t\t<\/div>\r\n\t\t\t\t<\/div>\r\n\r\n\t\t\t\t\r\n\t\t\t<\/div>\r\n\t\t\r\n\t\t<\/div>\r\n\t<\/div>\r\n\r\n\n\n\n\n<p><\/p>\n\n\n\n<p>Tamb\u00e9m agradecemos o feedback em nosso site. Se voc\u00ea tiver alguma sugest\u00e3o sobre como podemos melhorar, ou se voc\u00ea encontrou algum problema ao usar nosso site, por favor, nos informe. Seu feedback nos ajuda a proporcionar uma melhor experi\u00eancia para o usu\u00e1rio.<\/p>\n\n\n\n<p>Al\u00e9m disso, se voc\u00ea \u00e9 propriet\u00e1rio de um cassino ou um representante e gostaria de solicitar uma revis\u00e3o de seu cassino ou atualizar qualquer informa\u00e7\u00e3o, por favor sinta-se \u00e0 vontade para entrar em contato conosco. Estamos sempre procurando expandir nosso banco de dados e fornecer aos nossos usu\u00e1rios as informa\u00e7\u00f5es mais precisas e atualizadas.<\/p>\n","protected":false},"excerpt":{"rendered":"<p>Obrigado por visitar nosso site! Valorizamos seus coment\u00e1rios e sugest\u00f5es. Por favor, utilize o formul\u00e1rio abaixo para entrar em contato conosco e entraremos em contato o mais r\u00e1pido poss\u00edvel. Quer voc\u00ea tenha uma pergunta, uma sugest\u00e3o ou uma preocupa\u00e7\u00e3o, n\u00f3s estamos aqui para ajud\u00e1-lo. Entendemos que a navega\u00e7\u00e3o no mundo dos cassinos on-line pode ser [&hellip;]<\/p>\n","protected":false},"author":3,"featured_media":0,"parent":0,"menu_order":0,"comment_status":"open","ping_status":"closed","template":"page-no-sidebar.php","meta":{"_acf_changed":false,"footnotes":"","_glsr_average":0,"_glsr_ranking":0,"_glsr_reviews":0},"acf":[],"_links":{"self":[{"href":"https:\/\/www.feedbackcasino.com\/br\/wp-json\/wp\/v2\/pages\/435"}],"collection":[{"href":"https:\/\/www.feedbackcasino.com\/br\/wp-json\/wp\/v2\/pages"}],"about":[{"href":"https:\/\/www.feedbackcasino.com\/br\/wp-json\/wp\/v2\/types\/page"}],"author":[{"embeddable":true,"href":"https:\/\/www.feedbackcasino.com\/br\/wp-json\/wp\/v2\/users\/3"}],"replies":[{"embeddable":true,"href":"https:\/\/www.feedbackcasino.com\/br\/wp-json\/wp\/v2\/comments?post=435"}],"version-history":[{"count":2,"href":"https:\/\/www.feedbackcasino.com\/br\/wp-json\/wp\/v2\/pages\/435\/revisions"}],"predecessor-version":[{"id":5114,"href":"https:\/\/www.feedbackcasino.com\/br\/wp-json\/wp\/v2\/pages\/435\/revisions\/5114"}],"wp:attachment":[{"href":"https:\/\/www.feedbackcasino.com\/br\/wp-json\/wp\/v2\/media?parent=435"}],"curies":[{"name":"wp","href":"https:\/\/api.w.org\/{rel}","templated":true}]}}