{"id":265,"date":"2022-11-10T14:32:49","date_gmt":"2022-11-10T14:32:49","guid":{"rendered":"https:\/\/export.mercurytheme.com\/001\/?page_id=265"},"modified":"2024-07-15T00:23:22","modified_gmt":"2024-07-15T03:23:22","slug":"termos-e-condicoes","status":"publish","type":"page","link":"https:\/\/www.feedbackcasino.com\/br\/termos-e-condicoes\/","title":{"rendered":"Termos e Condi\u00e7\u00f5es"},"content":{"rendered":"\n<h2 class=\"wp-block-heading\">Aviso Legal<\/h2>\n\n\n\n<p>Feedback Casino \u00e9 um guia para cassinos onlines que fornece suporte quando voc\u00ea quer jogar. Oferecemos, principalmente, revis\u00f5es para <a href=\"https:\/\/www.feedbackcasino.com\/br\/cassinos-online\/\" data-internallinksmanager029f6b8e52c=\"4\" title=\"melhor cassino online\">os melhores cassinos online<\/a>. <\/p>\n\n\n\n<p>Feedback Casino n\u00e3o \u00e9 um operador de cassino, nossa miss\u00e3o \u00e9 fornecer informa\u00e7\u00f5es relevantes e importantes sobre o mundo do jogo e opini\u00f5es imparciais sobre cassinos.<\/p>\n\n\n\n<h2 class=\"wp-block-heading\">Descubra nossa equipe<\/h2>\n\n\n\n<p>Nossa equipe tem seus escrit\u00f3rios em: 39 Fountain Street, Valletta, Malta.<br>Voc\u00ea pode saber mais sobre a hist\u00f3ria do Feedback Casino nesta p\u00e1gina, e voc\u00ea tamb\u00e9m pode conhecer os membros da nossa equipe.<\/p>\n\n\n\n<h2 class=\"wp-block-heading\">Leis aplic\u00e1veis<\/h2>\n\n\n\n<p>Antes de registrar-se em um cassino online ou visitar um cassino f\u00edsico, lembramos que \u00e9 importante que voc\u00ea conhe\u00e7a as leis que regem o jogo do pa\u00eds onde voc\u00ea reside. Voc\u00ea tamb\u00e9m ter\u00e1 que ter idade legal para poder apostar.<\/p>\n\n\n\n<h2 class=\"wp-block-heading\">Pol\u00edtica de Privacidade<\/h2>\n\n\n\n<p>Feedback Casino oferece esta declara\u00e7\u00e3o de privacidade para apresentar seus compromissos em rela\u00e7\u00e3o \u00e0 coleta e divulga\u00e7\u00e3o de informa\u00e7\u00f5es pessoais. Se voc\u00ea tiver alguma d\u00favida sobre ela, pode entrar em contato atrav\u00e9s do formul\u00e1rio de contato e solicitar mais informa\u00e7\u00f5es.<\/p>\n\n\n\n<h2 class=\"wp-block-heading\">Confidencialidade dos dados pessoais<\/h2>\n\n\n\n<p>Feedback Casino se compromete a n\u00e3o vender, alugar, permutar ou emprestar qualquer informa\u00e7\u00e3o pessoal que seja coletada no site, ou atrav\u00e9s do formul\u00e1rio de registro.<\/p>\n\n\n\n<h2 class=\"wp-block-heading\">An\u00e1lise do registro<\/h2>\n\n\n\n<p>Para melhorar o conte\u00fado do site, Feedback Casino analisa seus registros de uso. Estes n\u00e3o s\u00e3o pessoalmente identific\u00e1veis, e tamb\u00e9m n\u00e3o tentamos vincul\u00e1-los a nenhum usu\u00e1rio espec\u00edfico que visite o site.<\/p>\n\n\n\n<h2 class=\"wp-block-heading\">Publicidade<\/h2>\n\n\n\n<p>Feedback Casino pode fazer propaganda usando um programa interno que respeita as regras de confidencialidade estabelecidas nesta p\u00e1gina da web.<\/p>\n\n\n\r\n\t<div class=\"space-shortcode-wrap space-shortcode-11 relative\">\r\n\t\t<div class=\"space-shortcode-wrap-ins relative\">\r\n\r\n\t\t\t\t\t\t<div class=\"space-block-title relative\">\r\n\t\t\t\t<span>Top Cassinos Online<\/span>\r\n\t\t\t<\/div>\r\n\t\t\t\r\n\t\t\t<div class=\"space-organizations-7-archive-items box-100 relative\">\r\n\r\n\t\t\t\t\r\n\t\t\t\t<div class=\"space-organizations-8-archive-item box-100 relative\">\r\n\t\t\t\t\t<div class=\"space-organizations-8-archive-item-ins relative\">\r\n\t\t\t\t\t\t<div class=\"space-organizations-8-archive-item-bg box-100 relative\">\r\n\t\t\t\t\t\t\t<div class=\"space-organizations-8-archive-item-left box-33 relative\">\r\n\r\n\t\t\t\t\t\t\t\t\t<div class=\"space-organizations-8-archive-item-brand box-100 relative\">\r\n\t\t\t\t\t\t\t\t\t\t<div class=\"space-organizations-8-archive-item-brand-logo box-40 text-center relative\">\r\n\t\t\t\t\t\t\t\t\t\t\t<div class=\"space-organizations-8-archive-item-brand-logo-ins relative\">\r\n\r\n\t\t\t\t\t\t\t\t\t\t\t\t\t\t\t\t\t\t\t\t\t\t\t\t\t<a href=\"https:\/\/www.feedbackcasino.com\/br\/cassinos\/bet7k-apostas\/\" title=\"BET7K\">\r\n\t\t\t\t\t\t\t\t\t\t\t\t\t\t<img decoding=\"async\" width=\"135\" height=\"135\" src=\"https:\/\/www.feedbackcasino.com\/br\/wp-content\/uploads\/2024\/02\/bet7k-135x135.jpg\" class=\"attachment-mercury-135-135 size-mercury-135-135\" alt=\"BET7K\" srcset=\"https:\/\/www.feedbackcasino.com\/br\/wp-content\/uploads\/2024\/02\/bet7k-135x135.jpg 135w, https:\/\/www.feedbackcasino.com\/br\/wp-content\/uploads\/2024\/02\/bet7k-150x150.jpg 150w, https:\/\/www.feedbackcasino.com\/br\/wp-content\/uploads\/2024\/02\/bet7k-40x40.jpg 40w, https:\/\/www.feedbackcasino.com\/br\/wp-content\/uploads\/2024\/02\/bet7k-50x50.jpg 50w, https:\/\/www.feedbackcasino.com\/br\/wp-content\/uploads\/2024\/02\/bet7k-100x100.jpg 100w, https:\/\/www.feedbackcasino.com\/br\/wp-content\/uploads\/2024\/02\/bet7k-120x120.jpg 120w, https:\/\/www.feedbackcasino.com\/br\/wp-content\/uploads\/2024\/02\/bet7k-32x32.jpg 32w, https:\/\/www.feedbackcasino.com\/br\/wp-content\/uploads\/2024\/02\/bet7k-80x80.jpg 80w, https:\/\/www.feedbackcasino.com\/br\/wp-content\/uploads\/2024\/02\/bet7k.jpg 270w\" sizes=\"(max-width: 135px) 100vw, 135px\" \/>\t\t\t\t\t\t\t\t\t\t\t\t\t<\/a>\r\n\t\t\t\t\t\t\t\t\t\t\t\t\r\n\t\t\t\t\t\t\t\t\t\t\t<\/div>\r\n\t\t\t\t\t\t\t\t\t\t<\/div>\r\n\t\t\t\t\t\t\t\t\t\t<div class=\"space-organizations-8-archive-item-brand-name text-center box-60 relative\">\r\n\t\t\t\t\t\t\t\t\t\t\t<div class=\"space-organizations-8-archive-item-brand-name-link box-100 relative\">\r\n\t\t\t\t\t\t\t\t\t\t\t\t<a href=\"https:\/\/www.feedbackcasino.com\/br\/cassinos\/bet7k-apostas\/\" title=\"BET7K\">BET7K<\/a>\r\n\t\t\t\t\t\t\t\t\t\t\t<\/div>\r\n\r\n\t\t\t\t\t\t\t\t\t\t\t\t\t\t\t\t\t\t\t\t\t\t\t<div class=\"space-organizations-8-archive-item-stars-rating relative\">\r\n\t\t\t\t\t\t\t\t\t\t\t\t\t<div class=\"star-rating\"><div class=\"star star-full\" aria-hidden=\"true\"><\/div><div class=\"star star-full\" aria-hidden=\"true\"><\/div><div class=\"star star-full\" aria-hidden=\"true\"><\/div><div class=\"star star-full\" aria-hidden=\"true\"><\/div><div class=\"star star-full\" aria-hidden=\"true\"><\/div><div class=\"star star-full\" aria-hidden=\"true\"><\/div><\/div>\t\t\t\t\t\t\t\t\t\t\t\t<\/div>\r\n\t\t\t\t\t\t\t\t\t\t\t\r\n\t\t\t\t\t\t\t\t\t\t<\/div>\r\n\t\t\t\t\t\t\t\t\t<\/div>\r\n\r\n\t\t\t\t\t\t\t<\/div>\r\n\t\t\t\t\t\t\t<div class=\"space-organizations-8-archive-item-central box-33 relative\">\r\n\t\t\t\t\t\t\t\t<div class=\"space-organizations-8-archive-item-ins-pd relative\">\r\n\t\t\t\t\t\t\t\t\t<div class=\"space-organizations-8-archive-item-terms box-100 relative\">\r\n\t\t\t\t\t\t\t\t\t\t<p>Com <a href=\"https:\/\/www.feedbackcasino.com\/br\/melhores-bonus\/\" data-internallinksmanager029f6b8e52c=\"2\" title=\"B\u00f4nus\">b\u00f4nus<\/a> de boas vindas de R$7.000 a Bet7k \u00e9 <a href=\"https:\/\/www.feedbackcasino.com\/br\/casa-de-apostas\/\" data-internallinksmanager029f6b8e52c=\"3\" title=\"Casas de Apostas\">casa de apostas<\/a> dos brasileiros! Fa\u00e7a seu dep\u00f3sito m\u00ednimo de R$30,00 e aproveite!<\/p>\t\t\t\t\t\t\t\t\t<\/div>\r\n\t\t\t\t\t\t\t\t<\/div>\r\n\t\t\t\t\t\t\t<\/div>\r\n\t\t\t\t\t\t\t<div class=\"space-organizations-8-archive-item-right box-33 relative\">\r\n\t\t\t\t\t\t\t\t\r\n\t\t\t\t\t\t\t\t\t<div class=\"space-organizations-8-archive-item-buttons box-100 relative\">\r\n\t\t\t\t\t\t\t\t\t\t<div class=\"space-organizations-8-archive-item-buttons-left box-50 text-center relative\">\r\n\r\n\t\t\t\t\t\t\t\t\t\t\t<div class=\"space-organizations-8-archive-item-button-one box-100 relative\">\r\n\t\t\t\t\t\t\t\t\t\t\t\t<a href=\"https:\/\/www.feedbackcasino.com\/br\/cassinos\/bet7k-apostas\/\" title=\"Ler An\u00e1lise\">Ler An\u00e1lise<\/a>\r\n\t\t\t\t\t\t\t\t\t\t\t<\/div>\r\n\r\n\t\t\t\t\t\t\t\t\t\t\t\r\n\t\t\t\t\t\t\t\t\t\t\t\r\n\t\t\t\t\t\t\t\t\t\t<\/div>\r\n\t\t\t\t\t\t\t\t\t\t<div class=\"space-organizations-8-archive-item-buttons-right box-50 text-center relative\">\r\n\t\t\t\t\t\t\t\t\t\t\t<div class=\"space-organizations-8-archive-item-button-two relative\">\r\n\t\t\t\t\t\t\t\t\t\t\t\t<a href=\"https:\/\/www.feedbackcasino.com\/br\/ir\/bet7k\/\" title=\"Jogue Agora\" target=\"_blank\" rel=\"nofollow\">Jogue Agora<\/a>\r\n\t\t\t\t\t\t\t\t\t\t\t<\/div>\r\n\t\t\t\t\t\t\t\t\t\t<\/div>\r\n\t\t\t\t\t\t\t\t\t<\/div>\r\n\t\t\t\t\t\t\t\r\n\t\t\t\t\t\t\t<\/div>\r\n\t\t\t\t\t\t<\/div>\r\n\r\n\t\t\t\t\t\t\t\t\t\t\t\t\r\n\t\t\t\t\t<\/div>\r\n\t\t\t\t<\/div>\r\n\r\n\t\t\t\t\r\n\t\t\t\t<div class=\"space-organizations-8-archive-item box-100 relative\">\r\n\t\t\t\t\t<div class=\"space-organizations-8-archive-item-ins relative\">\r\n\t\t\t\t\t\t<div class=\"space-organizations-8-archive-item-bg box-100 relative\">\r\n\t\t\t\t\t\t\t<div class=\"space-organizations-8-archive-item-left box-33 relative\">\r\n\r\n\t\t\t\t\t\t\t\t\t<div class=\"space-organizations-8-archive-item-brand box-100 relative\">\r\n\t\t\t\t\t\t\t\t\t\t<div class=\"space-organizations-8-archive-item-brand-logo box-40 text-center relative\">\r\n\t\t\t\t\t\t\t\t\t\t\t<div class=\"space-organizations-8-archive-item-brand-logo-ins relative\">\r\n\r\n\t\t\t\t\t\t\t\t\t\t\t\t\t\t\t\t\t\t\t\t\t\t\t\t\t<a href=\"https:\/\/www.feedbackcasino.com\/br\/cassinos\/betao\/\" title=\"Bet\u00e3o\">\r\n\t\t\t\t\t\t\t\t\t\t\t\t\t\t<img decoding=\"async\" width=\"135\" height=\"135\" src=\"https:\/\/www.feedbackcasino.com\/br\/wp-content\/uploads\/2024\/08\/Logos-Cassinos-1-135x135.jpg\" class=\"attachment-mercury-135-135 size-mercury-135-135\" alt=\"Bet\u00e3o\" srcset=\"https:\/\/www.feedbackcasino.com\/br\/wp-content\/uploads\/2024\/08\/Logos-Cassinos-1-135x135.jpg 135w, https:\/\/www.feedbackcasino.com\/br\/wp-content\/uploads\/2024\/08\/Logos-Cassinos-1-150x150.jpg 150w, https:\/\/www.feedbackcasino.com\/br\/wp-content\/uploads\/2024\/08\/Logos-Cassinos-1-40x40.jpg 40w, https:\/\/www.feedbackcasino.com\/br\/wp-content\/uploads\/2024\/08\/Logos-Cassinos-1-50x50.jpg 50w, https:\/\/www.feedbackcasino.com\/br\/wp-content\/uploads\/2024\/08\/Logos-Cassinos-1-100x100.jpg 100w, https:\/\/www.feedbackcasino.com\/br\/wp-content\/uploads\/2024\/08\/Logos-Cassinos-1-120x120.jpg 120w, https:\/\/www.feedbackcasino.com\/br\/wp-content\/uploads\/2024\/08\/Logos-Cassinos-1-32x32.jpg 32w, https:\/\/www.feedbackcasino.com\/br\/wp-content\/uploads\/2024\/08\/Logos-Cassinos-1-80x80.jpg 80w, https:\/\/www.feedbackcasino.com\/br\/wp-content\/uploads\/2024\/08\/Logos-Cassinos-1.jpg 270w\" sizes=\"(max-width: 135px) 100vw, 135px\" \/>\t\t\t\t\t\t\t\t\t\t\t\t\t<\/a>\r\n\t\t\t\t\t\t\t\t\t\t\t\t\r\n\t\t\t\t\t\t\t\t\t\t\t<\/div>\r\n\t\t\t\t\t\t\t\t\t\t<\/div>\r\n\t\t\t\t\t\t\t\t\t\t<div class=\"space-organizations-8-archive-item-brand-name text-center box-60 relative\">\r\n\t\t\t\t\t\t\t\t\t\t\t<div class=\"space-organizations-8-archive-item-brand-name-link box-100 relative\">\r\n\t\t\t\t\t\t\t\t\t\t\t\t<a href=\"https:\/\/www.feedbackcasino.com\/br\/cassinos\/betao\/\" title=\"Bet\u00e3o\">Bet\u00e3o<\/a>\r\n\t\t\t\t\t\t\t\t\t\t\t<\/div>\r\n\r\n\t\t\t\t\t\t\t\t\t\t\t\t\t\t\t\t\t\t\t\t\t\t\t<div class=\"space-organizations-8-archive-item-stars-rating relative\">\r\n\t\t\t\t\t\t\t\t\t\t\t\t\t<div class=\"star-rating\"><div class=\"star star-full\" aria-hidden=\"true\"><\/div><div class=\"star star-full\" aria-hidden=\"true\"><\/div><div class=\"star star-full\" aria-hidden=\"true\"><\/div><div class=\"star star-full\" aria-hidden=\"true\"><\/div><div class=\"star star-full\" aria-hidden=\"true\"><\/div><div class=\"star star-half\" aria-hidden=\"true\"><\/div><\/div>\t\t\t\t\t\t\t\t\t\t\t\t<\/div>\r\n\t\t\t\t\t\t\t\t\t\t\t\r\n\t\t\t\t\t\t\t\t\t\t<\/div>\r\n\t\t\t\t\t\t\t\t\t<\/div>\r\n\r\n\t\t\t\t\t\t\t<\/div>\r\n\t\t\t\t\t\t\t<div class=\"space-organizations-8-archive-item-central box-33 relative\">\r\n\t\t\t\t\t\t\t\t<div class=\"space-organizations-8-archive-item-ins-pd relative\">\r\n\t\t\t\t\t\t\t\t\t<div class=\"space-organizations-8-archive-item-terms box-100 relative\">\r\n\t\t\t\t\t\t\t\t\t\t<p>Aproveite o pacote de boas vindas da Bet\u00e3o de R$3.000,00 e dobra sua recarga em 100%. A plataforma tamb\u00e9m entrega diversos outros b\u00f4nus para seus usu\u00e1rios, n\u00e3o perca essa chance!\u00a0<\/p>\t\t\t\t\t\t\t\t\t<\/div>\r\n\t\t\t\t\t\t\t\t<\/div>\r\n\t\t\t\t\t\t\t<\/div>\r\n\t\t\t\t\t\t\t<div class=\"space-organizations-8-archive-item-right box-33 relative\">\r\n\t\t\t\t\t\t\t\t\r\n\t\t\t\t\t\t\t\t\t<div class=\"space-organizations-8-archive-item-buttons box-100 relative\">\r\n\t\t\t\t\t\t\t\t\t\t<div class=\"space-organizations-8-archive-item-buttons-left box-50 text-center relative\">\r\n\r\n\t\t\t\t\t\t\t\t\t\t\t<div class=\"space-organizations-8-archive-item-button-one box-100 relative\">\r\n\t\t\t\t\t\t\t\t\t\t\t\t<a href=\"https:\/\/www.feedbackcasino.com\/br\/cassinos\/betao\/\" title=\"Ler An\u00e1lise\">Ler An\u00e1lise<\/a>\r\n\t\t\t\t\t\t\t\t\t\t\t<\/div>\r\n\r\n\t\t\t\t\t\t\t\t\t\t\t\r\n\t\t\t\t\t\t\t\t\t\t\t\r\n\t\t\t\t\t\t\t\t\t\t<\/div>\r\n\t\t\t\t\t\t\t\t\t\t<div class=\"space-organizations-8-archive-item-buttons-right box-50 text-center relative\">\r\n\t\t\t\t\t\t\t\t\t\t\t<div class=\"space-organizations-8-archive-item-button-two relative\">\r\n\t\t\t\t\t\t\t\t\t\t\t\t<a href=\"https:\/\/www.feedbackcasino.com\/br\/ir\/brazino777\/\" title=\"Jogue Agora\" target=\"_blank\" rel=\"nofollow\">Jogue Agora<\/a>\r\n\t\t\t\t\t\t\t\t\t\t\t<\/div>\r\n\t\t\t\t\t\t\t\t\t\t<\/div>\r\n\t\t\t\t\t\t\t\t\t<\/div>\r\n\t\t\t\t\t\t\t\r\n\t\t\t\t\t\t\t<\/div>\r\n\t\t\t\t\t\t<\/div>\r\n\r\n\t\t\t\t\t\t\t\t\t\t\t\t\r\n\t\t\t\t\t<\/div>\r\n\t\t\t\t<\/div>\r\n\r\n\t\t\t\t\r\n\t\t\t\t<div class=\"space-organizations-8-archive-item box-100 relative\">\r\n\t\t\t\t\t<div class=\"space-organizations-8-archive-item-ins relative\">\r\n\t\t\t\t\t\t<div class=\"space-organizations-8-archive-item-bg box-100 relative\">\r\n\t\t\t\t\t\t\t<div class=\"space-organizations-8-archive-item-left box-33 relative\">\r\n\r\n\t\t\t\t\t\t\t\t\t<div class=\"space-organizations-8-archive-item-brand box-100 relative\">\r\n\t\t\t\t\t\t\t\t\t\t<div class=\"space-organizations-8-archive-item-brand-logo box-40 text-center relative\">\r\n\t\t\t\t\t\t\t\t\t\t\t<div class=\"space-organizations-8-archive-item-brand-logo-ins relative\">\r\n\r\n\t\t\t\t\t\t\t\t\t\t\t\t\t\t\t\t\t\t\t\t\t\t\t\t\t<a href=\"https:\/\/www.feedbackcasino.com\/br\/cassinos\/stake-apostas-2\/\" title=\"Stake Apostas\">\r\n\t\t\t\t\t\t\t\t\t\t\t\t\t\t<img decoding=\"async\" width=\"135\" height=\"135\" src=\"https:\/\/www.feedbackcasino.com\/br\/wp-content\/uploads\/2024\/02\/stake-cassino-135x135.jpg\" class=\"attachment-mercury-135-135 size-mercury-135-135\" alt=\"Stake Apostas\" srcset=\"https:\/\/www.feedbackcasino.com\/br\/wp-content\/uploads\/2024\/02\/stake-cassino-135x135.jpg 135w, https:\/\/www.feedbackcasino.com\/br\/wp-content\/uploads\/2024\/02\/stake-cassino-150x150.jpg 150w, https:\/\/www.feedbackcasino.com\/br\/wp-content\/uploads\/2024\/02\/stake-cassino-40x40.jpg 40w, https:\/\/www.feedbackcasino.com\/br\/wp-content\/uploads\/2024\/02\/stake-cassino-50x50.jpg 50w, https:\/\/www.feedbackcasino.com\/br\/wp-content\/uploads\/2024\/02\/stake-cassino-100x100.jpg 100w, https:\/\/www.feedbackcasino.com\/br\/wp-content\/uploads\/2024\/02\/stake-cassino-120x120.jpg 120w, https:\/\/www.feedbackcasino.com\/br\/wp-content\/uploads\/2024\/02\/stake-cassino-32x32.jpg 32w, https:\/\/www.feedbackcasino.com\/br\/wp-content\/uploads\/2024\/02\/stake-cassino-80x80.jpg 80w, https:\/\/www.feedbackcasino.com\/br\/wp-content\/uploads\/2024\/02\/stake-cassino.jpg 270w\" sizes=\"(max-width: 135px) 100vw, 135px\" \/>\t\t\t\t\t\t\t\t\t\t\t\t\t<\/a>\r\n\t\t\t\t\t\t\t\t\t\t\t\t\r\n\t\t\t\t\t\t\t\t\t\t\t<\/div>\r\n\t\t\t\t\t\t\t\t\t\t<\/div>\r\n\t\t\t\t\t\t\t\t\t\t<div class=\"space-organizations-8-archive-item-brand-name text-center box-60 relative\">\r\n\t\t\t\t\t\t\t\t\t\t\t<div class=\"space-organizations-8-archive-item-brand-name-link box-100 relative\">\r\n\t\t\t\t\t\t\t\t\t\t\t\t<a href=\"https:\/\/www.feedbackcasino.com\/br\/cassinos\/stake-apostas-2\/\" title=\"Stake Apostas\">Stake Apostas<\/a>\r\n\t\t\t\t\t\t\t\t\t\t\t<\/div>\r\n\r\n\t\t\t\t\t\t\t\t\t\t\t\t\t\t\t\t\t\t\t\t\t\t\t<div class=\"space-organizations-8-archive-item-stars-rating relative\">\r\n\t\t\t\t\t\t\t\t\t\t\t\t\t<div class=\"star-rating\"><div class=\"star star-full\" aria-hidden=\"true\"><\/div><div class=\"star star-full\" aria-hidden=\"true\"><\/div><div class=\"star star-full\" aria-hidden=\"true\"><\/div><div class=\"star star-full\" aria-hidden=\"true\"><\/div><div class=\"star star-full\" aria-hidden=\"true\"><\/div><div class=\"star star-half\" aria-hidden=\"true\"><\/div><\/div>\t\t\t\t\t\t\t\t\t\t\t\t<\/div>\r\n\t\t\t\t\t\t\t\t\t\t\t\r\n\t\t\t\t\t\t\t\t\t\t<\/div>\r\n\t\t\t\t\t\t\t\t\t<\/div>\r\n\r\n\t\t\t\t\t\t\t<\/div>\r\n\t\t\t\t\t\t\t<div class=\"space-organizations-8-archive-item-central box-33 relative\">\r\n\t\t\t\t\t\t\t\t<div class=\"space-organizations-8-archive-item-ins-pd relative\">\r\n\t\t\t\t\t\t\t\t\t<div class=\"space-organizations-8-archive-item-terms box-100 relative\">\r\n\t\t\t\t\t\t\t\t\t\t<p>Aproveite o pacote de boas vindas de R$500,00 na Stake e os b\u00f4nus de indica\u00e7\u00e3o. N\u00e3o deixe essa oportunidade passar!<\/p>\t\t\t\t\t\t\t\t\t<\/div>\r\n\t\t\t\t\t\t\t\t<\/div>\r\n\t\t\t\t\t\t\t<\/div>\r\n\t\t\t\t\t\t\t<div class=\"space-organizations-8-archive-item-right box-33 relative\">\r\n\t\t\t\t\t\t\t\t\r\n\t\t\t\t\t\t\t\t\t<div class=\"space-organizations-8-archive-item-buttons box-100 relative\">\r\n\t\t\t\t\t\t\t\t\t\t<div class=\"space-organizations-8-archive-item-buttons-left box-50 text-center relative\">\r\n\r\n\t\t\t\t\t\t\t\t\t\t\t<div class=\"space-organizations-8-archive-item-button-one box-100 relative\">\r\n\t\t\t\t\t\t\t\t\t\t\t\t<a href=\"https:\/\/www.feedbackcasino.com\/br\/cassinos\/stake-apostas-2\/\" title=\"Ler An\u00e1lise\">Ler An\u00e1lise<\/a>\r\n\t\t\t\t\t\t\t\t\t\t\t<\/div>\r\n\r\n\t\t\t\t\t\t\t\t\t\t\t\r\n\t\t\t\t\t\t\t\t\t\t\t\r\n\t\t\t\t\t\t\t\t\t\t<\/div>\r\n\t\t\t\t\t\t\t\t\t\t<div class=\"space-organizations-8-archive-item-buttons-right box-50 text-center relative\">\r\n\t\t\t\t\t\t\t\t\t\t\t<div class=\"space-organizations-8-archive-item-button-two relative\">\r\n\t\t\t\t\t\t\t\t\t\t\t\t<a href=\"https:\/\/www.feedbackcasino.com\/br\/ir\/brazino777\/\" title=\"Jogue Agora\" target=\"_blank\" rel=\"nofollow\">Jogue Agora<\/a>\r\n\t\t\t\t\t\t\t\t\t\t\t<\/div>\r\n\t\t\t\t\t\t\t\t\t\t<\/div>\r\n\t\t\t\t\t\t\t\t\t<\/div>\r\n\t\t\t\t\t\t\t\r\n\t\t\t\t\t\t\t<\/div>\r\n\t\t\t\t\t\t<\/div>\r\n\r\n\t\t\t\t\t\t\t\t\t\t\t\t\r\n\t\t\t\t\t<\/div>\r\n\t\t\t\t<\/div>\r\n\r\n\t\t\t\t\r\n\t\t\t\t<div class=\"space-organizations-8-archive-item box-100 relative\">\r\n\t\t\t\t\t<div class=\"space-organizations-8-archive-item-ins relative\">\r\n\t\t\t\t\t\t<div class=\"space-organizations-8-archive-item-bg box-100 relative\">\r\n\t\t\t\t\t\t\t<div class=\"space-organizations-8-archive-item-left box-33 relative\">\r\n\r\n\t\t\t\t\t\t\t\t\t<div class=\"space-organizations-8-archive-item-brand box-100 relative\">\r\n\t\t\t\t\t\t\t\t\t\t<div class=\"space-organizations-8-archive-item-brand-logo box-40 text-center relative\">\r\n\t\t\t\t\t\t\t\t\t\t\t<div class=\"space-organizations-8-archive-item-brand-logo-ins relative\">\r\n\r\n\t\t\t\t\t\t\t\t\t\t\t\t\t\t\t\t\t\t\t\t\t\t\t\t\t<a href=\"https:\/\/www.feedbackcasino.com\/br\/cassinos\/superbet\/\" title=\"Superbet\">\r\n\t\t\t\t\t\t\t\t\t\t\t\t\t\t<img loading=\"lazy\" decoding=\"async\" width=\"135\" height=\"135\" src=\"https:\/\/www.feedbackcasino.com\/br\/wp-content\/uploads\/2024\/08\/download-1-135x135.png\" class=\"attachment-mercury-135-135 size-mercury-135-135\" alt=\"Superbet\" srcset=\"https:\/\/www.feedbackcasino.com\/br\/wp-content\/uploads\/2024\/08\/download-1-135x135.png 135w, https:\/\/www.feedbackcasino.com\/br\/wp-content\/uploads\/2024\/08\/download-1-150x150.png 150w, https:\/\/www.feedbackcasino.com\/br\/wp-content\/uploads\/2024\/08\/download-1-40x40.png 40w, https:\/\/www.feedbackcasino.com\/br\/wp-content\/uploads\/2024\/08\/download-1-50x50.png 50w, https:\/\/www.feedbackcasino.com\/br\/wp-content\/uploads\/2024\/08\/download-1-100x100.png 100w, https:\/\/www.feedbackcasino.com\/br\/wp-content\/uploads\/2024\/08\/download-1-120x120.png 120w, https:\/\/www.feedbackcasino.com\/br\/wp-content\/uploads\/2024\/08\/download-1-32x32.png 32w, https:\/\/www.feedbackcasino.com\/br\/wp-content\/uploads\/2024\/08\/download-1-80x80.png 80w, https:\/\/www.feedbackcasino.com\/br\/wp-content\/uploads\/2024\/08\/download-1.png 225w\" sizes=\"(max-width: 135px) 100vw, 135px\" \/>\t\t\t\t\t\t\t\t\t\t\t\t\t<\/a>\r\n\t\t\t\t\t\t\t\t\t\t\t\t\r\n\t\t\t\t\t\t\t\t\t\t\t<\/div>\r\n\t\t\t\t\t\t\t\t\t\t<\/div>\r\n\t\t\t\t\t\t\t\t\t\t<div class=\"space-organizations-8-archive-item-brand-name text-center box-60 relative\">\r\n\t\t\t\t\t\t\t\t\t\t\t<div class=\"space-organizations-8-archive-item-brand-name-link box-100 relative\">\r\n\t\t\t\t\t\t\t\t\t\t\t\t<a href=\"https:\/\/www.feedbackcasino.com\/br\/cassinos\/superbet\/\" title=\"Superbet\">Superbet<\/a>\r\n\t\t\t\t\t\t\t\t\t\t\t<\/div>\r\n\r\n\t\t\t\t\t\t\t\t\t\t\t\t\t\t\t\t\t\t\t\t\t\t\t<div class=\"space-organizations-8-archive-item-stars-rating relative\">\r\n\t\t\t\t\t\t\t\t\t\t\t\t\t<div class=\"star-rating\"><div class=\"star star-full\" aria-hidden=\"true\"><\/div><div class=\"star star-full\" aria-hidden=\"true\"><\/div><div class=\"star star-full\" aria-hidden=\"true\"><\/div><div class=\"star star-full\" aria-hidden=\"true\"><\/div><div class=\"star star-full\" aria-hidden=\"true\"><\/div><div class=\"star star-half\" aria-hidden=\"true\"><\/div><\/div>\t\t\t\t\t\t\t\t\t\t\t\t<\/div>\r\n\t\t\t\t\t\t\t\t\t\t\t\r\n\t\t\t\t\t\t\t\t\t\t<\/div>\r\n\t\t\t\t\t\t\t\t\t<\/div>\r\n\r\n\t\t\t\t\t\t\t<\/div>\r\n\t\t\t\t\t\t\t<div class=\"space-organizations-8-archive-item-central box-33 relative\">\r\n\t\t\t\t\t\t\t\t<div class=\"space-organizations-8-archive-item-ins-pd relative\">\r\n\t\t\t\t\t\t\t\t\t<div class=\"space-organizations-8-archive-item-terms box-100 relative\">\r\n\t\t\t\t\t\t\t\t\t\t<p>Aproveite o b\u00f4nus de boas-vindas de at\u00e9 R$ 500 para novos usu\u00e1rios e desfrute de outras promo\u00e7\u00f5es em <a href=\"https:\/\/www.feedbackcasino.com\/br\/jogos-de-cassino-online\/\" data-internallinksmanager029f6b8e52c=\"8\" title=\"Jogos de Cassino Online\">jogos online<\/a>!! N\u00e3o fique de fora dessa.<\/p>\t\t\t\t\t\t\t\t\t<\/div>\r\n\t\t\t\t\t\t\t\t<\/div>\r\n\t\t\t\t\t\t\t<\/div>\r\n\t\t\t\t\t\t\t<div class=\"space-organizations-8-archive-item-right box-33 relative\">\r\n\t\t\t\t\t\t\t\t\r\n\t\t\t\t\t\t\t\t\t<div class=\"space-organizations-8-archive-item-buttons box-100 relative\">\r\n\t\t\t\t\t\t\t\t\t\t<div class=\"space-organizations-8-archive-item-buttons-left box-50 text-center relative\">\r\n\r\n\t\t\t\t\t\t\t\t\t\t\t<div class=\"space-organizations-8-archive-item-button-one box-100 relative\">\r\n\t\t\t\t\t\t\t\t\t\t\t\t<a href=\"https:\/\/www.feedbackcasino.com\/br\/cassinos\/superbet\/\" title=\"Ler An\u00e1lise\">Ler An\u00e1lise<\/a>\r\n\t\t\t\t\t\t\t\t\t\t\t<\/div>\r\n\r\n\t\t\t\t\t\t\t\t\t\t\t\r\n\t\t\t\t\t\t\t\t\t\t\t\r\n\t\t\t\t\t\t\t\t\t\t<\/div>\r\n\t\t\t\t\t\t\t\t\t\t<div class=\"space-organizations-8-archive-item-buttons-right box-50 text-center relative\">\r\n\t\t\t\t\t\t\t\t\t\t\t<div class=\"space-organizations-8-archive-item-button-two relative\">\r\n\t\t\t\t\t\t\t\t\t\t\t\t<a href=\"https:\/\/www.feedbackcasino.com\/br\/ir\/superbet\/\" title=\"Jogue Agora\" target=\"_blank\" rel=\"nofollow\">Jogue Agora<\/a>\r\n\t\t\t\t\t\t\t\t\t\t\t<\/div>\r\n\t\t\t\t\t\t\t\t\t\t<\/div>\r\n\t\t\t\t\t\t\t\t\t<\/div>\r\n\t\t\t\t\t\t\t\r\n\t\t\t\t\t\t\t<\/div>\r\n\t\t\t\t\t\t<\/div>\r\n\r\n\t\t\t\t\t\t\t\t\t\t\t\t\r\n\t\t\t\t\t<\/div>\r\n\t\t\t\t<\/div>\r\n\r\n\t\t\t\t\r\n\t\t\t<\/div>\r\n\t\t\r\n\t\t<\/div>\r\n\t<\/div>\r\n\r\n\n\n\n\n<p><\/p>\n\n\n\n<h2 class=\"wp-block-heading\">Uso de cookies<\/h2>\n\n\n\n<p>Feedback Casino utiliza cookies em seu website para detectar o tr\u00e1fego de entrada e sa\u00edda para outros websites. N\u00e3o tentamos vincular os cookies a um usu\u00e1rio a fim de criar dados pessoalmente identific\u00e1veis.<\/p>\n\n\n\n<h2 class=\"wp-block-heading\">Modifica\u00e7\u00f5es<\/h2>\n\n\n\n<p>Feedback Casino se reserva o direito de alterar os termos desta pol\u00edtica de privacidade a qualquer momento sem notifica\u00e7\u00e3o pr\u00e9via. Aconselhamos que voc\u00ea visite esta p\u00e1gina para ver se alguma altera\u00e7\u00e3o foi feita.<br>N\u00e3o hesite em nos enviar perguntas ou coment\u00e1rios por e-mail para: contato @ feedbackcasino.com<\/p>\n","protected":false},"excerpt":{"rendered":"<p>Aviso Legal Feedback Casino \u00e9 um guia para cassinos onlines que fornece suporte quando voc\u00ea quer jogar. Oferecemos, principalmente, revis\u00f5es para os melhores cassinos online. Feedback Casino n\u00e3o \u00e9 um operador de cassino, nossa miss\u00e3o \u00e9 fornecer informa\u00e7\u00f5es relevantes e importantes sobre o mundo do jogo e opini\u00f5es imparciais sobre cassinos. Descubra nossa equipe Nossa [&hellip;]<\/p>\n","protected":false},"author":3,"featured_media":0,"parent":0,"menu_order":0,"comment_status":"closed","ping_status":"closed","template":"page-no-sidebar.php","meta":{"_acf_changed":false,"footnotes":"","_glsr_average":0,"_glsr_ranking":0,"_glsr_reviews":0},"acf":[],"_links":{"self":[{"href":"https:\/\/www.feedbackcasino.com\/br\/wp-json\/wp\/v2\/pages\/265"}],"collection":[{"href":"https:\/\/www.feedbackcasino.com\/br\/wp-json\/wp\/v2\/pages"}],"about":[{"href":"https:\/\/www.feedbackcasino.com\/br\/wp-json\/wp\/v2\/types\/page"}],"author":[{"embeddable":true,"href":"https:\/\/www.feedbackcasino.com\/br\/wp-json\/wp\/v2\/users\/3"}],"replies":[{"embeddable":true,"href":"https:\/\/www.feedbackcasino.com\/br\/wp-json\/wp\/v2\/comments?post=265"}],"version-history":[{"count":3,"href":"https:\/\/www.feedbackcasino.com\/br\/wp-json\/wp\/v2\/pages\/265\/revisions"}],"predecessor-version":[{"id":11650,"href":"https:\/\/www.feedbackcasino.com\/br\/wp-json\/wp\/v2\/pages\/265\/revisions\/11650"}],"wp:attachment":[{"href":"https:\/\/www.feedbackcasino.com\/br\/wp-json\/wp\/v2\/media?parent=265"}],"curies":[{"name":"wp","href":"https:\/\/api.w.org\/{rel}","templated":true}]}}