{"id":228,"date":"2022-11-10T13:45:04","date_gmt":"2022-11-10T16:45:04","guid":{"rendered":"https:\/\/export.mercurytheme.com\/001\/?page_id=228"},"modified":"2024-05-07T14:41:37","modified_gmt":"2024-05-07T17:41:37","slug":"cassinos","status":"publish","type":"page","link":"https:\/\/www.feedbackcasino.com\/br\/cassinos\/","title":{"rendered":"Cassinos Online 2024"},"content":{"rendered":"\n<h2 class=\"wp-block-heading\">Todos os Cassinos<\/h2>\n\n\n\n<p>Confira a lista com todos os <a href=\"https:\/\/www.feedbackcasino.com\/br\/cassinos-online\/\" data-internallinksmanager029f6b8e52c=\"4\" title=\"melhor cassino online\">cassinos<\/a> que temos dispon\u00edveis no Feedback Casino!<\/p>\n\n\n\n<p>Aqui nessa categoria, voc\u00ea pode encontrar uma lista completa de todos os cassinos online dispon\u00edveis no Feedback Casino. Todos os cassinos listados em nosso site s\u00e3o confi\u00e1veis e seguros, oferecendo uma variedade de <a href=\"https:\/\/www.feedbackcasino.com\/br\/jogos-de-cassino-online\/\" data-internallinksmanager029f6b8e52c=\"8\" title=\"Jogos de Cassino Online\">jogos de cassino<\/a> emocionantes e promo\u00e7\u00f5es incr\u00edveis. <\/p>\n\n\n\n<p>Al\u00e9m disso, em cada resenha de cassino, fornecemos informa\u00e7\u00f5es detalhadas sobre <a href=\"https:\/\/www.feedbackcasino.com\/br\/melhores-bonus\/\" data-internallinksmanager029f6b8e52c=\"2\" title=\"B\u00f4nus\">b\u00f4nus<\/a>, m\u00e9todos de pagamento, suporte ao cliente e muito mais. Ent\u00e3o, n\u00e3o perca mais tempo procurando por a\u00ed &#8211; encontre seu cassino favorito aqui no nosso site e comece a jogar com responsabilidade!<\/p>\n\n\n\n<p><\/p>\n\n\n\r\n\t<div class=\"space-shortcode-wrap space-shortcode-11 relative\">\r\n\t\t<div class=\"space-shortcode-wrap-ins relative\">\r\n\r\n\t\t\t\t\t\t<div class=\"space-block-title relative\">\r\n\t\t\t\t<span>Melhores Cassinos Online em 2024<\/span>\r\n\t\t\t<\/div>\r\n\t\t\t\r\n\t\t\t<div class=\"space-organizations-7-archive-items box-100 relative\">\r\n\r\n\t\t\t\t\r\n\t\t\t\t<div class=\"space-organizations-8-archive-item box-100 relative\">\r\n\t\t\t\t\t<div class=\"space-organizations-8-archive-item-ins relative\">\r\n\t\t\t\t\t\t<div class=\"space-organizations-8-archive-item-bg box-100 relative\">\r\n\t\t\t\t\t\t\t<div class=\"space-organizations-8-archive-item-left box-33 relative\">\r\n\r\n\t\t\t\t\t\t\t\t\t<div class=\"space-organizations-8-archive-item-brand box-100 relative\">\r\n\t\t\t\t\t\t\t\t\t\t<div class=\"space-organizations-8-archive-item-brand-logo box-40 text-center relative\">\r\n\t\t\t\t\t\t\t\t\t\t\t<div class=\"space-organizations-8-archive-item-brand-logo-ins relative\">\r\n\r\n\t\t\t\t\t\t\t\t\t\t\t\t\t\t\t\t\t\t\t\t\t\t\t\t\t<a href=\"https:\/\/www.feedbackcasino.com\/br\/cassinos\/bet7k-apostas\/\" title=\"BET7K\">\r\n\t\t\t\t\t\t\t\t\t\t\t\t\t\t<img decoding=\"async\" width=\"135\" height=\"135\" src=\"https:\/\/www.feedbackcasino.com\/br\/wp-content\/uploads\/2024\/02\/bet7k-135x135.jpg\" class=\"attachment-mercury-135-135 size-mercury-135-135\" alt=\"BET7K\" srcset=\"https:\/\/www.feedbackcasino.com\/br\/wp-content\/uploads\/2024\/02\/bet7k-135x135.jpg 135w, https:\/\/www.feedbackcasino.com\/br\/wp-content\/uploads\/2024\/02\/bet7k-150x150.jpg 150w, https:\/\/www.feedbackcasino.com\/br\/wp-content\/uploads\/2024\/02\/bet7k-40x40.jpg 40w, https:\/\/www.feedbackcasino.com\/br\/wp-content\/uploads\/2024\/02\/bet7k-50x50.jpg 50w, https:\/\/www.feedbackcasino.com\/br\/wp-content\/uploads\/2024\/02\/bet7k-100x100.jpg 100w, https:\/\/www.feedbackcasino.com\/br\/wp-content\/uploads\/2024\/02\/bet7k-120x120.jpg 120w, https:\/\/www.feedbackcasino.com\/br\/wp-content\/uploads\/2024\/02\/bet7k-32x32.jpg 32w, https:\/\/www.feedbackcasino.com\/br\/wp-content\/uploads\/2024\/02\/bet7k-80x80.jpg 80w, https:\/\/www.feedbackcasino.com\/br\/wp-content\/uploads\/2024\/02\/bet7k.jpg 270w\" sizes=\"(max-width: 135px) 100vw, 135px\" \/>\t\t\t\t\t\t\t\t\t\t\t\t\t<\/a>\r\n\t\t\t\t\t\t\t\t\t\t\t\t\r\n\t\t\t\t\t\t\t\t\t\t\t<\/div>\r\n\t\t\t\t\t\t\t\t\t\t<\/div>\r\n\t\t\t\t\t\t\t\t\t\t<div class=\"space-organizations-8-archive-item-brand-name text-center box-60 relative\">\r\n\t\t\t\t\t\t\t\t\t\t\t<div class=\"space-organizations-8-archive-item-brand-name-link box-100 relative\">\r\n\t\t\t\t\t\t\t\t\t\t\t\t<a href=\"https:\/\/www.feedbackcasino.com\/br\/cassinos\/bet7k-apostas\/\" title=\"BET7K\">BET7K<\/a>\r\n\t\t\t\t\t\t\t\t\t\t\t<\/div>\r\n\r\n\t\t\t\t\t\t\t\t\t\t\t\t\t\t\t\t\t\t\t\t\t\t\t<div class=\"space-organizations-8-archive-item-stars-rating relative\">\r\n\t\t\t\t\t\t\t\t\t\t\t\t\t<div class=\"star-rating\"><div class=\"star star-full\" aria-hidden=\"true\"><\/div><div class=\"star star-full\" aria-hidden=\"true\"><\/div><div class=\"star star-full\" aria-hidden=\"true\"><\/div><div class=\"star star-full\" aria-hidden=\"true\"><\/div><div class=\"star star-full\" aria-hidden=\"true\"><\/div><div class=\"star star-full\" aria-hidden=\"true\"><\/div><\/div>\t\t\t\t\t\t\t\t\t\t\t\t<\/div>\r\n\t\t\t\t\t\t\t\t\t\t\t\r\n\t\t\t\t\t\t\t\t\t\t<\/div>\r\n\t\t\t\t\t\t\t\t\t<\/div>\r\n\r\n\t\t\t\t\t\t\t<\/div>\r\n\t\t\t\t\t\t\t<div class=\"space-organizations-8-archive-item-central box-33 relative\">\r\n\t\t\t\t\t\t\t\t<div class=\"space-organizations-8-archive-item-ins-pd relative\">\r\n\t\t\t\t\t\t\t\t\t<div class=\"space-organizations-8-archive-item-terms box-100 relative\">\r\n\t\t\t\t\t\t\t\t\t\t<p>Com b\u00f4nus de boas vindas de R$7.000 a Bet7k \u00e9 <a href=\"https:\/\/www.feedbackcasino.com\/br\/casa-de-apostas\/\" data-internallinksmanager029f6b8e52c=\"3\" title=\"Casas de Apostas\">casa de apostas<\/a> dos brasileiros! Fa\u00e7a seu dep\u00f3sito m\u00ednimo de R$30,00 e aproveite!<\/p>\t\t\t\t\t\t\t\t\t<\/div>\r\n\t\t\t\t\t\t\t\t<\/div>\r\n\t\t\t\t\t\t\t<\/div>\r\n\t\t\t\t\t\t\t<div class=\"space-organizations-8-archive-item-right box-33 relative\">\r\n\t\t\t\t\t\t\t\t\r\n\t\t\t\t\t\t\t\t\t<div class=\"space-organizations-8-archive-item-buttons box-100 relative\">\r\n\t\t\t\t\t\t\t\t\t\t<div class=\"space-organizations-8-archive-item-buttons-left box-50 text-center relative\">\r\n\r\n\t\t\t\t\t\t\t\t\t\t\t<div class=\"space-organizations-8-archive-item-button-one box-100 relative\">\r\n\t\t\t\t\t\t\t\t\t\t\t\t<a href=\"https:\/\/www.feedbackcasino.com\/br\/cassinos\/bet7k-apostas\/\" title=\"Ler An\u00e1lise\">Ler An\u00e1lise<\/a>\r\n\t\t\t\t\t\t\t\t\t\t\t<\/div>\r\n\r\n\t\t\t\t\t\t\t\t\t\t\t\r\n\t\t\t\t\t\t\t\t\t\t\t\r\n\t\t\t\t\t\t\t\t\t\t<\/div>\r\n\t\t\t\t\t\t\t\t\t\t<div class=\"space-organizations-8-archive-item-buttons-right box-50 text-center relative\">\r\n\t\t\t\t\t\t\t\t\t\t\t<div class=\"space-organizations-8-archive-item-button-two relative\">\r\n\t\t\t\t\t\t\t\t\t\t\t\t<a href=\"https:\/\/www.feedbackcasino.com\/br\/ir\/bet7k\/\" title=\"Jogue Agora\" target=\"_blank\" rel=\"nofollow\">Jogue Agora<\/a>\r\n\t\t\t\t\t\t\t\t\t\t\t<\/div>\r\n\t\t\t\t\t\t\t\t\t\t<\/div>\r\n\t\t\t\t\t\t\t\t\t<\/div>\r\n\t\t\t\t\t\t\t\r\n\t\t\t\t\t\t\t<\/div>\r\n\t\t\t\t\t\t<\/div>\r\n\r\n\t\t\t\t\t\t\t\t\t\t\t\t\r\n\t\t\t\t\t<\/div>\r\n\t\t\t\t<\/div>\r\n\r\n\t\t\t\t\r\n\t\t\t\t<div class=\"space-organizations-8-archive-item box-100 relative\">\r\n\t\t\t\t\t<div class=\"space-organizations-8-archive-item-ins relative\">\r\n\t\t\t\t\t\t<div class=\"space-organizations-8-archive-item-bg box-100 relative\">\r\n\t\t\t\t\t\t\t<div class=\"space-organizations-8-archive-item-left box-33 relative\">\r\n\r\n\t\t\t\t\t\t\t\t\t<div class=\"space-organizations-8-archive-item-brand box-100 relative\">\r\n\t\t\t\t\t\t\t\t\t\t<div class=\"space-organizations-8-archive-item-brand-logo box-40 text-center relative\">\r\n\t\t\t\t\t\t\t\t\t\t\t<div class=\"space-organizations-8-archive-item-brand-logo-ins relative\">\r\n\r\n\t\t\t\t\t\t\t\t\t\t\t\t\t\t\t\t\t\t\t\t\t\t\t\t\t<a href=\"https:\/\/www.feedbackcasino.com\/br\/cassinos\/betao\/\" title=\"Bet\u00e3o\">\r\n\t\t\t\t\t\t\t\t\t\t\t\t\t\t<img decoding=\"async\" width=\"135\" height=\"135\" src=\"https:\/\/www.feedbackcasino.com\/br\/wp-content\/uploads\/2024\/08\/Logos-Cassinos-1-135x135.jpg\" class=\"attachment-mercury-135-135 size-mercury-135-135\" alt=\"Bet\u00e3o\" srcset=\"https:\/\/www.feedbackcasino.com\/br\/wp-content\/uploads\/2024\/08\/Logos-Cassinos-1-135x135.jpg 135w, https:\/\/www.feedbackcasino.com\/br\/wp-content\/uploads\/2024\/08\/Logos-Cassinos-1-150x150.jpg 150w, https:\/\/www.feedbackcasino.com\/br\/wp-content\/uploads\/2024\/08\/Logos-Cassinos-1-40x40.jpg 40w, https:\/\/www.feedbackcasino.com\/br\/wp-content\/uploads\/2024\/08\/Logos-Cassinos-1-50x50.jpg 50w, https:\/\/www.feedbackcasino.com\/br\/wp-content\/uploads\/2024\/08\/Logos-Cassinos-1-100x100.jpg 100w, https:\/\/www.feedbackcasino.com\/br\/wp-content\/uploads\/2024\/08\/Logos-Cassinos-1-120x120.jpg 120w, https:\/\/www.feedbackcasino.com\/br\/wp-content\/uploads\/2024\/08\/Logos-Cassinos-1-32x32.jpg 32w, https:\/\/www.feedbackcasino.com\/br\/wp-content\/uploads\/2024\/08\/Logos-Cassinos-1-80x80.jpg 80w, https:\/\/www.feedbackcasino.com\/br\/wp-content\/uploads\/2024\/08\/Logos-Cassinos-1.jpg 270w\" sizes=\"(max-width: 135px) 100vw, 135px\" \/>\t\t\t\t\t\t\t\t\t\t\t\t\t<\/a>\r\n\t\t\t\t\t\t\t\t\t\t\t\t\r\n\t\t\t\t\t\t\t\t\t\t\t<\/div>\r\n\t\t\t\t\t\t\t\t\t\t<\/div>\r\n\t\t\t\t\t\t\t\t\t\t<div class=\"space-organizations-8-archive-item-brand-name text-center box-60 relative\">\r\n\t\t\t\t\t\t\t\t\t\t\t<div class=\"space-organizations-8-archive-item-brand-name-link box-100 relative\">\r\n\t\t\t\t\t\t\t\t\t\t\t\t<a href=\"https:\/\/www.feedbackcasino.com\/br\/cassinos\/betao\/\" title=\"Bet\u00e3o\">Bet\u00e3o<\/a>\r\n\t\t\t\t\t\t\t\t\t\t\t<\/div>\r\n\r\n\t\t\t\t\t\t\t\t\t\t\t\t\t\t\t\t\t\t\t\t\t\t\t<div class=\"space-organizations-8-archive-item-stars-rating relative\">\r\n\t\t\t\t\t\t\t\t\t\t\t\t\t<div class=\"star-rating\"><div class=\"star star-full\" aria-hidden=\"true\"><\/div><div class=\"star star-full\" aria-hidden=\"true\"><\/div><div class=\"star star-full\" aria-hidden=\"true\"><\/div><div class=\"star star-full\" aria-hidden=\"true\"><\/div><div class=\"star star-full\" aria-hidden=\"true\"><\/div><div class=\"star star-half\" aria-hidden=\"true\"><\/div><\/div>\t\t\t\t\t\t\t\t\t\t\t\t<\/div>\r\n\t\t\t\t\t\t\t\t\t\t\t\r\n\t\t\t\t\t\t\t\t\t\t<\/div>\r\n\t\t\t\t\t\t\t\t\t<\/div>\r\n\r\n\t\t\t\t\t\t\t<\/div>\r\n\t\t\t\t\t\t\t<div class=\"space-organizations-8-archive-item-central box-33 relative\">\r\n\t\t\t\t\t\t\t\t<div class=\"space-organizations-8-archive-item-ins-pd relative\">\r\n\t\t\t\t\t\t\t\t\t<div class=\"space-organizations-8-archive-item-terms box-100 relative\">\r\n\t\t\t\t\t\t\t\t\t\t<p>Aproveite o pacote de boas vindas da Bet\u00e3o de R$3.000,00 e dobra sua recarga em 100%. A plataforma tamb\u00e9m entrega diversos outros b\u00f4nus para seus usu\u00e1rios, n\u00e3o perca essa chance!\u00a0<\/p>\t\t\t\t\t\t\t\t\t<\/div>\r\n\t\t\t\t\t\t\t\t<\/div>\r\n\t\t\t\t\t\t\t<\/div>\r\n\t\t\t\t\t\t\t<div class=\"space-organizations-8-archive-item-right box-33 relative\">\r\n\t\t\t\t\t\t\t\t\r\n\t\t\t\t\t\t\t\t\t<div class=\"space-organizations-8-archive-item-buttons box-100 relative\">\r\n\t\t\t\t\t\t\t\t\t\t<div class=\"space-organizations-8-archive-item-buttons-left box-50 text-center relative\">\r\n\r\n\t\t\t\t\t\t\t\t\t\t\t<div class=\"space-organizations-8-archive-item-button-one box-100 relative\">\r\n\t\t\t\t\t\t\t\t\t\t\t\t<a href=\"https:\/\/www.feedbackcasino.com\/br\/cassinos\/betao\/\" title=\"Ler An\u00e1lise\">Ler An\u00e1lise<\/a>\r\n\t\t\t\t\t\t\t\t\t\t\t<\/div>\r\n\r\n\t\t\t\t\t\t\t\t\t\t\t\r\n\t\t\t\t\t\t\t\t\t\t\t\r\n\t\t\t\t\t\t\t\t\t\t<\/div>\r\n\t\t\t\t\t\t\t\t\t\t<div class=\"space-organizations-8-archive-item-buttons-right box-50 text-center relative\">\r\n\t\t\t\t\t\t\t\t\t\t\t<div class=\"space-organizations-8-archive-item-button-two relative\">\r\n\t\t\t\t\t\t\t\t\t\t\t\t<a href=\"https:\/\/www.feedbackcasino.com\/br\/ir\/brazino777\/\" title=\"Jogue Agora\" target=\"_blank\" rel=\"nofollow\">Jogue Agora<\/a>\r\n\t\t\t\t\t\t\t\t\t\t\t<\/div>\r\n\t\t\t\t\t\t\t\t\t\t<\/div>\r\n\t\t\t\t\t\t\t\t\t<\/div>\r\n\t\t\t\t\t\t\t\r\n\t\t\t\t\t\t\t<\/div>\r\n\t\t\t\t\t\t<\/div>\r\n\r\n\t\t\t\t\t\t\t\t\t\t\t\t\r\n\t\t\t\t\t<\/div>\r\n\t\t\t\t<\/div>\r\n\r\n\t\t\t\t\r\n\t\t\t\t<div class=\"space-organizations-8-archive-item box-100 relative\">\r\n\t\t\t\t\t<div class=\"space-organizations-8-archive-item-ins relative\">\r\n\t\t\t\t\t\t<div class=\"space-organizations-8-archive-item-bg box-100 relative\">\r\n\t\t\t\t\t\t\t<div class=\"space-organizations-8-archive-item-left box-33 relative\">\r\n\r\n\t\t\t\t\t\t\t\t\t<div class=\"space-organizations-8-archive-item-brand box-100 relative\">\r\n\t\t\t\t\t\t\t\t\t\t<div class=\"space-organizations-8-archive-item-brand-logo box-40 text-center relative\">\r\n\t\t\t\t\t\t\t\t\t\t\t<div class=\"space-organizations-8-archive-item-brand-logo-ins relative\">\r\n\r\n\t\t\t\t\t\t\t\t\t\t\t\t\t\t\t\t\t\t\t\t\t\t\t\t\t<a href=\"https:\/\/www.feedbackcasino.com\/br\/cassinos\/stake-apostas-2\/\" title=\"Stake Apostas\">\r\n\t\t\t\t\t\t\t\t\t\t\t\t\t\t<img decoding=\"async\" width=\"135\" height=\"135\" src=\"https:\/\/www.feedbackcasino.com\/br\/wp-content\/uploads\/2024\/02\/stake-cassino-135x135.jpg\" class=\"attachment-mercury-135-135 size-mercury-135-135\" alt=\"Stake Apostas\" srcset=\"https:\/\/www.feedbackcasino.com\/br\/wp-content\/uploads\/2024\/02\/stake-cassino-135x135.jpg 135w, https:\/\/www.feedbackcasino.com\/br\/wp-content\/uploads\/2024\/02\/stake-cassino-150x150.jpg 150w, https:\/\/www.feedbackcasino.com\/br\/wp-content\/uploads\/2024\/02\/stake-cassino-40x40.jpg 40w, https:\/\/www.feedbackcasino.com\/br\/wp-content\/uploads\/2024\/02\/stake-cassino-50x50.jpg 50w, https:\/\/www.feedbackcasino.com\/br\/wp-content\/uploads\/2024\/02\/stake-cassino-100x100.jpg 100w, https:\/\/www.feedbackcasino.com\/br\/wp-content\/uploads\/2024\/02\/stake-cassino-120x120.jpg 120w, https:\/\/www.feedbackcasino.com\/br\/wp-content\/uploads\/2024\/02\/stake-cassino-32x32.jpg 32w, https:\/\/www.feedbackcasino.com\/br\/wp-content\/uploads\/2024\/02\/stake-cassino-80x80.jpg 80w, https:\/\/www.feedbackcasino.com\/br\/wp-content\/uploads\/2024\/02\/stake-cassino.jpg 270w\" sizes=\"(max-width: 135px) 100vw, 135px\" \/>\t\t\t\t\t\t\t\t\t\t\t\t\t<\/a>\r\n\t\t\t\t\t\t\t\t\t\t\t\t\r\n\t\t\t\t\t\t\t\t\t\t\t<\/div>\r\n\t\t\t\t\t\t\t\t\t\t<\/div>\r\n\t\t\t\t\t\t\t\t\t\t<div class=\"space-organizations-8-archive-item-brand-name text-center box-60 relative\">\r\n\t\t\t\t\t\t\t\t\t\t\t<div class=\"space-organizations-8-archive-item-brand-name-link box-100 relative\">\r\n\t\t\t\t\t\t\t\t\t\t\t\t<a href=\"https:\/\/www.feedbackcasino.com\/br\/cassinos\/stake-apostas-2\/\" title=\"Stake Apostas\">Stake Apostas<\/a>\r\n\t\t\t\t\t\t\t\t\t\t\t<\/div>\r\n\r\n\t\t\t\t\t\t\t\t\t\t\t\t\t\t\t\t\t\t\t\t\t\t\t<div class=\"space-organizations-8-archive-item-stars-rating relative\">\r\n\t\t\t\t\t\t\t\t\t\t\t\t\t<div class=\"star-rating\"><div class=\"star star-full\" aria-hidden=\"true\"><\/div><div class=\"star star-full\" aria-hidden=\"true\"><\/div><div class=\"star star-full\" aria-hidden=\"true\"><\/div><div class=\"star star-full\" aria-hidden=\"true\"><\/div><div class=\"star star-full\" aria-hidden=\"true\"><\/div><div class=\"star star-half\" aria-hidden=\"true\"><\/div><\/div>\t\t\t\t\t\t\t\t\t\t\t\t<\/div>\r\n\t\t\t\t\t\t\t\t\t\t\t\r\n\t\t\t\t\t\t\t\t\t\t<\/div>\r\n\t\t\t\t\t\t\t\t\t<\/div>\r\n\r\n\t\t\t\t\t\t\t<\/div>\r\n\t\t\t\t\t\t\t<div class=\"space-organizations-8-archive-item-central box-33 relative\">\r\n\t\t\t\t\t\t\t\t<div class=\"space-organizations-8-archive-item-ins-pd relative\">\r\n\t\t\t\t\t\t\t\t\t<div class=\"space-organizations-8-archive-item-terms box-100 relative\">\r\n\t\t\t\t\t\t\t\t\t\t<p>Aproveite o pacote de boas vindas de R$500,00 na Stake e os b\u00f4nus de indica\u00e7\u00e3o. N\u00e3o deixe essa oportunidade passar!<\/p>\t\t\t\t\t\t\t\t\t<\/div>\r\n\t\t\t\t\t\t\t\t<\/div>\r\n\t\t\t\t\t\t\t<\/div>\r\n\t\t\t\t\t\t\t<div class=\"space-organizations-8-archive-item-right box-33 relative\">\r\n\t\t\t\t\t\t\t\t\r\n\t\t\t\t\t\t\t\t\t<div class=\"space-organizations-8-archive-item-buttons box-100 relative\">\r\n\t\t\t\t\t\t\t\t\t\t<div class=\"space-organizations-8-archive-item-buttons-left box-50 text-center relative\">\r\n\r\n\t\t\t\t\t\t\t\t\t\t\t<div class=\"space-organizations-8-archive-item-button-one box-100 relative\">\r\n\t\t\t\t\t\t\t\t\t\t\t\t<a href=\"https:\/\/www.feedbackcasino.com\/br\/cassinos\/stake-apostas-2\/\" title=\"Ler An\u00e1lise\">Ler An\u00e1lise<\/a>\r\n\t\t\t\t\t\t\t\t\t\t\t<\/div>\r\n\r\n\t\t\t\t\t\t\t\t\t\t\t\r\n\t\t\t\t\t\t\t\t\t\t\t\r\n\t\t\t\t\t\t\t\t\t\t<\/div>\r\n\t\t\t\t\t\t\t\t\t\t<div class=\"space-organizations-8-archive-item-buttons-right box-50 text-center relative\">\r\n\t\t\t\t\t\t\t\t\t\t\t<div class=\"space-organizations-8-archive-item-button-two relative\">\r\n\t\t\t\t\t\t\t\t\t\t\t\t<a href=\"https:\/\/www.feedbackcasino.com\/br\/ir\/brazino777\/\" title=\"Jogue Agora\" target=\"_blank\" rel=\"nofollow\">Jogue Agora<\/a>\r\n\t\t\t\t\t\t\t\t\t\t\t<\/div>\r\n\t\t\t\t\t\t\t\t\t\t<\/div>\r\n\t\t\t\t\t\t\t\t\t<\/div>\r\n\t\t\t\t\t\t\t\r\n\t\t\t\t\t\t\t<\/div>\r\n\t\t\t\t\t\t<\/div>\r\n\r\n\t\t\t\t\t\t\t\t\t\t\t\t\r\n\t\t\t\t\t<\/div>\r\n\t\t\t\t<\/div>\r\n\r\n\t\t\t\t\r\n\t\t\t\t<div class=\"space-organizations-8-archive-item box-100 relative\">\r\n\t\t\t\t\t<div class=\"space-organizations-8-archive-item-ins relative\">\r\n\t\t\t\t\t\t<div class=\"space-organizations-8-archive-item-bg box-100 relative\">\r\n\t\t\t\t\t\t\t<div class=\"space-organizations-8-archive-item-left box-33 relative\">\r\n\r\n\t\t\t\t\t\t\t\t\t<div class=\"space-organizations-8-archive-item-brand box-100 relative\">\r\n\t\t\t\t\t\t\t\t\t\t<div class=\"space-organizations-8-archive-item-brand-logo box-40 text-center relative\">\r\n\t\t\t\t\t\t\t\t\t\t\t<div class=\"space-organizations-8-archive-item-brand-logo-ins relative\">\r\n\r\n\t\t\t\t\t\t\t\t\t\t\t\t\t\t\t\t\t\t\t\t\t\t\t\t\t<a href=\"https:\/\/www.feedbackcasino.com\/br\/cassinos\/superbet\/\" title=\"Superbet\">\r\n\t\t\t\t\t\t\t\t\t\t\t\t\t\t<img loading=\"lazy\" decoding=\"async\" width=\"135\" height=\"135\" src=\"https:\/\/www.feedbackcasino.com\/br\/wp-content\/uploads\/2024\/08\/download-1-135x135.png\" class=\"attachment-mercury-135-135 size-mercury-135-135\" alt=\"Superbet\" srcset=\"https:\/\/www.feedbackcasino.com\/br\/wp-content\/uploads\/2024\/08\/download-1-135x135.png 135w, https:\/\/www.feedbackcasino.com\/br\/wp-content\/uploads\/2024\/08\/download-1-150x150.png 150w, https:\/\/www.feedbackcasino.com\/br\/wp-content\/uploads\/2024\/08\/download-1-40x40.png 40w, https:\/\/www.feedbackcasino.com\/br\/wp-content\/uploads\/2024\/08\/download-1-50x50.png 50w, https:\/\/www.feedbackcasino.com\/br\/wp-content\/uploads\/2024\/08\/download-1-100x100.png 100w, https:\/\/www.feedbackcasino.com\/br\/wp-content\/uploads\/2024\/08\/download-1-120x120.png 120w, https:\/\/www.feedbackcasino.com\/br\/wp-content\/uploads\/2024\/08\/download-1-32x32.png 32w, https:\/\/www.feedbackcasino.com\/br\/wp-content\/uploads\/2024\/08\/download-1-80x80.png 80w, https:\/\/www.feedbackcasino.com\/br\/wp-content\/uploads\/2024\/08\/download-1.png 225w\" sizes=\"(max-width: 135px) 100vw, 135px\" \/>\t\t\t\t\t\t\t\t\t\t\t\t\t<\/a>\r\n\t\t\t\t\t\t\t\t\t\t\t\t\r\n\t\t\t\t\t\t\t\t\t\t\t<\/div>\r\n\t\t\t\t\t\t\t\t\t\t<\/div>\r\n\t\t\t\t\t\t\t\t\t\t<div class=\"space-organizations-8-archive-item-brand-name text-center box-60 relative\">\r\n\t\t\t\t\t\t\t\t\t\t\t<div class=\"space-organizations-8-archive-item-brand-name-link box-100 relative\">\r\n\t\t\t\t\t\t\t\t\t\t\t\t<a href=\"https:\/\/www.feedbackcasino.com\/br\/cassinos\/superbet\/\" title=\"Superbet\">Superbet<\/a>\r\n\t\t\t\t\t\t\t\t\t\t\t<\/div>\r\n\r\n\t\t\t\t\t\t\t\t\t\t\t\t\t\t\t\t\t\t\t\t\t\t\t<div class=\"space-organizations-8-archive-item-stars-rating relative\">\r\n\t\t\t\t\t\t\t\t\t\t\t\t\t<div class=\"star-rating\"><div class=\"star star-full\" aria-hidden=\"true\"><\/div><div class=\"star star-full\" aria-hidden=\"true\"><\/div><div class=\"star star-full\" aria-hidden=\"true\"><\/div><div class=\"star star-full\" aria-hidden=\"true\"><\/div><div class=\"star star-full\" aria-hidden=\"true\"><\/div><div class=\"star star-half\" aria-hidden=\"true\"><\/div><\/div>\t\t\t\t\t\t\t\t\t\t\t\t<\/div>\r\n\t\t\t\t\t\t\t\t\t\t\t\r\n\t\t\t\t\t\t\t\t\t\t<\/div>\r\n\t\t\t\t\t\t\t\t\t<\/div>\r\n\r\n\t\t\t\t\t\t\t<\/div>\r\n\t\t\t\t\t\t\t<div class=\"space-organizations-8-archive-item-central box-33 relative\">\r\n\t\t\t\t\t\t\t\t<div class=\"space-organizations-8-archive-item-ins-pd relative\">\r\n\t\t\t\t\t\t\t\t\t<div class=\"space-organizations-8-archive-item-terms box-100 relative\">\r\n\t\t\t\t\t\t\t\t\t\t<p>Aproveite o b\u00f4nus de boas-vindas de at\u00e9 R$ 500 para novos usu\u00e1rios e desfrute de outras promo\u00e7\u00f5es em jogos online!! N\u00e3o fique de fora dessa.<\/p>\t\t\t\t\t\t\t\t\t<\/div>\r\n\t\t\t\t\t\t\t\t<\/div>\r\n\t\t\t\t\t\t\t<\/div>\r\n\t\t\t\t\t\t\t<div class=\"space-organizations-8-archive-item-right box-33 relative\">\r\n\t\t\t\t\t\t\t\t\r\n\t\t\t\t\t\t\t\t\t<div class=\"space-organizations-8-archive-item-buttons box-100 relative\">\r\n\t\t\t\t\t\t\t\t\t\t<div class=\"space-organizations-8-archive-item-buttons-left box-50 text-center relative\">\r\n\r\n\t\t\t\t\t\t\t\t\t\t\t<div class=\"space-organizations-8-archive-item-button-one box-100 relative\">\r\n\t\t\t\t\t\t\t\t\t\t\t\t<a href=\"https:\/\/www.feedbackcasino.com\/br\/cassinos\/superbet\/\" title=\"Ler An\u00e1lise\">Ler An\u00e1lise<\/a>\r\n\t\t\t\t\t\t\t\t\t\t\t<\/div>\r\n\r\n\t\t\t\t\t\t\t\t\t\t\t\r\n\t\t\t\t\t\t\t\t\t\t\t\r\n\t\t\t\t\t\t\t\t\t\t<\/div>\r\n\t\t\t\t\t\t\t\t\t\t<div class=\"space-organizations-8-archive-item-buttons-right box-50 text-center relative\">\r\n\t\t\t\t\t\t\t\t\t\t\t<div class=\"space-organizations-8-archive-item-button-two relative\">\r\n\t\t\t\t\t\t\t\t\t\t\t\t<a href=\"https:\/\/www.feedbackcasino.com\/br\/ir\/superbet\/\" title=\"Jogue Agora\" target=\"_blank\" rel=\"nofollow\">Jogue Agora<\/a>\r\n\t\t\t\t\t\t\t\t\t\t\t<\/div>\r\n\t\t\t\t\t\t\t\t\t\t<\/div>\r\n\t\t\t\t\t\t\t\t\t<\/div>\r\n\t\t\t\t\t\t\t\r\n\t\t\t\t\t\t\t<\/div>\r\n\t\t\t\t\t\t<\/div>\r\n\r\n\t\t\t\t\t\t\t\t\t\t\t\t\r\n\t\t\t\t\t<\/div>\r\n\t\t\t\t<\/div>\r\n\r\n\t\t\t\t\r\n\t\t\t<\/div>\r\n\t\t\r\n\t\t<\/div>\r\n\t<\/div>\r\n\r\n\n","protected":false},"excerpt":{"rendered":"<p>Todos os Cassinos Confira a lista com todos os cassinos que temos dispon\u00edveis no Feedback Casino! Aqui nessa categoria, voc\u00ea pode encontrar uma lista completa de todos os cassinos online dispon\u00edveis no Feedback Casino. Todos os cassinos listados em nosso site s\u00e3o confi\u00e1veis e seguros, oferecendo uma variedade de jogos de cassino emocionantes e promo\u00e7\u00f5es [&hellip;]<\/p>\n","protected":false},"author":3,"featured_media":0,"parent":0,"menu_order":0,"comment_status":"open","ping_status":"closed","template":"page-casino-archive-style-5.php","meta":{"_acf_changed":false,"footnotes":"","_glsr_average":0,"_glsr_ranking":0,"_glsr_reviews":0},"acf":[],"_links":{"self":[{"href":"https:\/\/www.feedbackcasino.com\/br\/wp-json\/wp\/v2\/pages\/228"}],"collection":[{"href":"https:\/\/www.feedbackcasino.com\/br\/wp-json\/wp\/v2\/pages"}],"about":[{"href":"https:\/\/www.feedbackcasino.com\/br\/wp-json\/wp\/v2\/types\/page"}],"author":[{"embeddable":true,"href":"https:\/\/www.feedbackcasino.com\/br\/wp-json\/wp\/v2\/users\/3"}],"replies":[{"embeddable":true,"href":"https:\/\/www.feedbackcasino.com\/br\/wp-json\/wp\/v2\/comments?post=228"}],"version-history":[{"count":8,"href":"https:\/\/www.feedbackcasino.com\/br\/wp-json\/wp\/v2\/pages\/228\/revisions"}],"predecessor-version":[{"id":8976,"href":"https:\/\/www.feedbackcasino.com\/br\/wp-json\/wp\/v2\/pages\/228\/revisions\/8976"}],"wp:attachment":[{"href":"https:\/\/www.feedbackcasino.com\/br\/wp-json\/wp\/v2\/media?parent=228"}],"curies":[{"name":"wp","href":"https:\/\/api.w.org\/{rel}","templated":true}]}}