{"id":19017,"date":"2024-10-29T15:21:35","date_gmt":"2024-10-29T18:21:35","guid":{"rendered":"https:\/\/www.feedbackcasino.com\/br\/?page_id=19017"},"modified":"2024-10-29T15:21:37","modified_gmt":"2024-10-29T18:21:37","slug":"betnacional-entrar","status":"publish","type":"page","link":"https:\/\/www.feedbackcasino.com\/br\/betnacional\/betnacional-entrar\/","title":{"rendered":"Betnacional entrar"},"content":{"rendered":"\n<p>Para entrar na Betnacional antes \u00e9 preciso criar uma conta. Caso n\u00e3o tenha ainda, n\u00e3o se preocupe. Abaixo, um passo a passo para se cadastrar na plataforma! <\/p>\n\n\n\n<p class=\"has-text-align-center\"><img fetchpriority=\"high\" decoding=\"async\" width=\"438\" height=\"254\" src=\"https:\/\/lh7-rt.googleusercontent.com\/docsz\/AD_4nXfVucumyxYsydU0-GLN-GM-E-r61lI4ROZ6jSf0XuBZfhxPy17X6K1k5Q-_O5aZM05E1qneQ1AcV3GCYpHk8HfgYdVygohJRlS_xUcZ8n7KoxLsJ0stiF-4b1vEQoEvn0O5gs3_lwIM23oSy8DAZF96wQ6A?key=JEYGtYkQjtdXR6t10jnN8Q\"><\/p>\n\n\n\n<h3 class=\"wp-block-heading\">1.&nbsp;Acesse o site <\/h3>\n\n\n\n<p>Entre no site oficial da Betnacional, e na parte superior direita clique em &#8220;Criar Conta&#8221;.<\/p>\n\n\n\n<h3 class=\"wp-block-heading\">2.&nbsp;&nbsp;Preencha suas informa\u00e7\u00f5es <\/h3>\n\n\n\n<p>A plataforma vai solicitar alguns dados como CPF, e-mail (e confirmar esse e-mail) e um n\u00famero de telefone.<\/p>\n\n\n\n<h3 class=\"wp-block-heading\">3.&nbsp;&nbsp;Crie suas informa\u00e7\u00f5es<\/h3>\n\n\n\n<p>O pr\u00f3ximo passo ser\u00e1 definir um nome de usu\u00e1rio e criar uma senha. Ser\u00e1 necess\u00e1rio confirmar que tem mais de 18 anos e aceita a pol\u00edtica de privacidade. Ap\u00f3s isso, basta clicar em &#8220;Criar Conta&#8221;. <\/p>\n\n\n\n<p>E pronto, agora sua conta foi criada, e voc\u00ea pode deixar seu login salvo para n\u00e3o precisar fornecer sempre as mesmas informa\u00e7\u00f5es de usu\u00e1rio e e-mail. <\/p>\n\n\n\n<p class=\"has-text-align-center\"><img decoding=\"async\" width=\"497\" height=\"569\" src=\"https:\/\/lh7-rt.googleusercontent.com\/docsz\/AD_4nXfwXxiPB3ex5rp5NfT7zbfasRBAzPeWb7xbXXI8MuCFBR0pZD1JENbGpf4tUz1oF92mCyjzh6iALLYpBx3QxQo0y2CF3M4VrduGzIl-XG4rOToBJLpx-BpMNDF4WzCbSoipDUOQfrV-krC86oU7MDwCZqdv?key=JEYGtYkQjtdXR6t10jnN8Q\"><\/p>\n\n\n\n<p class=\"has-text-align-center\"><strong><em><a href=\"https:\/\/www.feedbackcasino.com\/br\/ir\/bet7k\/\" data-type=\"link\" data-id=\"https:\/\/www.feedbackcasino.com\/br\/ir\/bet7k\/\">APROVEITE B\u00d4NUS INCR\u00cdVEIS DE 100% NO PRIMEIRO DEP\u00d3SITO<\/a><\/em><\/strong><\/p>\n","protected":false},"excerpt":{"rendered":"<p>Para entrar na Betnacional antes \u00e9 preciso criar uma conta. Caso n\u00e3o tenha ainda, n\u00e3o se preocupe. Abaixo, um passo a passo para se cadastrar na plataforma! 1.&nbsp;Acesse o site Entre no site oficial da Betnacional, e na parte superior direita clique em &#8220;Criar Conta&#8221;. 2.&nbsp;&nbsp;Preencha suas informa\u00e7\u00f5es A plataforma vai solicitar alguns dados como [&hellip;]<\/p>\n","protected":false},"author":13,"featured_media":9946,"parent":19022,"menu_order":0,"comment_status":"closed","ping_status":"closed","template":"","meta":{"_acf_changed":false,"footnotes":"","_glsr_average":0,"_glsr_ranking":0,"_glsr_reviews":0},"acf":[],"_links":{"self":[{"href":"https:\/\/www.feedbackcasino.com\/br\/wp-json\/wp\/v2\/pages\/19017"}],"collection":[{"href":"https:\/\/www.feedbackcasino.com\/br\/wp-json\/wp\/v2\/pages"}],"about":[{"href":"https:\/\/www.feedbackcasino.com\/br\/wp-json\/wp\/v2\/types\/page"}],"author":[{"embeddable":true,"href":"https:\/\/www.feedbackcasino.com\/br\/wp-json\/wp\/v2\/users\/13"}],"replies":[{"embeddable":true,"href":"https:\/\/www.feedbackcasino.com\/br\/wp-json\/wp\/v2\/comments?post=19017"}],"version-history":[{"count":2,"href":"https:\/\/www.feedbackcasino.com\/br\/wp-json\/wp\/v2\/pages\/19017\/revisions"}],"predecessor-version":[{"id":19027,"href":"https:\/\/www.feedbackcasino.com\/br\/wp-json\/wp\/v2\/pages\/19017\/revisions\/19027"}],"up":[{"embeddable":true,"href":"https:\/\/www.feedbackcasino.com\/br\/wp-json\/wp\/v2\/pages\/19022"}],"wp:featuredmedia":[{"embeddable":true,"href":"https:\/\/www.feedbackcasino.com\/br\/wp-json\/wp\/v2\/media\/9946"}],"wp:attachment":[{"href":"https:\/\/www.feedbackcasino.com\/br\/wp-json\/wp\/v2\/media?parent=19017"}],"curies":[{"name":"wp","href":"https:\/\/api.w.org\/{rel}","templated":true}]}}