{"id":12332,"date":"2024-08-29T17:12:15","date_gmt":"2024-08-29T20:12:15","guid":{"rendered":"https:\/\/www.feedbackcasino.com\/br\/?page_id=12332"},"modified":"2024-08-29T17:25:14","modified_gmt":"2024-08-29T20:25:14","slug":"superbet-app","status":"publish","type":"page","link":"https:\/\/www.feedbackcasino.com\/br\/super-bet\/superbet-app\/","title":{"rendered":"Superbet App"},"content":{"rendered":"\n<p>A Superbet, pensando em ampliar a experi\u00eancia de seus clientes, se diferenciou de muitas outras <a href=\"https:\/\/www.feedbackcasino.com\/br\/casa-de-apostas\/\" data-internallinksmanager029f6b8e52c=\"3\" title=\"Casas de Apostas\">casas de apostas<\/a> ao desenvolver um aplicativo para que seus usu\u00e1rios pudessem acessar de forma mais f\u00e1cil e pr\u00e1tica a plataforma de apostas e <a href=\"https:\/\/www.feedbackcasino.com\/br\/cassinos-online\/\" data-internallinksmanager029f6b8e52c=\"4\" title=\"melhor cassino online\">cassino online<\/a>.&nbsp;<\/p>\n\n\n<div class=\"wp-block-image\">\n<figure class=\"alignleft\"><img decoding=\"async\" src=\"https:\/\/lh7-rt.googleusercontent.com\/docsz\/AD_4nXehZDnPUkTxlIVVaS3LCwk1a1S8c5BMLZiPPRMUdlklA5y4OWg7mdAg7e7v0buMnMPC6Q1euAhMPvzLz7g60lo8Q5oOXPae2wcLZ5CiIcKx-WxjJCptvT4uJN-Uv0rqoiQ5jcEw1i5eke9Mguua5MJhitiS?key=_jveLKbZHYd-X6Rq-pChTQ\" alt=\"\"\/><\/figure><\/div>\n\n\n<p>Por enquanto, a Superbet possui apenas aplicativo para aparelhos m\u00f3veis com sistema Android. Para baixar o aplicativo basta pesquisa no Google &#8220;Aplicativo Superbet&#8221; clicar no link indicado, ou<a href=\"https:\/\/apps.superbet.com\/instrucoes-de-instalacao\" target=\"_blank\" rel=\"noopener\"> <strong><em>clicando aqui.<\/em><\/strong><\/a><\/p>\n\n\n\n<p>Usu\u00e1rios que usem o sistema iOS ainda n\u00e3o ter\u00e3o dispon\u00edvel o aplicativo. Por\u00e9m, ainda \u00e9 poss\u00edvel acessar a vers\u00e3o mobile do site, pois ela \u00e9 otimizada e funciona perfeitamente em navegadores desses dispositivos. Todas as funcionalidades da plataforma est\u00e3o dispon\u00edveis&nbsp; pela vers\u00e3o mobile, e n\u00e3o mudar\u00e1, e nem v\u00e3o perder a ess\u00eancia da experi\u00eancia que a Superbet oferece.<\/p>\n\n\n\n<h2 class=\"wp-block-heading\">Licen\u00e7as<\/h2>\n\n\n\n<p>Lembrando que a Superbet \u00e9 licenciada internacionalmente, tendo aval da Malta Gaming Authority, com o n\u00famero MGA\/B2C\/938\/2022. Essa licen\u00e7a torna poss\u00edvel a casa operar pois ela segue os regulamentos impostos por essa autoridade em <a href=\"https:\/\/www.feedbackcasino.com\/br\/jogos-de-cassino-online\/\" data-internallinksmanager029f6b8e52c=\"8\" title=\"Jogos de Cassino Online\">jogos online<\/a>. Dessa forma, a casa consegue promover um ambiente de jogo mais seguro para os apostadores, pois est\u00e3o em conformidade com as normas do <strong><a href=\"https:\/\/www.feedbackcasino.com\/br\/jogo-responsavel\/\" data-type=\"link\" data-id=\"https:\/\/www.feedbackcasino.com\/br\/jogo-responsavel\/\"><em>Jogo Respons\u00e1vel<\/em>,<\/a><\/strong> que \u00e9 um dos pilares da plataforma, o que aumenta a credibilidade que ela tem no mercado.<\/p>\n","protected":false},"excerpt":{"rendered":"<p>A Superbet, pensando em ampliar a experi\u00eancia de seus clientes, se diferenciou de muitas outras casas de apostas ao desenvolver um aplicativo para que seus usu\u00e1rios pudessem acessar de forma mais f\u00e1cil e pr\u00e1tica a plataforma de apostas e cassino online.&nbsp; Por enquanto, a Superbet possui apenas aplicativo para aparelhos m\u00f3veis com sistema Android. Para [&hellip;]<\/p>\n","protected":false},"author":13,"featured_media":0,"parent":12333,"menu_order":0,"comment_status":"closed","ping_status":"closed","template":"","meta":{"_acf_changed":false,"footnotes":"","_glsr_average":0,"_glsr_ranking":0,"_glsr_reviews":0},"acf":[],"_links":{"self":[{"href":"https:\/\/www.feedbackcasino.com\/br\/wp-json\/wp\/v2\/pages\/12332"}],"collection":[{"href":"https:\/\/www.feedbackcasino.com\/br\/wp-json\/wp\/v2\/pages"}],"about":[{"href":"https:\/\/www.feedbackcasino.com\/br\/wp-json\/wp\/v2\/types\/page"}],"author":[{"embeddable":true,"href":"https:\/\/www.feedbackcasino.com\/br\/wp-json\/wp\/v2\/users\/13"}],"replies":[{"embeddable":true,"href":"https:\/\/www.feedbackcasino.com\/br\/wp-json\/wp\/v2\/comments?post=12332"}],"version-history":[{"count":1,"href":"https:\/\/www.feedbackcasino.com\/br\/wp-json\/wp\/v2\/pages\/12332\/revisions"}],"predecessor-version":[{"id":12335,"href":"https:\/\/www.feedbackcasino.com\/br\/wp-json\/wp\/v2\/pages\/12332\/revisions\/12335"}],"up":[{"embeddable":true,"href":"https:\/\/www.feedbackcasino.com\/br\/wp-json\/wp\/v2\/pages\/12333"}],"wp:attachment":[{"href":"https:\/\/www.feedbackcasino.com\/br\/wp-json\/wp\/v2\/media?parent=12332"}],"curies":[{"name":"wp","href":"https:\/\/api.w.org\/{rel}","templated":true}]}}