{"id":11985,"date":"2024-08-19T10:16:25","date_gmt":"2024-08-19T13:16:25","guid":{"rendered":"https:\/\/www.feedbackcasino.com\/br\/?page_id=11985"},"modified":"2024-08-19T10:16:28","modified_gmt":"2024-08-19T13:16:28","slug":"stake-bet","status":"publish","type":"page","link":"https:\/\/www.feedbackcasino.com\/br\/stake\/stake-bet\/","title":{"rendered":"Stake Bet"},"content":{"rendered":"\n<p>Stake Bet ou Stake Aposta s\u00e3o a mesma plataforma, mudando apenas o nome, e consiste em uma plataforma de aposta esportiva e tamb\u00e9m de <a href=\"https:\/\/www.feedbackcasino.com\/br\/cassinos-online\/\" data-internallinksmanager029f6b8e52c=\"4\" title=\"melhor cassino online\">cassino online<\/a>. <\/p>\n\n\n\n<p>A Stake Bet foi criada em 2017 e al\u00e9m do <a href=\"https:\/\/www.feedbackcasino.com\/br\/metodo-deposito\/pix\/\" data-internallinksmanager029f6b8e52c=\"6\" title=\"Pix\">Pix<\/a>, aceita diversas criptomoedas como forma de pagamento, sem contar o incr\u00edvel <a href=\"https:\/\/www.feedbackcasino.com\/br\/melhores-bonus\/\" data-internallinksmanager029f6b8e52c=\"2\" title=\"B\u00f4nus\">b\u00f4nus<\/a> de boas-vindas que a casa oferece no valor de R$ 500,00. <\/p>\n\n\n\n<figure class=\"wp-block-image\"><img decoding=\"async\" src=\"https:\/\/lh7-rt.googleusercontent.com\/docsz\/AD_4nXco12NEyBlud397v4NbVN6uqD5_QTj4SazJXB8vtql6_9U67orz-8_AN4Gv1pXl_-Eh23LUVPRWDBBu4BX6nSfZX5oWqed4KR-wW4mmvWFL5bCq-rIyYed59Z6kX2Qpo688QHvePYwLUSidn6UPm-NC4wPT?key=MnZwYQHMMojxdak5Uc_GaA\" alt=\"\"\/><\/figure>\n\n\n\n<figure class=\"wp-block-image size-large\"><img fetchpriority=\"high\" decoding=\"async\" width=\"1024\" height=\"576\" src=\"http:\/\/www.feedbackcasino.com\/br\/wp-content\/uploads\/2024\/02\/stake-cassino-jogos-1024x576.jpg\" alt=\"stake cassino jogos\" class=\"wp-image-6445\" srcset=\"https:\/\/www.feedbackcasino.com\/br\/wp-content\/uploads\/2024\/02\/stake-cassino-jogos-1024x576.jpg 1024w, https:\/\/www.feedbackcasino.com\/br\/wp-content\/uploads\/2024\/02\/stake-cassino-jogos-300x169.jpg 300w, https:\/\/www.feedbackcasino.com\/br\/wp-content\/uploads\/2024\/02\/stake-cassino-jogos-768x432.jpg 768w, https:\/\/www.feedbackcasino.com\/br\/wp-content\/uploads\/2024\/02\/stake-cassino-jogos-1536x864.jpg 1536w, https:\/\/www.feedbackcasino.com\/br\/wp-content\/uploads\/2024\/02\/stake-cassino-jogos-71x40.jpg 71w, https:\/\/www.feedbackcasino.com\/br\/wp-content\/uploads\/2024\/02\/stake-cassino-jogos-450x254.jpg 450w, https:\/\/www.feedbackcasino.com\/br\/wp-content\/uploads\/2024\/02\/stake-cassino-jogos-994x559.jpg 994w, https:\/\/www.feedbackcasino.com\/br\/wp-content\/uploads\/2024\/02\/stake-cassino-jogos-57x32.jpg 57w, https:\/\/www.feedbackcasino.com\/br\/wp-content\/uploads\/2024\/02\/stake-cassino-jogos-142x80.jpg 142w, https:\/\/www.feedbackcasino.com\/br\/wp-content\/uploads\/2024\/02\/stake-cassino-jogos-240x135.jpg 240w, https:\/\/www.feedbackcasino.com\/br\/wp-content\/uploads\/2024\/02\/stake-cassino-jogos.jpg 1920w\" sizes=\"(max-width: 1024px) 100vw, 1024px\" \/><\/figure>\n\n\n\n<p><\/p>\n\n\n\n<p><strong><em><a href=\"https:\/\/www.feedbackcasino.com\/br\/ir\/brazino777\/\" data-type=\"easy_affiliate_link\" data-id=\"3280\">AUMENTE SEUS GANHOS COM APOSTAS ESPORTIVAS<\/a><\/em><\/strong><\/p>\n\n\n\n<h2 class=\"wp-block-heading\">Licen\u00e7a e Regulamento da Stake Bet<\/h2>\n\n\n\n<p>A Stake Bet \u00e9 um site de jogos online que aceita diversas criptomoedas como forma de pagamento e oferece uma ampla variedade de <a href=\"https:\/\/www.feedbackcasino.com\/br\/jogos-de-cassino-online\/\" data-internallinksmanager029f6b8e52c=\"8\" title=\"Jogos de Cassino Online\">jogos de cassino<\/a> e apostas esportivas. Mas <strong>ser\u00e1 que a Stake Bet \u00e9 confi\u00e1vel e seguro?<\/strong> <\/p>\n\n\n\n<p>Nesta an\u00e1lise, vamos mostrar por que voc\u00ea pode jogar na Stake Bet com tranquilidade e divers\u00e3o.<\/p>\n\n\n\n<figure class=\"wp-block-table is-style-stripes\" style=\"font-style:italic;font-weight:500\"><table><tbody><tr><td><strong>Licen\u00e7a de Cura\u00e7ao<\/strong>: A Stake Bet possui uma licen\u00e7a de opera\u00e7\u00e3o emitida pelo Governo de Cura\u00e7ao, sob o n\u00famero <em>8048\/JAZ<\/em>. Essa licen\u00e7a \u00e9 uma das mais reconhecidas no mundo dos jogos online e <strong>garante que a Stake Bet segue as normas e regulamentos de uma entidade reguladora respeit\u00e1vel<\/strong>. Al\u00e9m disso, a licen\u00e7a de Cura\u00e7ao \u00e9 v\u00e1lida no Brasil, o que significa que voc\u00ea pode jogar na Stake de forma legal e sem problemas.<\/td><\/tr><tr><td><strong>Jogo Justo e Transparente<\/strong>: A Stake Bet tamb\u00e9m \u00e9 verificado pela <em>Crypto Gambling Foundation<\/em>, uma organiza\u00e7\u00e3o que <strong>certifica a justi\u00e7a e a transpar\u00eancia dos jogos de criptomoedas<\/strong>. Isso significa que ela utiliza um gerador de n\u00fameros aleat\u00f3rios (<strong>RNG<\/strong>) para garantir que os resultados dos jogos n\u00e3o sejam manipulados e que os pagamentos sejam realizados de forma correta e r\u00e1pida. Voc\u00ea pode conferir o hist\u00f3rico de todas as suas apostas e transa\u00e7\u00f5es no site a qualquer momento.<\/td><\/tr><tr><td><strong>Jogo Respons\u00e1vel<\/strong>: A casa se preocupa com o bem-estar dos seus jogadores e promove o <strong><em><a href=\"https:\/\/www.feedbackcasino.com\/br\/jogo-responsavel\/\" data-type=\"link\" data-id=\"https:\/\/www.feedbackcasino.com\/br\/jogo-responsavel\/\">Jogo Respons\u00e1vel<\/a><\/em><\/strong>. Por isso, o site oferece diversas ferramentas e recursos para <strong>ajudar voc\u00ea a controlar o seu tempo e o seu dinheiro<\/strong>. Voc\u00ea pode definir limites de dep\u00f3sito, de perda, de aposta e de sess\u00e3o, al\u00e9m de solicitar a autoexclus\u00e3o tempor\u00e1ria ou permanente da plataforma. A Stake tamb\u00e9m disponibiliza links e informa\u00e7\u00f5es sobre organiza\u00e7\u00f5es que oferecem apoio e orienta\u00e7\u00e3o para jogadores com problemas de jogo.<\/td><\/tr><\/tbody><\/table><\/figure>\n\n\n\n<p><\/p>\n\n\n\n<p>Como voc\u00ea pode ver, a plataforma \u00e9 um site de jogos online confi\u00e1vel e seguro, que possui uma licen\u00e7a v\u00e1lida de uma autoridade de jogos de azar respeit\u00e1vel, que garante o jogo justo e transparente e que promove o jogo respons\u00e1vel. Voc\u00ea pode jogar na Stake Bet com criptomoedas de forma legal e divertida, aproveitando os melhores jogos de cassinos e apostas esportivas do mercado. <\/p>\n\n\n\n<h2 class=\"wp-block-heading\">Op\u00e7\u00f5es de pagamento da Stake Bet<\/h2>\n\n\n\n<p>Elaa \u00e9 conhecida por ser uma plataforma de jogos online que se destaca por aceitar diversas formas de pagamento, incluindo <strong>criptomoedas, Pix e Real<\/strong>. <\/p>\n\n\n\n<p><strong><em>O valor m\u00ednimo para dep\u00f3sito \u00e9 de R$ 50,00<\/em><\/strong> e o valor m\u00e1ximo de saque n\u00e3o \u00e9 informado. Veja a seguir as principais op\u00e7\u00f5es de dep\u00f3sito e saque dispon\u00edveis na Stake.<\/p>\n\n\n\n<h3 class=\"wp-block-heading\">Criptomoedas<\/h3>\n\n\n\n<p>Oferecendo cerca de <strong>19 op\u00e7\u00f5es de moedas digitais para os jogadores<\/strong>, a Stake est\u00e1 em uma das primeiras cadeiras em apostas com criptomoedas. Algumas op\u00e7\u00f5es encontradas na casa s\u00e3o: <a href=\"https:\/\/www.feedbackcasino.com\/br\/metodo-deposito\/bitcoin\/\" target=\"_blank\" rel=\"noreferrer noopener\">Bitcoin<\/a>, <a href=\"https:\/\/www.infomoney.com.br\/guias\/o-que-e-ethereum\/\" data-type=\"link\" data-id=\"https:\/\/www.infomoney.com.br\/guias\/o-que-e-ethereum\/\" target=\"_blank\" rel=\"noopener\">Ethereum<\/a>, Litecoin, Dogecoin, Ripple e Ether. As transa\u00e7\u00f5es com criptomoedas s\u00e3o r\u00e1pidas, seguras e an\u00f4nimas, sem cobran\u00e7a de taxas ou intermedi\u00e1rios.<\/p>\n\n\n\n<figure class=\"wp-block-image\"><img decoding=\"async\" src=\"https:\/\/lh7-rt.googleusercontent.com\/docsz\/AD_4nXc_NwK8zqQOk4yWTfcRI9s6-g1gBK_48T0vSl6HW2tPu9DRJNtm9u2Zo8HddJ-qTAqmWtfV3C-J_IhhqYO6g0oxzzlGz-xz0B604BV3lPmUBUVpDPH5LNHzODhDcdiQrIeSCfjtoZ8TMHr5sa9A_PTaEjg?key=MnZwYQHMMojxdak5Uc_GaA\" alt=\"\"\/><\/figure>\n\n\n\n<h3 class=\"wp-block-heading\">Pix<\/h3>\n\n\n\n<p>O Pix \u00e9 uma solu\u00e7\u00e3o de pagamento instant\u00e2neo que permite transferir e receber dinheiro em segundos, 24 horas por dia, 7 dias por semana. A Stake aceita o <a href=\"https:\/\/www.feedbackcasino.com\/br\/metodo-deposito\/pix\/\" target=\"_blank\" rel=\"noreferrer noopener\">Pix como forma de dep\u00f3sito e saque<\/a>, facilitando a vida dos jogadores brasileiros que podem usar o Real para apostar.<\/p>\n\n\n\n<h2 class=\"wp-block-heading\">Suporte ao cliente da Stake Bet<\/h2>\n\n\n\n<p>Preocupada com a satisfa\u00e7\u00e3o de seus usu\u00e1rios, a plataforma oferece um suporte ao cliente de efici\u00eancia. Caso tenha algum problema ou queira tirar alguma d\u00favida, \u00e9 poss\u00edvel entrar em contato atrav\u00e9s das seguintes formas:<\/p>\n\n\n\n<figure class=\"wp-block-table\"><table><tbody><tr><td><strong>Bate-papo ao vivo<\/strong>: O atendimento dentro da plataforma funciona 24 horas por dia e 7 dias por semana. O bot\u00e3o fica no canto inferior direito do site. Ele \u00e9 a forma mais r\u00e1pida e pr\u00e1tica de conseguir ajuda. <\/td><\/tr><tr><td><strong>E-mail<\/strong>: Tamb\u00e9m \u00e9 poss\u00edvel enviar um e-mail para o <em><strong>support@stake.com <\/strong><\/em>e receber uma resposta em at\u00e9 24 horas. Ele \u00e9 uma op\u00e7\u00e3o para assuntos que demandam maior complexidade ou documentos e imagens.<\/td><\/tr><tr><td><strong>F\u00f3runs oficiais<\/strong>: A <a href=\"https:\/\/www.feedbackcasino.com\/br\/casa-de-apostas\/\" data-internallinksmanager029f6b8e52c=\"3\" title=\"Casas de Apostas\">casa de apostas<\/a> tamb\u00e9m possui f\u00f3runs oficiais em diferentes idiomas, onde voc\u00ea pode interagir com outros jogadores, compartilhar experi\u00eancias, dicas e feedbacks. Os f\u00f3runs tamb\u00e9m contam com a presen\u00e7a de moderadores e representantes da Stake, que podem esclarecer d\u00favidas e resolver problemas.<\/td><\/tr><tr><td><strong>Redes sociais<\/strong>: A Stake Bet est\u00e1 presente nas principais redes sociais, como Facebook, Twitter e Instagram, onde voc\u00ea pode acompanhar as novidades, promo\u00e7\u00f5es e sorteios da plataforma. Voc\u00ea tamb\u00e9m pode enviar mensagens privadas para a Stake nessas redes e receber uma resposta em breve.<\/td><\/tr><\/tbody><\/table><\/figure>\n\n\n\n<p>O suporte ao cliente da Stake est\u00e1 dispon\u00edvel em v\u00e1rios idiomas, incluindo portugu\u00eas. Voc\u00ea pode contar com a Stake para ter uma experi\u00eancia de jogo segura, divertida e satisfat\u00f3ria. <\/p>\n","protected":false},"excerpt":{"rendered":"<p>Stake Bet ou Stake Aposta s\u00e3o a mesma plataforma, mudando apenas o nome, e consiste em uma plataforma de aposta esportiva e tamb\u00e9m de cassino online. A Stake Bet foi criada em 2017 e al\u00e9m do Pix, aceita diversas criptomoedas como forma de pagamento, sem contar o incr\u00edvel b\u00f4nus de boas-vindas que a casa oferece [&hellip;]<\/p>\n","protected":false},"author":13,"featured_media":6416,"parent":11981,"menu_order":0,"comment_status":"closed","ping_status":"closed","template":"","meta":{"_acf_changed":false,"footnotes":"","_glsr_average":0,"_glsr_ranking":0,"_glsr_reviews":0},"acf":[],"_links":{"self":[{"href":"https:\/\/www.feedbackcasino.com\/br\/wp-json\/wp\/v2\/pages\/11985"}],"collection":[{"href":"https:\/\/www.feedbackcasino.com\/br\/wp-json\/wp\/v2\/pages"}],"about":[{"href":"https:\/\/www.feedbackcasino.com\/br\/wp-json\/wp\/v2\/types\/page"}],"author":[{"embeddable":true,"href":"https:\/\/www.feedbackcasino.com\/br\/wp-json\/wp\/v2\/users\/13"}],"replies":[{"embeddable":true,"href":"https:\/\/www.feedbackcasino.com\/br\/wp-json\/wp\/v2\/comments?post=11985"}],"version-history":[{"count":7,"href":"https:\/\/www.feedbackcasino.com\/br\/wp-json\/wp\/v2\/pages\/11985\/revisions"}],"predecessor-version":[{"id":12003,"href":"https:\/\/www.feedbackcasino.com\/br\/wp-json\/wp\/v2\/pages\/11985\/revisions\/12003"}],"up":[{"embeddable":true,"href":"https:\/\/www.feedbackcasino.com\/br\/wp-json\/wp\/v2\/pages\/11981"}],"wp:featuredmedia":[{"embeddable":true,"href":"https:\/\/www.feedbackcasino.com\/br\/wp-json\/wp\/v2\/media\/6416"}],"wp:attachment":[{"href":"https:\/\/www.feedbackcasino.com\/br\/wp-json\/wp\/v2\/media?parent=11985"}],"curies":[{"name":"wp","href":"https:\/\/api.w.org\/{rel}","templated":true}]}}