{"id":10886,"date":"2024-06-24T12:02:25","date_gmt":"2024-06-24T15:02:25","guid":{"rendered":"https:\/\/www.feedbackcasino.com\/br\/?page_id=10886"},"modified":"2024-06-24T12:02:29","modified_gmt":"2024-06-24T15:02:29","slug":"novibet-login","status":"publish","type":"page","link":"https:\/\/www.feedbackcasino.com\/br\/novibet-login\/","title":{"rendered":"Novibet Login"},"content":{"rendered":"\n<p>Saiba como realizar seu novibet login e desfrutar de jogos e apostas online em uma plataforma renomada: a Novibet!<\/p>\n\n\n\n<p><\/p>\n\n\n<div class=\"wp-block-image\">\n<figure class=\"alignright size-full\"><img fetchpriority=\"high\" decoding=\"async\" width=\"366\" height=\"381\" src=\"http:\/\/www.feedbackcasino.com\/br\/wp-content\/uploads\/2024\/06\/Captura-de-Tela-1814.png\" alt=\"novibet login\" class=\"wp-image-10890\" srcset=\"https:\/\/www.feedbackcasino.com\/br\/wp-content\/uploads\/2024\/06\/Captura-de-Tela-1814.png 366w, https:\/\/www.feedbackcasino.com\/br\/wp-content\/uploads\/2024\/06\/Captura-de-Tela-1814-288x300.png 288w, https:\/\/www.feedbackcasino.com\/br\/wp-content\/uploads\/2024\/06\/Captura-de-Tela-1814-38x40.png 38w, https:\/\/www.feedbackcasino.com\/br\/wp-content\/uploads\/2024\/06\/Captura-de-Tela-1814-31x32.png 31w, https:\/\/www.feedbackcasino.com\/br\/wp-content\/uploads\/2024\/06\/Captura-de-Tela-1814-77x80.png 77w, https:\/\/www.feedbackcasino.com\/br\/wp-content\/uploads\/2024\/06\/Captura-de-Tela-1814-130x135.png 130w\" sizes=\"(max-width: 366px) 100vw, 366px\" \/><\/figure><\/div>\n\n\n<h2 class=\"wp-block-heading\">Como Fazer o Novibet Login<\/h2>\n\n\n\n<p>Para fazer login na Novibet e aproveitar todas as vantagens da plataforma \u00e9 bem simples. Basta seguir esses passos:<\/p>\n\n\n\n<ol>\n<li>Pesquisar &#8216;Novibet&#8217; no Search do Google e abrir o site oficial;<\/li>\n\n\n\n<li>Achar a op\u00e7\u00e3o &#8216;entrar&#8217; no canto superior direito;<\/li>\n\n\n\n<li>Adicionar seu e-mail;<\/li>\n\n\n\n<li>Adicionar sua senha.<\/li>\n<\/ol>\n\n\n\n<p><\/p>\n\n\n\n<p><\/p>\n\n\n\n<p><strong>Agora que voc\u00ea j\u00e1 fez seu Novibet login, saiba tudo que voc\u00ea pode aproveitar na plataforma!<\/strong><\/p>\n\n\n\n<h2 class=\"wp-block-heading\">Em que ficar de olho na Novibet<\/h2>\n\n\n\n<p>A Novibet \u00e9 tanto uma <a href=\"https:\/\/www.feedbackcasino.com\/br\/casa-de-apostas\/\" data-internallinksmanager029f6b8e52c=\"3\" title=\"Casas de Apostas\">casa de apostas<\/a> quanto um <a href=\"https:\/\/www.feedbackcasino.com\/br\/cassinos-online\/\" data-internallinksmanager029f6b8e52c=\"4\" title=\"melhor cassino online\">cassino online<\/a>, o que gera uma <strong>versatilidade<\/strong> e <strong>oportunidades variadas de entretenimento.<\/strong> <\/p>\n\n\n\n<p>Ele \u00e9 uma plataforma de cassino online e apostas confi\u00e1vel e regulamentada, com licen\u00e7a emitida pela<a href=\"https:\/\/www.mga.org.mt\/\" target=\"_blank\" rel=\"noopener\"> Malta Gaming Authority (MGA)<\/a>, uma das autoridades de jogos de azar mais respeitadas no setor.<\/p>\n\n\n\n<p>Isso garante que o casino segue os padr\u00f5es de seguran\u00e7a e justi\u00e7a nos jogos, e sua licen\u00e7a pode ser consultada. A licen\u00e7a da MGA \u00e9 v\u00e1lida e regularmente renovada, garantindo a integridade e a transpar\u00eancia dos jogos oferecidos pelo cassino. <\/p>\n\n\n\n<p>Com essa licen\u00e7a, o Casino demonstra seu compromisso com a seguran\u00e7a e a transpar\u00eancia, sendo uma op\u00e7\u00e3o segura e confi\u00e1vel.<\/p>\n\n\n\n<h3 class=\"wp-block-heading\">Funcionalidades<\/h3>\n\n\n\n<p>Na plataforma, existe op\u00e7\u00e3o de apostas em esportes como futebol, basquete, futebol americano, v\u00f4lei e muito mais! J\u00e1 no cassino online ele possui jogos famosos e exclusivos, como Fortune Tiger, Aviator, Oink Farm 2 e Gates of Novibet.<\/p>\n\n\n\n<p>Para saber mais sobre ambas op\u00e7\u00f5es, visite o <a href=\"https:\/\/www.feedbackcasino.com\/br\/cassinos\/novibet\/\" target=\"_blank\" rel=\"noreferrer noopener\">Cassino Novibet<\/a> e <a href=\"https:\/\/www.feedbackcasino.com\/br\/cassinos\/novibet-apostas\/\">Novibet Apostas<\/a> e tenha informa\u00e7\u00f5es detalhadas sobre cada um.<\/p>\n\n\n\n<h3 class=\"wp-block-heading\">B\u00f4nus <\/h3>\n\n\n\n<p>A Novibet login oferece um <strong><a href=\"https:\/\/www.feedbackcasino.com\/br\/melhores-bonus\/\" data-internallinksmanager029f6b8e52c=\"2\" title=\"B\u00f4nus\">b\u00f4nus<\/a> de boas-vindas de 100% at\u00e9 R$ 1.000<\/strong> para novos jogadores, com um dep\u00f3sito inicial m\u00ednimo de R$ 20.<\/p>\n\n\n\n<p>Al\u00e9m disso, a plataforma disponibiliza<strong> rodadas gr\u00e1tis<\/strong> para jogadores que realizam dep\u00f3sitos regulares, que podem ser usadas em <a href=\"https:\/\/www.feedbackcasino.com\/br\/jogos-de-cassino-online\/\" data-internallinksmanager029f6b8e52c=\"8\" title=\"Jogos de Cassino Online\">jogos de cassino<\/a> online e apostas esportivas.<\/p>\n\n\n\n<p>Outro benef\u00edcio \u00e9 o <strong>b\u00f4nus de recarga de 10% at\u00e9 R$ 100<\/strong> para jogadores fi\u00e9is que fazem dep\u00f3sitos recorrentes, aplic\u00e1vel tanto a apostas esportivas quanto jogos de cassino.<\/p>\n\n\n\n<p>A Novibet login tamb\u00e9m possui um <strong>programa de fidelidade <\/strong>que recompensa jogadores com pontos, com base no n\u00famero de dep\u00f3sitos e apostas realizados.<\/p>\n\n\n\n<p>Por fim, a plataforma oferece outros incentivos, como um b\u00f4nus de<strong> R$ 50 para indica\u00e7\u00f5es<\/strong> e um <strong>b\u00f4nus de R$ 100<\/strong> para atingir determinado n\u00edvel de fidelidade.<\/p>\n","protected":false},"excerpt":{"rendered":"<p>Saiba como realizar seu novibet login e desfrutar de jogos e apostas online em uma plataforma renomada: a Novibet! Como Fazer o Novibet Login Para fazer login na Novibet e aproveitar todas as vantagens da plataforma \u00e9 bem simples. Basta seguir esses passos: Agora que voc\u00ea j\u00e1 fez seu Novibet login, saiba tudo que voc\u00ea [&hellip;]<\/p>\n","protected":false},"author":10,"featured_media":10894,"parent":0,"menu_order":0,"comment_status":"closed","ping_status":"closed","template":"","meta":{"_acf_changed":false,"footnotes":"","_glsr_average":0,"_glsr_ranking":0,"_glsr_reviews":0},"acf":[],"_links":{"self":[{"href":"https:\/\/www.feedbackcasino.com\/br\/wp-json\/wp\/v2\/pages\/10886"}],"collection":[{"href":"https:\/\/www.feedbackcasino.com\/br\/wp-json\/wp\/v2\/pages"}],"about":[{"href":"https:\/\/www.feedbackcasino.com\/br\/wp-json\/wp\/v2\/types\/page"}],"author":[{"embeddable":true,"href":"https:\/\/www.feedbackcasino.com\/br\/wp-json\/wp\/v2\/users\/10"}],"replies":[{"embeddable":true,"href":"https:\/\/www.feedbackcasino.com\/br\/wp-json\/wp\/v2\/comments?post=10886"}],"version-history":[{"count":6,"href":"https:\/\/www.feedbackcasino.com\/br\/wp-json\/wp\/v2\/pages\/10886\/revisions"}],"predecessor-version":[{"id":10895,"href":"https:\/\/www.feedbackcasino.com\/br\/wp-json\/wp\/v2\/pages\/10886\/revisions\/10895"}],"wp:featuredmedia":[{"embeddable":true,"href":"https:\/\/www.feedbackcasino.com\/br\/wp-json\/wp\/v2\/media\/10894"}],"wp:attachment":[{"href":"https:\/\/www.feedbackcasino.com\/br\/wp-json\/wp\/v2\/media?parent=10886"}],"curies":[{"name":"wp","href":"https:\/\/api.w.org\/{rel}","templated":true}]}}