{"id":10527,"date":"2024-06-13T10:59:10","date_gmt":"2024-06-13T13:59:10","guid":{"rendered":"https:\/\/www.feedbackcasino.com\/br\/?page_id=10527"},"modified":"2024-06-13T10:59:13","modified_gmt":"2024-06-13T13:59:13","slug":"h2bet-com","status":"publish","type":"page","link":"https:\/\/www.feedbackcasino.com\/br\/h2bet-apostas\/h2bet-com\/","title":{"rendered":"H2bet com"},"content":{"rendered":"\n<p>A <a href=\"https:\/\/www.feedbackcasino.com\/br\/cassinos\/h2bet-apostas\/\" target=\"_blank\" rel=\"noreferrer noopener\">H2bet<\/a> com \u00e9 uma nova <a href=\"https:\/\/www.feedbackcasino.com\/br\/casa-de-apostas\/\" data-internallinksmanager029f6b8e52c=\"3\" title=\"Casas de Apostas\">casa de apostas<\/a> no Brasil, com um futuro promissor e ofertas atraentes. Desde 2023, foca em apostas esportivas, especialmente no futebol, e em <a href=\"https:\/\/www.feedbackcasino.com\/br\/cassinos-online\/\" data-internallinksmanager029f6b8e52c=\"4\" title=\"melhor cassino online\">cassinos online<\/a>. <\/p>\n\n\n\n<p>E mais: a empresa j\u00e1 come\u00e7ou forte, patrocinando a Caz\u00e9TV e o jogador Marcelo, ex-Real Madrid e atual Fluminense. \u26bd<\/p>\n\n\n\n<p>A casa \u00e9 segura e possui a <strong>licen\u00e7a Master Gaming License #5536\/JAZ<\/strong> do Governo de Cura\u00e7ao. Isso assegura que a H2bet.com segue os protocolos internacionais para casas de apostas e cassinos, garantindo legalidade e confian\u00e7a no mercado de apostas online.<\/p>\n\n\n\n<p><\/p>\n\n\n\r\n\t<div class=\"space-shortcode-wrap space-shortcode-1 relative\">\r\n\t\t<div class=\"space-shortcode-wrap-ins relative\">\r\n\r\n\t\t\t\t\t\t<div class=\"space-block-title relative\">\r\n\t\t\t\t<span>Melhores Casas de Apostas Online<\/span>\r\n\t\t\t<\/div>\r\n\t\t\t\r\n\t\t\t<div class=\"space-companies-archive-items box-100 relative\">\r\n\r\n\t\t\t\t\r\n\t\t\t\t<div class=\"space-companies-archive-item box-25 relative\">\r\n\t\t\t\t\t<div class=\"space-companies-archive-item-ins relative\">\r\n\t\t\t\t\t\t\r\n\t\t\t\t\t\t<div class=\"space-companies-archive-item-wrap text-center relative\">\r\n\t\t\t\t\t\t\t\t\t\t\t\t\t\t\t<div class=\"space-companies-archive-item-img relative\">\r\n\t\t\t\t\t\t\t\t\t<a href=\"https:\/\/www.feedbackcasino.com\/br\/cassinos\/bet7k-apostas\/\" title=\"BET7K\">\r\n\t\t\t\t\t\t\t\t\t\t<img decoding=\"async\" width=\"120\" height=\"120\" src=\"https:\/\/www.feedbackcasino.com\/br\/wp-content\/uploads\/2024\/02\/bet7k-120x120.jpg\" class=\"attachment-mercury-120-120 size-mercury-120-120\" alt=\"BET7K\" srcset=\"https:\/\/www.feedbackcasino.com\/br\/wp-content\/uploads\/2024\/02\/bet7k-120x120.jpg 120w, https:\/\/www.feedbackcasino.com\/br\/wp-content\/uploads\/2024\/02\/bet7k-150x150.jpg 150w, https:\/\/www.feedbackcasino.com\/br\/wp-content\/uploads\/2024\/02\/bet7k-40x40.jpg 40w, https:\/\/www.feedbackcasino.com\/br\/wp-content\/uploads\/2024\/02\/bet7k-50x50.jpg 50w, https:\/\/www.feedbackcasino.com\/br\/wp-content\/uploads\/2024\/02\/bet7k-100x100.jpg 100w, https:\/\/www.feedbackcasino.com\/br\/wp-content\/uploads\/2024\/02\/bet7k-135x135.jpg 135w, https:\/\/www.feedbackcasino.com\/br\/wp-content\/uploads\/2024\/02\/bet7k-32x32.jpg 32w, https:\/\/www.feedbackcasino.com\/br\/wp-content\/uploads\/2024\/02\/bet7k-80x80.jpg 80w, https:\/\/www.feedbackcasino.com\/br\/wp-content\/uploads\/2024\/02\/bet7k.jpg 270w\" sizes=\"(max-width: 120px) 100vw, 120px\" \/>\t\t\t\t\t\t\t\t\t<\/a>\r\n\t\t\t\t\t\t\t\t<\/div>\r\n\t\t\t\t\t\t\t\t\r\n\t\t\t\t\t\t\t<div class=\"space-companies-archive-item-title relative\">\r\n\t\t\t\t\t\t\t\t<a href=\"https:\/\/www.feedbackcasino.com\/br\/cassinos\/bet7k-apostas\/\" title=\"BET7K\">BET7K<\/a>\r\n\r\n\t\t\t\t\t\t\t<\/div>\r\n\t\t\t\t\t\t\t\t\t\t\t\t\t\t\t<div class=\"space-companies-archive-item-rating relative\">\r\n\t\t\t\t\t\t\t\t\t<div class=\"star-rating\"><div class=\"star star-full\" aria-hidden=\"true\"><\/div><div class=\"star star-full\" aria-hidden=\"true\"><\/div><div class=\"star star-full\" aria-hidden=\"true\"><\/div><div class=\"star star-full\" aria-hidden=\"true\"><\/div><div class=\"star star-full\" aria-hidden=\"true\"><\/div><div class=\"star star-full\" aria-hidden=\"true\"><\/div><\/div>\t\t\t\t\t\t\t\t<\/div>\r\n\t\t\t\t\t\t\t\r\n\t\t\t\t\t\t\t\t\t\t\t\t\t\t<div class=\"space-companies-archive-item-short-desc relative\">\r\n\t\t\t\t\t\t\t\t<p>Bet7k a casa de apostas online favorita dos Brasileiros! Fa\u00e7a saques via <a href=\"https:\/\/www.feedbackcasino.com\/br\/metodo-deposito\/pix\/\" data-internallinksmanager029f6b8e52c=\"6\" title=\"Pix\">Pix<\/a> e receba seu dinheiro na hora!<\/p>\t\t\t\t\t\t\t<\/div>\r\n\t\t\t\t\t\t\t\r\n\t\t\t\t\t\t\t<div class=\"space-companies-archive-item-button relative\">\r\n\t\t\t\t\t\t\t\t<a href=\"https:\/\/www.feedbackcasino.com\/br\/ir\/bet7k\/\" title=\"Jogue Agora\" target=\"_blank\" rel=\"nofollow\">Jogue Agora<\/a>\r\n\t\t\t\t\t\t\t<\/div>\r\n\r\n\t\t\t\t\t\t\t\r\n\t\t\t\t\t\t\t\t\t\t\t\t\t\t\t\r\n\t\t\t\t\t\t<\/div>\r\n\t\t\t\t\t<\/div>\r\n\t\t\t\t<\/div>\r\n\r\n\t\t\t\t\r\n\t\t\t\t<div class=\"space-companies-archive-item box-25 relative\">\r\n\t\t\t\t\t<div class=\"space-companies-archive-item-ins relative\">\r\n\t\t\t\t\t\t\r\n\t\t\t\t\t\t<div class=\"space-companies-archive-item-wrap text-center relative\">\r\n\t\t\t\t\t\t\t\t\t\t\t\t\t\t\t<div class=\"space-companies-archive-item-img relative\">\r\n\t\t\t\t\t\t\t\t\t<a href=\"https:\/\/www.feedbackcasino.com\/br\/cassinos\/betao\/\" title=\"Bet\u00e3o\">\r\n\t\t\t\t\t\t\t\t\t\t<img decoding=\"async\" width=\"120\" height=\"120\" src=\"https:\/\/www.feedbackcasino.com\/br\/wp-content\/uploads\/2024\/08\/Logos-Cassinos-1-120x120.jpg\" class=\"attachment-mercury-120-120 size-mercury-120-120\" alt=\"Bet\u00e3o\" srcset=\"https:\/\/www.feedbackcasino.com\/br\/wp-content\/uploads\/2024\/08\/Logos-Cassinos-1-120x120.jpg 120w, https:\/\/www.feedbackcasino.com\/br\/wp-content\/uploads\/2024\/08\/Logos-Cassinos-1-150x150.jpg 150w, https:\/\/www.feedbackcasino.com\/br\/wp-content\/uploads\/2024\/08\/Logos-Cassinos-1-40x40.jpg 40w, https:\/\/www.feedbackcasino.com\/br\/wp-content\/uploads\/2024\/08\/Logos-Cassinos-1-50x50.jpg 50w, https:\/\/www.feedbackcasino.com\/br\/wp-content\/uploads\/2024\/08\/Logos-Cassinos-1-100x100.jpg 100w, https:\/\/www.feedbackcasino.com\/br\/wp-content\/uploads\/2024\/08\/Logos-Cassinos-1-135x135.jpg 135w, https:\/\/www.feedbackcasino.com\/br\/wp-content\/uploads\/2024\/08\/Logos-Cassinos-1-32x32.jpg 32w, https:\/\/www.feedbackcasino.com\/br\/wp-content\/uploads\/2024\/08\/Logos-Cassinos-1-80x80.jpg 80w, https:\/\/www.feedbackcasino.com\/br\/wp-content\/uploads\/2024\/08\/Logos-Cassinos-1.jpg 270w\" sizes=\"(max-width: 120px) 100vw, 120px\" \/>\t\t\t\t\t\t\t\t\t<\/a>\r\n\t\t\t\t\t\t\t\t<\/div>\r\n\t\t\t\t\t\t\t\t\r\n\t\t\t\t\t\t\t<div class=\"space-companies-archive-item-title relative\">\r\n\t\t\t\t\t\t\t\t<a href=\"https:\/\/www.feedbackcasino.com\/br\/cassinos\/betao\/\" title=\"Bet\u00e3o\">Bet\u00e3o<\/a>\r\n\r\n\t\t\t\t\t\t\t<\/div>\r\n\t\t\t\t\t\t\t\t\t\t\t\t\t\t\t<div class=\"space-companies-archive-item-rating relative\">\r\n\t\t\t\t\t\t\t\t\t<div class=\"star-rating\"><div class=\"star star-full\" aria-hidden=\"true\"><\/div><div class=\"star star-full\" aria-hidden=\"true\"><\/div><div class=\"star star-full\" aria-hidden=\"true\"><\/div><div class=\"star star-full\" aria-hidden=\"true\"><\/div><div class=\"star star-full\" aria-hidden=\"true\"><\/div><div class=\"star star-half\" aria-hidden=\"true\"><\/div><\/div>\t\t\t\t\t\t\t\t<\/div>\r\n\t\t\t\t\t\t\t\r\n\t\t\t\t\t\t\t\t\t\t\t\t\t\t<div class=\"space-companies-archive-item-short-desc relative\">\r\n\t\t\t\t\t\t\t\t<p>A Bet\u00e3o \u00e9 uma plataforma de apostas esportiva e cassino online que oferece uma larga variedade de entretenimento para seus usu\u00e1rios. Ela oferece diversos <a href=\"https:\/\/www.feedbackcasino.com\/br\/melhores-bonus\/\" data-internallinksmanager029f6b8e52c=\"2\" title=\"B\u00f4nus\">b\u00f4nus<\/a> e promo\u00e7\u00f5es, al\u00e9m de fazer v\u00e1rios sorteios para os seguidores de sua conta no Instagram todos os dias. N\u00e3o perca tempo e jogue na Bet\u00e3o.\u00a0<\/p>\t\t\t\t\t\t\t<\/div>\r\n\t\t\t\t\t\t\t\r\n\t\t\t\t\t\t\t<div class=\"space-companies-archive-item-button relative\">\r\n\t\t\t\t\t\t\t\t<a href=\"https:\/\/www.feedbackcasino.com\/br\/ir\/brazino777\/\" title=\"Jogue Agora\" target=\"_blank\" rel=\"nofollow\">Jogue Agora<\/a>\r\n\t\t\t\t\t\t\t<\/div>\r\n\r\n\t\t\t\t\t\t\t\r\n\t\t\t\t\t\t\t\t\t\t\t\t\t\t\t\r\n\t\t\t\t\t\t<\/div>\r\n\t\t\t\t\t<\/div>\r\n\t\t\t\t<\/div>\r\n\r\n\t\t\t\t\r\n\t\t\t\t<div class=\"space-companies-archive-item box-25 relative\">\r\n\t\t\t\t\t<div class=\"space-companies-archive-item-ins relative\">\r\n\t\t\t\t\t\t\r\n\t\t\t\t\t\t<div class=\"space-companies-archive-item-wrap text-center relative\">\r\n\t\t\t\t\t\t\t\t\t\t\t\t\t\t\t<div class=\"space-companies-archive-item-img relative\">\r\n\t\t\t\t\t\t\t\t\t<a href=\"https:\/\/www.feedbackcasino.com\/br\/cassinos\/superbet\/\" title=\"Superbet\">\r\n\t\t\t\t\t\t\t\t\t\t<img decoding=\"async\" width=\"120\" height=\"120\" src=\"https:\/\/www.feedbackcasino.com\/br\/wp-content\/uploads\/2024\/08\/download-1-120x120.png\" class=\"attachment-mercury-120-120 size-mercury-120-120\" alt=\"Superbet\" srcset=\"https:\/\/www.feedbackcasino.com\/br\/wp-content\/uploads\/2024\/08\/download-1-120x120.png 120w, https:\/\/www.feedbackcasino.com\/br\/wp-content\/uploads\/2024\/08\/download-1-150x150.png 150w, https:\/\/www.feedbackcasino.com\/br\/wp-content\/uploads\/2024\/08\/download-1-40x40.png 40w, https:\/\/www.feedbackcasino.com\/br\/wp-content\/uploads\/2024\/08\/download-1-50x50.png 50w, https:\/\/www.feedbackcasino.com\/br\/wp-content\/uploads\/2024\/08\/download-1-100x100.png 100w, https:\/\/www.feedbackcasino.com\/br\/wp-content\/uploads\/2024\/08\/download-1-135x135.png 135w, https:\/\/www.feedbackcasino.com\/br\/wp-content\/uploads\/2024\/08\/download-1-32x32.png 32w, https:\/\/www.feedbackcasino.com\/br\/wp-content\/uploads\/2024\/08\/download-1-80x80.png 80w, https:\/\/www.feedbackcasino.com\/br\/wp-content\/uploads\/2024\/08\/download-1.png 225w\" sizes=\"(max-width: 120px) 100vw, 120px\" \/>\t\t\t\t\t\t\t\t\t<\/a>\r\n\t\t\t\t\t\t\t\t<\/div>\r\n\t\t\t\t\t\t\t\t\r\n\t\t\t\t\t\t\t<div class=\"space-companies-archive-item-title relative\">\r\n\t\t\t\t\t\t\t\t<a href=\"https:\/\/www.feedbackcasino.com\/br\/cassinos\/superbet\/\" title=\"Superbet\">Superbet<\/a>\r\n\r\n\t\t\t\t\t\t\t<\/div>\r\n\t\t\t\t\t\t\t\t\t\t\t\t\t\t\t<div class=\"space-companies-archive-item-rating relative\">\r\n\t\t\t\t\t\t\t\t\t<div class=\"star-rating\"><div class=\"star star-full\" aria-hidden=\"true\"><\/div><div class=\"star star-full\" aria-hidden=\"true\"><\/div><div class=\"star star-full\" aria-hidden=\"true\"><\/div><div class=\"star star-full\" aria-hidden=\"true\"><\/div><div class=\"star star-full\" aria-hidden=\"true\"><\/div><div class=\"star star-half\" aria-hidden=\"true\"><\/div><\/div>\t\t\t\t\t\t\t\t<\/div>\r\n\t\t\t\t\t\t\t\r\n\t\t\t\t\t\t\t\t\t\t\t\t\t\t<div class=\"space-companies-archive-item-short-desc relative\">\r\n\t\t\t\t\t\t\t\t<p>Voc\u00ea sabe como aproveitar os b\u00f4nus de boas-vindas e promo\u00e7\u00f5es na Superbet, uma das casas de apostas mais confi\u00e1veis e populares no Brasil? Leia o artigo para saber como garantir os benef\u00edcios.<\/p>\t\t\t\t\t\t\t<\/div>\r\n\t\t\t\t\t\t\t\r\n\t\t\t\t\t\t\t<div class=\"space-companies-archive-item-button relative\">\r\n\t\t\t\t\t\t\t\t<a href=\"https:\/\/www.feedbackcasino.com\/br\/ir\/superbet\/\" title=\"Jogue Agora\" target=\"_blank\" rel=\"nofollow\">Jogue Agora<\/a>\r\n\t\t\t\t\t\t\t<\/div>\r\n\r\n\t\t\t\t\t\t\t\r\n\t\t\t\t\t\t\t\t\t\t\t\t\t\t\t\r\n\t\t\t\t\t\t<\/div>\r\n\t\t\t\t\t<\/div>\r\n\t\t\t\t<\/div>\r\n\r\n\t\t\t\t\r\n\t\t\t\t<div class=\"space-companies-archive-item box-25 relative\">\r\n\t\t\t\t\t<div class=\"space-companies-archive-item-ins relative\">\r\n\t\t\t\t\t\t\r\n\t\t\t\t\t\t<div class=\"space-companies-archive-item-wrap text-center relative\">\r\n\t\t\t\t\t\t\t\t\t\t\t\t\t\t\t<div class=\"space-companies-archive-item-img relative\">\r\n\t\t\t\t\t\t\t\t\t<a href=\"https:\/\/www.feedbackcasino.com\/br\/cassinos\/stake-apostas-2\/\" title=\"Stake Apostas\">\r\n\t\t\t\t\t\t\t\t\t\t<img loading=\"lazy\" decoding=\"async\" width=\"120\" height=\"120\" src=\"https:\/\/www.feedbackcasino.com\/br\/wp-content\/uploads\/2024\/02\/stake-cassino-120x120.jpg\" class=\"attachment-mercury-120-120 size-mercury-120-120\" alt=\"Stake Apostas\" srcset=\"https:\/\/www.feedbackcasino.com\/br\/wp-content\/uploads\/2024\/02\/stake-cassino-120x120.jpg 120w, https:\/\/www.feedbackcasino.com\/br\/wp-content\/uploads\/2024\/02\/stake-cassino-150x150.jpg 150w, https:\/\/www.feedbackcasino.com\/br\/wp-content\/uploads\/2024\/02\/stake-cassino-40x40.jpg 40w, https:\/\/www.feedbackcasino.com\/br\/wp-content\/uploads\/2024\/02\/stake-cassino-50x50.jpg 50w, https:\/\/www.feedbackcasino.com\/br\/wp-content\/uploads\/2024\/02\/stake-cassino-100x100.jpg 100w, https:\/\/www.feedbackcasino.com\/br\/wp-content\/uploads\/2024\/02\/stake-cassino-135x135.jpg 135w, https:\/\/www.feedbackcasino.com\/br\/wp-content\/uploads\/2024\/02\/stake-cassino-32x32.jpg 32w, https:\/\/www.feedbackcasino.com\/br\/wp-content\/uploads\/2024\/02\/stake-cassino-80x80.jpg 80w, https:\/\/www.feedbackcasino.com\/br\/wp-content\/uploads\/2024\/02\/stake-cassino.jpg 270w\" sizes=\"(max-width: 120px) 100vw, 120px\" \/>\t\t\t\t\t\t\t\t\t<\/a>\r\n\t\t\t\t\t\t\t\t<\/div>\r\n\t\t\t\t\t\t\t\t\r\n\t\t\t\t\t\t\t<div class=\"space-companies-archive-item-title relative\">\r\n\t\t\t\t\t\t\t\t<a href=\"https:\/\/www.feedbackcasino.com\/br\/cassinos\/stake-apostas-2\/\" title=\"Stake Apostas\">Stake Apostas<\/a>\r\n\r\n\t\t\t\t\t\t\t<\/div>\r\n\t\t\t\t\t\t\t\t\t\t\t\t\t\t\t<div class=\"space-companies-archive-item-rating relative\">\r\n\t\t\t\t\t\t\t\t\t<div class=\"star-rating\"><div class=\"star star-full\" aria-hidden=\"true\"><\/div><div class=\"star star-full\" aria-hidden=\"true\"><\/div><div class=\"star star-full\" aria-hidden=\"true\"><\/div><div class=\"star star-full\" aria-hidden=\"true\"><\/div><div class=\"star star-full\" aria-hidden=\"true\"><\/div><div class=\"star star-half\" aria-hidden=\"true\"><\/div><\/div>\t\t\t\t\t\t\t\t<\/div>\r\n\t\t\t\t\t\t\t\r\n\t\t\t\t\t\t\t\t\t\t\t\t\t\t<div class=\"space-companies-archive-item-short-desc relative\">\r\n\t\t\t\t\t\t\t\t<p>A Stake \u00e9 uma plataforma de aposta esportiva e cassino online que entrega diversas op\u00e7\u00f5es de apostas para seus usu\u00e1rios, al\u00e9m de oferecer um atendimento ao cliente eficaz. Conhe\u00e7a a casa e experimente uma infinidade de divers\u00f5es!\u00a0<\/p>\t\t\t\t\t\t\t<\/div>\r\n\t\t\t\t\t\t\t\r\n\t\t\t\t\t\t\t<div class=\"space-companies-archive-item-button relative\">\r\n\t\t\t\t\t\t\t\t<a href=\"https:\/\/www.feedbackcasino.com\/br\/ir\/brazino777\/\" title=\"Jogue Agora\" target=\"_blank\" rel=\"nofollow\">Jogue Agora<\/a>\r\n\t\t\t\t\t\t\t<\/div>\r\n\r\n\t\t\t\t\t\t\t\r\n\t\t\t\t\t\t\t\t\t\t\t\t\t\t\t\r\n\t\t\t\t\t\t<\/div>\r\n\t\t\t\t\t<\/div>\r\n\t\t\t\t<\/div>\r\n\r\n\t\t\t\t\r\n\t\t\t<\/div>\r\n\t\t\r\n\t\t<\/div>\r\n\t<\/div>\r\n\r\n\t\n\n\n\n<p><\/p>\n\n\n\n<h2 class=\"wp-block-heading\">H2bet com Apostas <\/h2>\n\n\n\n<p>A H2bet.com oferece uma ampla variedade de esportes, focando principalmente no <strong>futebol<\/strong>, cobrindo desde o <strong>Campeonato Brasileiro<\/strong> at\u00e9 competi\u00e7\u00f5es internacionais como a <strong>Champions League <\/strong>e a <strong>Libertadores<\/strong>. Al\u00e9m do futebol, h\u00e1 op\u00e7\u00f5es para apostar em <strong>basquete<\/strong>, <strong>t\u00eanis<\/strong>, <strong>v\u00f4lei<\/strong> e mais. <\/p>\n\n\n\n<p>Os usu\u00e1rios podem escolher seu time favorito e apostar em eventos especiais como os Jogos Ol\u00edmpicos de 2024. A plataforma tamb\u00e9m disponibiliza o recurso de <a href=\"https:\/\/www.goal.com\/br\/apostas\/cash-out\/blt4be76f4def755559\" target=\"_blank\" rel=\"noreferrer noopener\">Cash Out<\/a> para esportes selecionados, permitindo mais controle sobre as apostas.<\/p>\n\n\n\n<h3 class=\"wp-block-heading\">M\u00e9todos de Pagamento na H2bet.com<\/h3>\n\n\n\n<p>A H2bet com utiliza apenas o PIX como m\u00e9todo de pagamento, o que pode ser visto como uma limita\u00e7\u00e3o comparada \u00e0s concorrentes que oferecem v\u00e1rias op\u00e7\u00f5es. Apesar da praticidade e rapidez do <strong>PIX<\/strong>, a falta de alternativas pode ser um ponto negativo. <\/p>\n\n\n\n<p><strong>O dep\u00f3sito m\u00ednimo \u00e9 de R$ 2,00 e o saque m\u00ednimo \u00e9 de R$ 10,00.<\/strong><\/p>\n\n\n<div class=\"wp-block-image\">\n<figure class=\"alignleft size-full is-resized\"><img loading=\"lazy\" decoding=\"async\" width=\"270\" height=\"270\" src=\"http:\/\/www.feedbackcasino.com\/br\/wp-content\/uploads\/2024\/06\/h2bet-2.png\" alt=\"h2bet com\" class=\"wp-image-10535\" style=\"width:135px;height:auto\" srcset=\"https:\/\/www.feedbackcasino.com\/br\/wp-content\/uploads\/2024\/06\/h2bet-2.png 270w, https:\/\/www.feedbackcasino.com\/br\/wp-content\/uploads\/2024\/06\/h2bet-2-150x150.png 150w, https:\/\/www.feedbackcasino.com\/br\/wp-content\/uploads\/2024\/06\/h2bet-2-40x40.png 40w, https:\/\/www.feedbackcasino.com\/br\/wp-content\/uploads\/2024\/06\/h2bet-2-50x50.png 50w, https:\/\/www.feedbackcasino.com\/br\/wp-content\/uploads\/2024\/06\/h2bet-2-100x100.png 100w, https:\/\/www.feedbackcasino.com\/br\/wp-content\/uploads\/2024\/06\/h2bet-2-120x120.png 120w, https:\/\/www.feedbackcasino.com\/br\/wp-content\/uploads\/2024\/06\/h2bet-2-135x135.png 135w, https:\/\/www.feedbackcasino.com\/br\/wp-content\/uploads\/2024\/06\/h2bet-2-32x32.png 32w, https:\/\/www.feedbackcasino.com\/br\/wp-content\/uploads\/2024\/06\/h2bet-2-80x80.png 80w\" sizes=\"(max-width: 270px) 100vw, 270px\" \/><\/figure><\/div>\n\n\n<h3 class=\"wp-block-heading\">H2bet App<\/h3>\n\n\n\n<p>A H2bet.com ainda n\u00e3o possui um aplicativo m\u00f3vel, apesar de ser uma boa op\u00e7\u00e3o no mercado brasileiro. No entanto, \u00e9 poss\u00edvel criar um atalho para facilitar o acesso. Aqui est\u00e1 um <a href=\"https:\/\/www.feedbackcasino.com\/br\/h2bet-2\/h2bet-app\/\">guia<\/a> passo a passo para ter seu pr\u00f3prio H2bet app.<\/p>\n\n\n\n<h3 class=\"wp-block-heading\">Conclus\u00e3o sobre a H2bet com<\/h3>\n\n\n\n<p>Ap\u00f3s uma an\u00e1lise detalhada, n\u00f3s do FeedBack Casino conclu\u00edmos que a H2bet com \u00e9 uma <strong>op\u00e7\u00e3o promissora<\/strong> no mercado de apostas. <\/p>\n\n\n\n<p>Ela se destaca pela facilidade de apostas, site responsivo, diversidade de modalidades e tipos de apostas, al\u00e9m dos b\u00f4nus atrativos. No entanto, h\u00e1 <strong>aspectos a serem melhorados<\/strong> para competir com outras casas maiores. <\/p>\n\n\n\n<hr class=\"wp-block-separator has-alpha-channel-opacity\"\/>\n\n\n\n<p><\/p>\n\n\n\n<p>Se gostaria de saber mais sobre\u00a0cassinos\u00a0e casas de apostas, leia nossas an\u00e1lises completas.<\/p>\n\n\n\n<p><strong>Nosso time \u00e9 comprometido com a verdade e buscamos sempre atualizar nossos leitores sobre os detalhes de jogos, casas de apostas,\u00a0<a href=\"https:\/\/www.feedbackcasino.com\/br\/cassinos-online\/\">cassino online<\/a>\u00a0e tamb\u00e9m sobre golpes.<\/strong><\/p>\n","protected":false},"excerpt":{"rendered":"<p>A H2bet com \u00e9 uma nova casa de apostas no Brasil, com um futuro promissor e ofertas atraentes. Desde 2023, foca em apostas esportivas, especialmente no futebol, e em cassinos online. E mais: a empresa j\u00e1 come\u00e7ou forte, patrocinando a Caz\u00e9TV e o jogador Marcelo, ex-Real Madrid e atual Fluminense. \u26bd A casa \u00e9 segura [&hellip;]<\/p>\n","protected":false},"author":10,"featured_media":10535,"parent":10489,"menu_order":0,"comment_status":"closed","ping_status":"closed","template":"","meta":{"_acf_changed":false,"footnotes":"","_glsr_average":0,"_glsr_ranking":0,"_glsr_reviews":0},"acf":[],"_links":{"self":[{"href":"https:\/\/www.feedbackcasino.com\/br\/wp-json\/wp\/v2\/pages\/10527"}],"collection":[{"href":"https:\/\/www.feedbackcasino.com\/br\/wp-json\/wp\/v2\/pages"}],"about":[{"href":"https:\/\/www.feedbackcasino.com\/br\/wp-json\/wp\/v2\/types\/page"}],"author":[{"embeddable":true,"href":"https:\/\/www.feedbackcasino.com\/br\/wp-json\/wp\/v2\/users\/10"}],"replies":[{"embeddable":true,"href":"https:\/\/www.feedbackcasino.com\/br\/wp-json\/wp\/v2\/comments?post=10527"}],"version-history":[{"count":6,"href":"https:\/\/www.feedbackcasino.com\/br\/wp-json\/wp\/v2\/pages\/10527\/revisions"}],"predecessor-version":[{"id":10537,"href":"https:\/\/www.feedbackcasino.com\/br\/wp-json\/wp\/v2\/pages\/10527\/revisions\/10537"}],"up":[{"embeddable":true,"href":"https:\/\/www.feedbackcasino.com\/br\/wp-json\/wp\/v2\/pages\/10489"}],"wp:featuredmedia":[{"embeddable":true,"href":"https:\/\/www.feedbackcasino.com\/br\/wp-json\/wp\/v2\/media\/10535"}],"wp:attachment":[{"href":"https:\/\/www.feedbackcasino.com\/br\/wp-json\/wp\/v2\/media?parent=10527"}],"curies":[{"name":"wp","href":"https:\/\/api.w.org\/{rel}","templated":true}]}}