{"id":10514,"date":"2024-06-12T14:59:25","date_gmt":"2024-06-12T17:59:25","guid":{"rendered":"https:\/\/www.feedbackcasino.com\/br\/?page_id=10514"},"modified":"2024-06-12T15:00:39","modified_gmt":"2024-06-12T18:00:39","slug":"h2bet-app","status":"publish","type":"page","link":"https:\/\/www.feedbackcasino.com\/br\/h2bet-apostas\/h2bet-app\/","title":{"rendered":"H2bet App"},"content":{"rendered":"\n<p>A <a href=\"https:\/\/www.feedbackcasino.com\/br\/cassinos\/h2bet-apostas\/\">H2bet<\/a> \u00e9 uma <a href=\"https:\/\/www.feedbackcasino.com\/br\/casa-de-apostas\/\" data-internallinksmanager029f6b8e52c=\"3\" title=\"Casas de Apostas\">casa de apostas<\/a> que come\u00e7ou no mercado brasileiro em 2023, destacando-se pelo patroc\u00ednio de influenciadores como Caz\u00e9TV e o jogador Marcelo, do Fluminense. <\/p>\n\n\n\n<p>A plataforma oferece uma ampla variedade de apostas esportivas e funcionalidades como o Cash Out, operando sob <a href=\"https:\/\/knoxxit2.sharepoint.com\/sites\/CIL-Validations\/Shared%20Documents\/Forms\/AllItems.aspx?id=%2Fsites%2FCIL%2DValidations%2FShared%20Documents%2FGaming%20License%20Certificates%2FH2%20Sports%20NV%2FH2%20Sports%20N%2EV%2E%5Fh2bet%2Ecom%2Epdf&amp;parent=%2Fsites%2FCIL%2DValidations%2FShared%20Documents%2FGaming%20License%20Certificates%2FH2%20Sports%20NV&amp;p=true&amp;ga=1\" target=\"_blank\" rel=\"noopener\">licen\u00e7a de Cura\u00e7ao<\/a> para garantir seguran\u00e7a e confiabilidade aos usu\u00e1rios. <\/p>\n\n\n\n<p><strong>Com isso, saiba tudo que voc\u00ea precisa saber para usar a plataforma H2bet app.<\/strong><\/p>\n\n\n\n<p><\/p>\n\n\n\n<h2 class=\"wp-block-heading\">H2bet App<\/h2>\n\n\n<div class=\"wp-block-image\">\n<figure class=\"alignleft size-full is-resized\"><img fetchpriority=\"high\" decoding=\"async\" width=\"270\" height=\"270\" src=\"http:\/\/www.feedbackcasino.com\/br\/wp-content\/uploads\/2024\/06\/h2bet-1.png\" alt=\"h2bet app\" class=\"wp-image-10518\" style=\"width:165px;height:auto\" srcset=\"https:\/\/www.feedbackcasino.com\/br\/wp-content\/uploads\/2024\/06\/h2bet-1.png 270w, https:\/\/www.feedbackcasino.com\/br\/wp-content\/uploads\/2024\/06\/h2bet-1-150x150.png 150w, https:\/\/www.feedbackcasino.com\/br\/wp-content\/uploads\/2024\/06\/h2bet-1-40x40.png 40w, https:\/\/www.feedbackcasino.com\/br\/wp-content\/uploads\/2024\/06\/h2bet-1-50x50.png 50w, https:\/\/www.feedbackcasino.com\/br\/wp-content\/uploads\/2024\/06\/h2bet-1-100x100.png 100w, https:\/\/www.feedbackcasino.com\/br\/wp-content\/uploads\/2024\/06\/h2bet-1-120x120.png 120w, https:\/\/www.feedbackcasino.com\/br\/wp-content\/uploads\/2024\/06\/h2bet-1-135x135.png 135w, https:\/\/www.feedbackcasino.com\/br\/wp-content\/uploads\/2024\/06\/h2bet-1-32x32.png 32w, https:\/\/www.feedbackcasino.com\/br\/wp-content\/uploads\/2024\/06\/h2bet-1-80x80.png 80w\" sizes=\"(max-width: 270px) 100vw, 270px\" \/><\/figure><\/div>\n\n\n<p>Apesar de ser uma \u00f3tima op\u00e7\u00e3o no mercado de apostas do brasil, a casa de apostas \u00e9 recente e n\u00e3o possui nenhum aplicativo m\u00f3vel para chamar de seu.<\/p>\n\n\n\n<p>No entanto, existe uma funcionalidade bem legal que permite &#8216;criar&#8217; um app &#8211; mas na verdade \u00e9 um atalho &#8211; que facilita a vida dos jogadores. Assim, vamos te ensinar passo a passo de como ter seu pr\u00f3prio H2bet app!<\/p>\n\n\n\n<p><\/p>\n\n\n\r\n\t<div class=\"space-shortcode-wrap space-shortcode-1 relative\">\r\n\t\t<div class=\"space-shortcode-wrap-ins relative\">\r\n\r\n\t\t\t\t\t\t<div class=\"space-block-title relative\">\r\n\t\t\t\t<span>Melhores Casas de Apostas Online<\/span>\r\n\t\t\t<\/div>\r\n\t\t\t\r\n\t\t\t<div class=\"space-companies-archive-items box-100 relative\">\r\n\r\n\t\t\t\t\r\n\t\t\t\t<div class=\"space-companies-archive-item box-25 relative\">\r\n\t\t\t\t\t<div class=\"space-companies-archive-item-ins relative\">\r\n\t\t\t\t\t\t\r\n\t\t\t\t\t\t<div class=\"space-companies-archive-item-wrap text-center relative\">\r\n\t\t\t\t\t\t\t\t\t\t\t\t\t\t\t<div class=\"space-companies-archive-item-img relative\">\r\n\t\t\t\t\t\t\t\t\t<a href=\"https:\/\/www.feedbackcasino.com\/br\/cassinos\/bet7k-apostas\/\" title=\"BET7K\">\r\n\t\t\t\t\t\t\t\t\t\t<img decoding=\"async\" width=\"120\" height=\"120\" src=\"https:\/\/www.feedbackcasino.com\/br\/wp-content\/uploads\/2024\/02\/bet7k-120x120.jpg\" class=\"attachment-mercury-120-120 size-mercury-120-120\" alt=\"BET7K\" srcset=\"https:\/\/www.feedbackcasino.com\/br\/wp-content\/uploads\/2024\/02\/bet7k-120x120.jpg 120w, https:\/\/www.feedbackcasino.com\/br\/wp-content\/uploads\/2024\/02\/bet7k-150x150.jpg 150w, https:\/\/www.feedbackcasino.com\/br\/wp-content\/uploads\/2024\/02\/bet7k-40x40.jpg 40w, https:\/\/www.feedbackcasino.com\/br\/wp-content\/uploads\/2024\/02\/bet7k-50x50.jpg 50w, https:\/\/www.feedbackcasino.com\/br\/wp-content\/uploads\/2024\/02\/bet7k-100x100.jpg 100w, https:\/\/www.feedbackcasino.com\/br\/wp-content\/uploads\/2024\/02\/bet7k-135x135.jpg 135w, https:\/\/www.feedbackcasino.com\/br\/wp-content\/uploads\/2024\/02\/bet7k-32x32.jpg 32w, https:\/\/www.feedbackcasino.com\/br\/wp-content\/uploads\/2024\/02\/bet7k-80x80.jpg 80w, https:\/\/www.feedbackcasino.com\/br\/wp-content\/uploads\/2024\/02\/bet7k.jpg 270w\" sizes=\"(max-width: 120px) 100vw, 120px\" \/>\t\t\t\t\t\t\t\t\t<\/a>\r\n\t\t\t\t\t\t\t\t<\/div>\r\n\t\t\t\t\t\t\t\t\r\n\t\t\t\t\t\t\t<div class=\"space-companies-archive-item-title relative\">\r\n\t\t\t\t\t\t\t\t<a href=\"https:\/\/www.feedbackcasino.com\/br\/cassinos\/bet7k-apostas\/\" title=\"BET7K\">BET7K<\/a>\r\n\r\n\t\t\t\t\t\t\t<\/div>\r\n\t\t\t\t\t\t\t\t\t\t\t\t\t\t\t<div class=\"space-companies-archive-item-rating relative\">\r\n\t\t\t\t\t\t\t\t\t<div class=\"star-rating\"><div class=\"star star-full\" aria-hidden=\"true\"><\/div><div class=\"star star-full\" aria-hidden=\"true\"><\/div><div class=\"star star-full\" aria-hidden=\"true\"><\/div><div class=\"star star-full\" aria-hidden=\"true\"><\/div><div class=\"star star-full\" aria-hidden=\"true\"><\/div><div class=\"star star-full\" aria-hidden=\"true\"><\/div><\/div>\t\t\t\t\t\t\t\t<\/div>\r\n\t\t\t\t\t\t\t\r\n\t\t\t\t\t\t\t\t\t\t\t\t\t\t<div class=\"space-companies-archive-item-short-desc relative\">\r\n\t\t\t\t\t\t\t\t<p>Bet7k a casa de apostas online favorita dos Brasileiros! Fa\u00e7a saques via <a href=\"https:\/\/www.feedbackcasino.com\/br\/metodo-deposito\/pix\/\" data-internallinksmanager029f6b8e52c=\"6\" title=\"Pix\">Pix<\/a> e receba seu dinheiro na hora!<\/p>\t\t\t\t\t\t\t<\/div>\r\n\t\t\t\t\t\t\t\r\n\t\t\t\t\t\t\t<div class=\"space-companies-archive-item-button relative\">\r\n\t\t\t\t\t\t\t\t<a href=\"https:\/\/www.feedbackcasino.com\/br\/ir\/bet7k\/\" title=\"Jogue Agora\" target=\"_blank\" rel=\"nofollow\">Jogue Agora<\/a>\r\n\t\t\t\t\t\t\t<\/div>\r\n\r\n\t\t\t\t\t\t\t\r\n\t\t\t\t\t\t\t\t\t\t\t\t\t\t\t\r\n\t\t\t\t\t\t<\/div>\r\n\t\t\t\t\t<\/div>\r\n\t\t\t\t<\/div>\r\n\r\n\t\t\t\t\r\n\t\t\t\t<div class=\"space-companies-archive-item box-25 relative\">\r\n\t\t\t\t\t<div class=\"space-companies-archive-item-ins relative\">\r\n\t\t\t\t\t\t\r\n\t\t\t\t\t\t<div class=\"space-companies-archive-item-wrap text-center relative\">\r\n\t\t\t\t\t\t\t\t\t\t\t\t\t\t\t<div class=\"space-companies-archive-item-img relative\">\r\n\t\t\t\t\t\t\t\t\t<a href=\"https:\/\/www.feedbackcasino.com\/br\/cassinos\/betao\/\" title=\"Bet\u00e3o\">\r\n\t\t\t\t\t\t\t\t\t\t<img decoding=\"async\" width=\"120\" height=\"120\" src=\"https:\/\/www.feedbackcasino.com\/br\/wp-content\/uploads\/2024\/08\/Logos-Cassinos-1-120x120.jpg\" class=\"attachment-mercury-120-120 size-mercury-120-120\" alt=\"Bet\u00e3o\" srcset=\"https:\/\/www.feedbackcasino.com\/br\/wp-content\/uploads\/2024\/08\/Logos-Cassinos-1-120x120.jpg 120w, https:\/\/www.feedbackcasino.com\/br\/wp-content\/uploads\/2024\/08\/Logos-Cassinos-1-150x150.jpg 150w, https:\/\/www.feedbackcasino.com\/br\/wp-content\/uploads\/2024\/08\/Logos-Cassinos-1-40x40.jpg 40w, https:\/\/www.feedbackcasino.com\/br\/wp-content\/uploads\/2024\/08\/Logos-Cassinos-1-50x50.jpg 50w, https:\/\/www.feedbackcasino.com\/br\/wp-content\/uploads\/2024\/08\/Logos-Cassinos-1-100x100.jpg 100w, https:\/\/www.feedbackcasino.com\/br\/wp-content\/uploads\/2024\/08\/Logos-Cassinos-1-135x135.jpg 135w, https:\/\/www.feedbackcasino.com\/br\/wp-content\/uploads\/2024\/08\/Logos-Cassinos-1-32x32.jpg 32w, https:\/\/www.feedbackcasino.com\/br\/wp-content\/uploads\/2024\/08\/Logos-Cassinos-1-80x80.jpg 80w, https:\/\/www.feedbackcasino.com\/br\/wp-content\/uploads\/2024\/08\/Logos-Cassinos-1.jpg 270w\" sizes=\"(max-width: 120px) 100vw, 120px\" \/>\t\t\t\t\t\t\t\t\t<\/a>\r\n\t\t\t\t\t\t\t\t<\/div>\r\n\t\t\t\t\t\t\t\t\r\n\t\t\t\t\t\t\t<div class=\"space-companies-archive-item-title relative\">\r\n\t\t\t\t\t\t\t\t<a href=\"https:\/\/www.feedbackcasino.com\/br\/cassinos\/betao\/\" title=\"Bet\u00e3o\">Bet\u00e3o<\/a>\r\n\r\n\t\t\t\t\t\t\t<\/div>\r\n\t\t\t\t\t\t\t\t\t\t\t\t\t\t\t<div class=\"space-companies-archive-item-rating relative\">\r\n\t\t\t\t\t\t\t\t\t<div class=\"star-rating\"><div class=\"star star-full\" aria-hidden=\"true\"><\/div><div class=\"star star-full\" aria-hidden=\"true\"><\/div><div class=\"star star-full\" aria-hidden=\"true\"><\/div><div class=\"star star-full\" aria-hidden=\"true\"><\/div><div class=\"star star-full\" aria-hidden=\"true\"><\/div><div class=\"star star-half\" aria-hidden=\"true\"><\/div><\/div>\t\t\t\t\t\t\t\t<\/div>\r\n\t\t\t\t\t\t\t\r\n\t\t\t\t\t\t\t\t\t\t\t\t\t\t<div class=\"space-companies-archive-item-short-desc relative\">\r\n\t\t\t\t\t\t\t\t<p>A Bet\u00e3o \u00e9 uma plataforma de apostas esportiva e <a href=\"https:\/\/www.feedbackcasino.com\/br\/cassinos-online\/\" data-internallinksmanager029f6b8e52c=\"4\" title=\"melhor cassino online\">cassino online<\/a> que oferece uma larga variedade de entretenimento para seus usu\u00e1rios. Ela oferece diversos <a href=\"https:\/\/www.feedbackcasino.com\/br\/melhores-bonus\/\" data-internallinksmanager029f6b8e52c=\"2\" title=\"B\u00f4nus\">b\u00f4nus<\/a> e promo\u00e7\u00f5es, al\u00e9m de fazer v\u00e1rios sorteios para os seguidores de sua conta no Instagram todos os dias. N\u00e3o perca tempo e jogue na Bet\u00e3o.\u00a0<\/p>\t\t\t\t\t\t\t<\/div>\r\n\t\t\t\t\t\t\t\r\n\t\t\t\t\t\t\t<div class=\"space-companies-archive-item-button relative\">\r\n\t\t\t\t\t\t\t\t<a href=\"https:\/\/www.feedbackcasino.com\/br\/ir\/brazino777\/\" title=\"Jogue Agora\" target=\"_blank\" rel=\"nofollow\">Jogue Agora<\/a>\r\n\t\t\t\t\t\t\t<\/div>\r\n\r\n\t\t\t\t\t\t\t\r\n\t\t\t\t\t\t\t\t\t\t\t\t\t\t\t\r\n\t\t\t\t\t\t<\/div>\r\n\t\t\t\t\t<\/div>\r\n\t\t\t\t<\/div>\r\n\r\n\t\t\t\t\r\n\t\t\t\t<div class=\"space-companies-archive-item box-25 relative\">\r\n\t\t\t\t\t<div class=\"space-companies-archive-item-ins relative\">\r\n\t\t\t\t\t\t\r\n\t\t\t\t\t\t<div class=\"space-companies-archive-item-wrap text-center relative\">\r\n\t\t\t\t\t\t\t\t\t\t\t\t\t\t\t<div class=\"space-companies-archive-item-img relative\">\r\n\t\t\t\t\t\t\t\t\t<a href=\"https:\/\/www.feedbackcasino.com\/br\/cassinos\/superbet\/\" title=\"Superbet\">\r\n\t\t\t\t\t\t\t\t\t\t<img loading=\"lazy\" decoding=\"async\" width=\"120\" height=\"120\" src=\"https:\/\/www.feedbackcasino.com\/br\/wp-content\/uploads\/2024\/08\/download-1-120x120.png\" class=\"attachment-mercury-120-120 size-mercury-120-120\" alt=\"Superbet\" srcset=\"https:\/\/www.feedbackcasino.com\/br\/wp-content\/uploads\/2024\/08\/download-1-120x120.png 120w, https:\/\/www.feedbackcasino.com\/br\/wp-content\/uploads\/2024\/08\/download-1-150x150.png 150w, https:\/\/www.feedbackcasino.com\/br\/wp-content\/uploads\/2024\/08\/download-1-40x40.png 40w, https:\/\/www.feedbackcasino.com\/br\/wp-content\/uploads\/2024\/08\/download-1-50x50.png 50w, https:\/\/www.feedbackcasino.com\/br\/wp-content\/uploads\/2024\/08\/download-1-100x100.png 100w, https:\/\/www.feedbackcasino.com\/br\/wp-content\/uploads\/2024\/08\/download-1-135x135.png 135w, https:\/\/www.feedbackcasino.com\/br\/wp-content\/uploads\/2024\/08\/download-1-32x32.png 32w, https:\/\/www.feedbackcasino.com\/br\/wp-content\/uploads\/2024\/08\/download-1-80x80.png 80w, https:\/\/www.feedbackcasino.com\/br\/wp-content\/uploads\/2024\/08\/download-1.png 225w\" sizes=\"(max-width: 120px) 100vw, 120px\" \/>\t\t\t\t\t\t\t\t\t<\/a>\r\n\t\t\t\t\t\t\t\t<\/div>\r\n\t\t\t\t\t\t\t\t\r\n\t\t\t\t\t\t\t<div class=\"space-companies-archive-item-title relative\">\r\n\t\t\t\t\t\t\t\t<a href=\"https:\/\/www.feedbackcasino.com\/br\/cassinos\/superbet\/\" title=\"Superbet\">Superbet<\/a>\r\n\r\n\t\t\t\t\t\t\t<\/div>\r\n\t\t\t\t\t\t\t\t\t\t\t\t\t\t\t<div class=\"space-companies-archive-item-rating relative\">\r\n\t\t\t\t\t\t\t\t\t<div class=\"star-rating\"><div class=\"star star-full\" aria-hidden=\"true\"><\/div><div class=\"star star-full\" aria-hidden=\"true\"><\/div><div class=\"star star-full\" aria-hidden=\"true\"><\/div><div class=\"star star-full\" aria-hidden=\"true\"><\/div><div class=\"star star-full\" aria-hidden=\"true\"><\/div><div class=\"star star-half\" aria-hidden=\"true\"><\/div><\/div>\t\t\t\t\t\t\t\t<\/div>\r\n\t\t\t\t\t\t\t\r\n\t\t\t\t\t\t\t\t\t\t\t\t\t\t<div class=\"space-companies-archive-item-short-desc relative\">\r\n\t\t\t\t\t\t\t\t<p>Voc\u00ea sabe como aproveitar os b\u00f4nus de boas-vindas e promo\u00e7\u00f5es na Superbet, uma das casas de apostas mais confi\u00e1veis e populares no Brasil? Leia o artigo para saber como garantir os benef\u00edcios.<\/p>\t\t\t\t\t\t\t<\/div>\r\n\t\t\t\t\t\t\t\r\n\t\t\t\t\t\t\t<div class=\"space-companies-archive-item-button relative\">\r\n\t\t\t\t\t\t\t\t<a href=\"https:\/\/www.feedbackcasino.com\/br\/ir\/superbet\/\" title=\"Jogue Agora\" target=\"_blank\" rel=\"nofollow\">Jogue Agora<\/a>\r\n\t\t\t\t\t\t\t<\/div>\r\n\r\n\t\t\t\t\t\t\t\r\n\t\t\t\t\t\t\t\t\t\t\t\t\t\t\t\r\n\t\t\t\t\t\t<\/div>\r\n\t\t\t\t\t<\/div>\r\n\t\t\t\t<\/div>\r\n\r\n\t\t\t\t\r\n\t\t\t\t<div class=\"space-companies-archive-item box-25 relative\">\r\n\t\t\t\t\t<div class=\"space-companies-archive-item-ins relative\">\r\n\t\t\t\t\t\t\r\n\t\t\t\t\t\t<div class=\"space-companies-archive-item-wrap text-center relative\">\r\n\t\t\t\t\t\t\t\t\t\t\t\t\t\t\t<div class=\"space-companies-archive-item-img relative\">\r\n\t\t\t\t\t\t\t\t\t<a href=\"https:\/\/www.feedbackcasino.com\/br\/cassinos\/stake-apostas-2\/\" title=\"Stake Apostas\">\r\n\t\t\t\t\t\t\t\t\t\t<img loading=\"lazy\" decoding=\"async\" width=\"120\" height=\"120\" src=\"https:\/\/www.feedbackcasino.com\/br\/wp-content\/uploads\/2024\/02\/stake-cassino-120x120.jpg\" class=\"attachment-mercury-120-120 size-mercury-120-120\" alt=\"Stake Apostas\" srcset=\"https:\/\/www.feedbackcasino.com\/br\/wp-content\/uploads\/2024\/02\/stake-cassino-120x120.jpg 120w, https:\/\/www.feedbackcasino.com\/br\/wp-content\/uploads\/2024\/02\/stake-cassino-150x150.jpg 150w, https:\/\/www.feedbackcasino.com\/br\/wp-content\/uploads\/2024\/02\/stake-cassino-40x40.jpg 40w, https:\/\/www.feedbackcasino.com\/br\/wp-content\/uploads\/2024\/02\/stake-cassino-50x50.jpg 50w, https:\/\/www.feedbackcasino.com\/br\/wp-content\/uploads\/2024\/02\/stake-cassino-100x100.jpg 100w, https:\/\/www.feedbackcasino.com\/br\/wp-content\/uploads\/2024\/02\/stake-cassino-135x135.jpg 135w, https:\/\/www.feedbackcasino.com\/br\/wp-content\/uploads\/2024\/02\/stake-cassino-32x32.jpg 32w, https:\/\/www.feedbackcasino.com\/br\/wp-content\/uploads\/2024\/02\/stake-cassino-80x80.jpg 80w, https:\/\/www.feedbackcasino.com\/br\/wp-content\/uploads\/2024\/02\/stake-cassino.jpg 270w\" sizes=\"(max-width: 120px) 100vw, 120px\" \/>\t\t\t\t\t\t\t\t\t<\/a>\r\n\t\t\t\t\t\t\t\t<\/div>\r\n\t\t\t\t\t\t\t\t\r\n\t\t\t\t\t\t\t<div class=\"space-companies-archive-item-title relative\">\r\n\t\t\t\t\t\t\t\t<a href=\"https:\/\/www.feedbackcasino.com\/br\/cassinos\/stake-apostas-2\/\" title=\"Stake Apostas\">Stake Apostas<\/a>\r\n\r\n\t\t\t\t\t\t\t<\/div>\r\n\t\t\t\t\t\t\t\t\t\t\t\t\t\t\t<div class=\"space-companies-archive-item-rating relative\">\r\n\t\t\t\t\t\t\t\t\t<div class=\"star-rating\"><div class=\"star star-full\" aria-hidden=\"true\"><\/div><div class=\"star star-full\" aria-hidden=\"true\"><\/div><div class=\"star star-full\" aria-hidden=\"true\"><\/div><div class=\"star star-full\" aria-hidden=\"true\"><\/div><div class=\"star star-full\" aria-hidden=\"true\"><\/div><div class=\"star star-half\" aria-hidden=\"true\"><\/div><\/div>\t\t\t\t\t\t\t\t<\/div>\r\n\t\t\t\t\t\t\t\r\n\t\t\t\t\t\t\t\t\t\t\t\t\t\t<div class=\"space-companies-archive-item-short-desc relative\">\r\n\t\t\t\t\t\t\t\t<p>A Stake \u00e9 uma plataforma de aposta esportiva e cassino online que entrega diversas op\u00e7\u00f5es de apostas para seus usu\u00e1rios, al\u00e9m de oferecer um atendimento ao cliente eficaz. Conhe\u00e7a a casa e experimente uma infinidade de divers\u00f5es!\u00a0<\/p>\t\t\t\t\t\t\t<\/div>\r\n\t\t\t\t\t\t\t\r\n\t\t\t\t\t\t\t<div class=\"space-companies-archive-item-button relative\">\r\n\t\t\t\t\t\t\t\t<a href=\"https:\/\/www.feedbackcasino.com\/br\/ir\/brazino777\/\" title=\"Jogue Agora\" target=\"_blank\" rel=\"nofollow\">Jogue Agora<\/a>\r\n\t\t\t\t\t\t\t<\/div>\r\n\r\n\t\t\t\t\t\t\t\r\n\t\t\t\t\t\t\t\t\t\t\t\t\t\t\t\r\n\t\t\t\t\t\t<\/div>\r\n\t\t\t\t\t<\/div>\r\n\t\t\t\t<\/div>\r\n\r\n\t\t\t\t\r\n\t\t\t<\/div>\r\n\t\t\r\n\t\t<\/div>\r\n\t<\/div>\r\n\r\n\t\n\n\n\n<p><\/p>\n\n\n\n<h3 class=\"wp-block-heading\">Passo a Passo Como Baixar H2bet App<\/h3>\n\n\n\n<p>Para criar um atalho de uma p\u00e1gina na tela do celular, siga estes passos:<\/p>\n\n\n\n<h3 class=\"wp-block-heading\">Para Android (Google Chrome):<\/h3>\n\n\n\n<ol>\n<li>Abra o Google Chrome e navegue at\u00e9 a p\u00e1gina inicial da H2bet.<\/li>\n\n\n\n<li>Toque nos tr\u00eas pontos no canto superior direito.<\/li>\n\n\n\n<li>Selecione &#8220;Adicionar \u00e0 tela inicial&#8221;.<\/li>\n\n\n\n<li>D\u00ea um nome ao atalho e confirme.<\/li>\n<\/ol>\n\n\n\n<h3 class=\"wp-block-heading\">Para iPhone (Safari):<\/h3>\n\n\n\n<ol>\n<li>Abra o Safari e v\u00e1 at\u00e9 a p\u00e1gina inicial da H2bet.<\/li>\n\n\n\n<li>Toque no \u00edcone de compartilhamento (quadrado com uma seta).<\/li>\n\n\n\n<li>Selecione &#8220;Adicionar \u00e0 Tela de In\u00edcio&#8221;.<\/li>\n\n\n\n<li>Nomeie o atalho e toque em &#8220;Adicionar&#8221;.<\/li>\n<\/ol>\n\n\n\n<p><\/p>\n\n\n\n<p>Pronto! Agora voc\u00ea possui um atalho da H2bet que pode servir como seu H2bet app. \ud83e\udd29<\/p>\n\n\n\n<hr class=\"wp-block-separator has-alpha-channel-opacity\"\/>\n\n\n\n<p><\/p>\n\n\n\n<p>Se gostaria de saber mais sobre&nbsp;<a href=\"https:\/\/www.feedbackcasino.com\/br\/cassinos-online\/\">cassinos<\/a>&nbsp;e casas de apostas, leia nossas an\u00e1lises completas.<\/p>\n\n\n\n<p class=\"has-mercury-peter-river-color has-text-color has-link-color wp-elements-f844442a378fe8cbdb4bfc5d1556b5c8\">Nosso time \u00e9 comprometido com a verdade e buscamos sempre atualizar nossos leitores sobre os detalhes de jogos, casas de apostas, cassino online e tamb\u00e9m sobre golpes.<\/p>\n","protected":false},"excerpt":{"rendered":"<p>A H2bet \u00e9 uma casa de apostas que come\u00e7ou no mercado brasileiro em 2023, destacando-se pelo patroc\u00ednio de influenciadores como Caz\u00e9TV e o jogador Marcelo, do Fluminense. A plataforma oferece uma ampla variedade de apostas esportivas e funcionalidades como o Cash Out, operando sob licen\u00e7a de Cura\u00e7ao para garantir seguran\u00e7a e confiabilidade aos usu\u00e1rios. Com [&hellip;]<\/p>\n","protected":false},"author":10,"featured_media":0,"parent":10489,"menu_order":0,"comment_status":"closed","ping_status":"closed","template":"","meta":{"_acf_changed":false,"footnotes":"","_glsr_average":0,"_glsr_ranking":0,"_glsr_reviews":0},"acf":[],"_links":{"self":[{"href":"https:\/\/www.feedbackcasino.com\/br\/wp-json\/wp\/v2\/pages\/10514"}],"collection":[{"href":"https:\/\/www.feedbackcasino.com\/br\/wp-json\/wp\/v2\/pages"}],"about":[{"href":"https:\/\/www.feedbackcasino.com\/br\/wp-json\/wp\/v2\/types\/page"}],"author":[{"embeddable":true,"href":"https:\/\/www.feedbackcasino.com\/br\/wp-json\/wp\/v2\/users\/10"}],"replies":[{"embeddable":true,"href":"https:\/\/www.feedbackcasino.com\/br\/wp-json\/wp\/v2\/comments?post=10514"}],"version-history":[{"count":3,"href":"https:\/\/www.feedbackcasino.com\/br\/wp-json\/wp\/v2\/pages\/10514\/revisions"}],"predecessor-version":[{"id":10521,"href":"https:\/\/www.feedbackcasino.com\/br\/wp-json\/wp\/v2\/pages\/10514\/revisions\/10521"}],"up":[{"embeddable":true,"href":"https:\/\/www.feedbackcasino.com\/br\/wp-json\/wp\/v2\/pages\/10489"}],"wp:attachment":[{"href":"https:\/\/www.feedbackcasino.com\/br\/wp-json\/wp\/v2\/media?parent=10514"}],"curies":[{"name":"wp","href":"https:\/\/api.w.org\/{rel}","templated":true}]}}