{"id":10493,"date":"2024-06-12T14:01:58","date_gmt":"2024-06-12T17:01:58","guid":{"rendered":"https:\/\/www.feedbackcasino.com\/br\/?page_id=10493"},"modified":"2024-06-12T14:17:35","modified_gmt":"2024-06-12T17:17:35","slug":"h2bet-login","status":"publish","type":"page","link":"https:\/\/www.feedbackcasino.com\/br\/h2bet-apostas\/h2bet-login\/","title":{"rendered":"H2bet login"},"content":{"rendered":"\n<p>A <a href=\"https:\/\/www.feedbackcasino.com\/br\/cassinos\/h2bet-apostas\/\" target=\"_blank\" rel=\"noreferrer noopener\">H2bet<\/a> \u00e9 uma <a href=\"https:\/\/br.pinterest.com\/feedbackcasinobr\/casas-de-apostas\/\" target=\"_blank\" rel=\"noopener\">casa de apostas<\/a> esportivas que iniciou suas opera\u00e7\u00f5es no Brasil em 2023. Focada principalmente em apostas futebol\u00edsticas, a H2bet rapidamente se <strong>destacou <\/strong>ao patrocinar figuras not\u00e1veis como a <strong>Caz\u00e9TV<\/strong> e o jogador <strong>Marcelo<\/strong>, do Fluminense. <\/p>\n\n\n\n<p>A plataforma oferece uma ampla gama de modalidades esportivas e funcionalidades especiais, como o recurso de Cash Out. Al\u00e9m disso, possui uma <strong>licen\u00e7a de opera\u00e7\u00e3o emitida pelo governo de Cura\u00e7ao<\/strong>, garantindo seguran\u00e7a e confiabilidade para seus usu\u00e1rios. <\/p>\n\n\n\n<p>Assim, aprenda fazer o H2bet login com seguran\u00e7a e desfrute dos benef\u00edcios da <a href=\"https:\/\/www.feedbackcasino.com\/br\/casa-de-apostas\/\" data-internallinksmanager029f6b8e52c=\"3\" title=\"Casas de Apostas\">casa de apostas<\/a>. Mas antes, se cadastre seguindo o passo a passo a seguir:<\/p>\n\n\n\n<p><\/p>\n\n\n\r\n\t\r\n\t\t<script type=\"application\/ld+json\">\r\n\t\t\t{\r\n\t\t\t\t\"@context\": \"http:\/\/schema.org\/\",\r\n\t\t\t\t\"@type\": \"Review\",\r\n\t\t\t\t\"itemReviewed\": {\r\n\t\t\t\t    \"@type\": \"Organization\",\r\n\t\t\t\t    \"name\": \"H2bet\",\r\n\t\t\t\t    \"image\": \"https:\/\/www.feedbackcasino.com\/br\/wp-content\/uploads\/2024\/06\/h2bet.png\"\r\n\t\t\t\t},\r\n\t\t\t\t\"author\": {\r\n\t\t\t\t    \"@type\": \"Person\",\r\n\t\t\t\t    \"name\": \"Ellen Saboia\",\r\n\t\t\t\t    \"url\": \"https:\/\/www.feedbackcasino.com\/br\/\"\r\n\t\t\t\t},\r\n\t\t\t\t\"reviewRating\": {\r\n\t\t\t\t    \"@type\": \"Rating\",\r\n\t\t\t\t    \"ratingValue\": \"4.5\",\r\n\t\t\t\t    \"bestRating\": \"6\",\r\n\t\t\t\t    \"worstRating\": \"1\"\r\n\t\t\t\t},\r\n\t\t\t\t\"datePublished\": \"3 de junho de 2024\",\r\n\t\t\t\t\"reviewBody\": \"A casa de apostas H2bet \u00e9 uma casa de apostas nova no mercado de apostas, por\u00e9m com um futuro promissor e ofertas interessantes. Ela come\u00e7ou as atividades no Brasil em 2023 e a casa possui seu foco em apostas esportivas &#8211; em especial futebol\u00edsticas &#8211; e em cassino online. E come\u00e7ou com o p\u00e9 direito [&hellip;]\"\r\n\t\t\t}\r\n\t\t<\/script>\r\n\r\n\t\r\n\t<div class=\"space-organization-single-3 box-100 relative \">\r\n\r\n\t\t<div class=\"space-style-3-organization-header-elements box-100 relative\">\r\n\t\t\t<div class=\"space-style-3-organization-header-left text-center box-25 relative\">\r\n\t\t\t\t<div class=\"space-style-3-organization-header-left-ins relative\">\r\n\t\t\t\t\t<div class=\"space-style-3-organization-header-logo-box relative\">\r\n\t\t\t\t\t\t<img fetchpriority=\"high\" decoding=\"async\" width=\"270\" height=\"270\" src=\"https:\/\/www.feedbackcasino.com\/br\/wp-content\/uploads\/2024\/06\/h2bet.png\" class=\"attachment-mercury-270-270 size-mercury-270-270\" alt=\"H2bet login\" srcset=\"https:\/\/www.feedbackcasino.com\/br\/wp-content\/uploads\/2024\/06\/h2bet.png 270w, https:\/\/www.feedbackcasino.com\/br\/wp-content\/uploads\/2024\/06\/h2bet-150x150.png 150w, https:\/\/www.feedbackcasino.com\/br\/wp-content\/uploads\/2024\/06\/h2bet-40x40.png 40w, https:\/\/www.feedbackcasino.com\/br\/wp-content\/uploads\/2024\/06\/h2bet-50x50.png 50w, https:\/\/www.feedbackcasino.com\/br\/wp-content\/uploads\/2024\/06\/h2bet-100x100.png 100w, https:\/\/www.feedbackcasino.com\/br\/wp-content\/uploads\/2024\/06\/h2bet-120x120.png 120w, https:\/\/www.feedbackcasino.com\/br\/wp-content\/uploads\/2024\/06\/h2bet-135x135.png 135w, https:\/\/www.feedbackcasino.com\/br\/wp-content\/uploads\/2024\/06\/h2bet-32x32.png 32w, https:\/\/www.feedbackcasino.com\/br\/wp-content\/uploads\/2024\/06\/h2bet-80x80.png 80w\" sizes=\"(max-width: 270px) 100vw, 270px\" \/>\t\t\t\t\t<\/div>\r\n\t\t\t\t<\/div>\r\n\t\t\t<\/div>\r\n\t\t\t<div class=\"space-style-3-organization-header-right box-75 relative\">\r\n\t\t\t\t\t\t\t\t\t<div class=\"space-style-3-organization-header-rating absolute\">\r\n\t\t\t\t\t\t<div class=\"space-rating-star-wrap relative\">\r\n\t\t\t\t\t\t\t<div class=\"space-rating-star-background absolute\"><\/div>\r\n\t\t\t\t\t\t\t<div class=\"space-rating-star-icon absolute\">\r\n\t\t\t\t\t\t\t\t<i class=\"fas fa-star\"><\/i>\r\n\t\t\t\t\t\t\t<\/div>\r\n\t\t\t\t\t\t<\/div>\r\n\t\t\t\t\t\t<strong>4.5<\/strong>\/6\t\t\t\t\t<\/div>\r\n\t\t\t\t\t\t\t\t<div class=\"space-style-3-organization-header-right-ins box-100 relative\">\r\n\t\t\t\t\t<div class=\"space-style-3-organization-header-title relative\">\r\n\t\t\t\t\t\t<div class=\"space-style-3-organization-header-title-box relative\">\r\n\t\t\t\t\t\t\t<div class=\"space-organization-header-title-box-ins box-100 relative\">\r\n\r\n\t\t\t\t\t\t\t\t<!-- Title Start -->\r\n\r\n\t\t\t\t\t\t\t\t<span class=\"organization-title-3\">H2bet<\/span>\r\n\r\n\t\t\t\t\t\t\t\t<!-- Title End -->\r\n\r\n\t\t\t\t\t\t\t\t\r\n\t\t\t\t\t\t\t\t<!-- Short Description of the Organization Start -->\r\n\r\n\t\t\t\t\t\t\t\t<div class=\"space-style-3-organization-header-short-desc relative\">\r\n\t\t\t\t\t\t\t\t\t<p>H2bet \u00e9 uma nova op\u00e7\u00e3o promissora do mercado de apostas esportivas. Fa\u00e7a como o Marcelo do Fluminense e aposte j\u00e1!<\/p>\t\t\t\t\t\t\t\t<\/div>\r\n\r\n\t\t\t\t\t\t\t\t<!-- Short Description of the Organization End -->\r\n\r\n\t\t\t\t\t\t\t\t\r\n\t\t\t\t\t\t\t\t\r\n\t\t\t\t\t\t\t\t\r\n\t\t\t\t\t\t\t<\/div>\r\n\t\t\t\t\t\t<\/div>\r\n\t\t\t\t\t\t<div class=\"space-style-3-organization-header-button relative\">\r\n\t\t\t\t\t\t\t<div class=\"space-style-3-organization-header-button-ins text-center relative\">\r\n\r\n\t\t\t\t\t\t\t\t\r\n\t\t\t\t\t\t\t\t<!-- Button Start -->\r\n\r\n\t\t\t\t\t\t\t\t<a href=\"https:\/\/www.feedbackcasino.com\/br\/ir\/brazino777\/\" title=\"Jogue Agora\" class=\"space-style-3-button\" rel=\"nofollow\" target=\"_blank\">Jogue Agora<\/a>\r\n\r\n\t\t\t\t\t\t\t\t<!-- Button End -->\r\n\r\n\t\t\t\t\t\t\t\t\r\n\t\t\t\t\t\t\t\t\r\n\t\t\t\t\t\t\t\t\r\n\t\t\t\t\t\t\t<\/div>\r\n\r\n\t\t\t\t\t\t<\/div>\r\n\t\t\t\t\t<\/div>\r\n\t\t\t\t<\/div>\r\n\t\t\t<\/div>\r\n\t\t<\/div>\r\n\t\t\r\n\t<\/div>\r\n\r\n\t\r\n\t\t<!-- Organization Float Bar Start -->\r\n\r\n\t\t<script type=\"text\/javascript\">\r\n\t\tjQuery(document).ready(function($) {\r\n\t\t\t'use strict';\r\n\r\n\t\t\t\tvar stickyOffset = $('.space-organization-float-bar-bg').offset().top;\r\n\r\n\t\t\t\t$(window).scroll(function(){\r\n\t\t\t\t\t'use strict';\r\n\t\t\t\t  var sticky = $('.space-organization-float-bar-bg'),\r\n\t\t\t\t      scroll = $(window).scrollTop();\r\n\t\t\t\t    \r\n\t\t\t\t  if (scroll >= 400) sticky.addClass('show');\r\n\t\t\t\t  else sticky.removeClass('show');\r\n\t\t\t\t});\r\n\r\n\t\t});\r\n\t\t<\/script>\r\n\r\n\t\t<style type=\"text\/css\">\r\n\t\t.space-footer {\r\n\t\t    padding-bottom: 110px;\r\n\t\t}\r\n\t\t@media screen and (max-width: 479px) {\r\n\t\t\t.single .space-footer,\r\n\t\t\t.page .space-footer {\r\n\t\t\t    padding-bottom: 100px;\r\n\t\t\t}\r\n\t\t\t.single #scrolltop.show,\r\n\t\t\t.page #scrolltop.show {\r\n\t\t\t    opacity: 1;\r\n\t\t\t    visibility: visible;\r\n\t\t\t    bottom: 120px;\r\n\t\t\t}\r\n\t\t}\r\n\t\t<\/style>\r\n\r\n\t\t<div class=\"space-organization-float-bar-bg box-100\">\r\n\t\t\t<div class=\"space-organization-float-bar-bg-ins space-page-wrapper relative\">\r\n\t\t\t\t<div class=\"space-organization-float-bar relative\">\r\n\t\t\t\t\t<div class=\"space-organization-float-bar-data box-75 relative\">\r\n\t\t\t\t\t\t<div class=\"space-organization-float-bar-data-ins relative\">\r\n\r\n\t\t\t\t\t\t\t\r\n\t\t\t\t\t\t\t\t<div class=\"space-organization-float-bar-logo relative\">\r\n\t\t\t\t\t\t\t\t\t<div class=\"space-organization-float-bar-logo-img relative\">\r\n\t\t\t\t\t\t\t\t\t\t<img decoding=\"async\" width=\"100\" height=\"100\" src=\"https:\/\/www.feedbackcasino.com\/br\/wp-content\/uploads\/2024\/06\/h2bet-100x100.png\" class=\"attachment-mercury-100-100 size-mercury-100-100\" alt=\"h2bet\" srcset=\"https:\/\/www.feedbackcasino.com\/br\/wp-content\/uploads\/2024\/06\/h2bet-100x100.png 100w, https:\/\/www.feedbackcasino.com\/br\/wp-content\/uploads\/2024\/06\/h2bet-150x150.png 150w, https:\/\/www.feedbackcasino.com\/br\/wp-content\/uploads\/2024\/06\/h2bet-40x40.png 40w, https:\/\/www.feedbackcasino.com\/br\/wp-content\/uploads\/2024\/06\/h2bet-50x50.png 50w, https:\/\/www.feedbackcasino.com\/br\/wp-content\/uploads\/2024\/06\/h2bet-120x120.png 120w, https:\/\/www.feedbackcasino.com\/br\/wp-content\/uploads\/2024\/06\/h2bet-135x135.png 135w, https:\/\/www.feedbackcasino.com\/br\/wp-content\/uploads\/2024\/06\/h2bet-32x32.png 32w, https:\/\/www.feedbackcasino.com\/br\/wp-content\/uploads\/2024\/06\/h2bet-80x80.png 80w, https:\/\/www.feedbackcasino.com\/br\/wp-content\/uploads\/2024\/06\/h2bet.png 270w\" sizes=\"(max-width: 100px) 100vw, 100px\" \/>\t\t\t\t\t\t\t\t\t<\/div>\r\n\t\t\t\t\t\t\t\t<\/div>\r\n\r\n\t\t\t\t\t\t\t\r\n\t\t\t\t\t\t\t<div class=\"space-organization-float-bar-title box-50 relative\">\r\n\t\t\t\t\t\t\t\t<div class=\"space-organization-float-bar-title-wrap box-100 relative\">\r\n\t\t\t\t\t\t\t\t\tH2bet\t\t\t\t\t\t\t\t<\/div>\r\n\t\t\t\t\t\t\t\t\r\n\t\t\t\t\t\t\t\t\t\t\t\t\t\t\t\t\t<div class=\"space-organization-float-bar-rating box-100 relative\">\r\n\t\t\t\t\t\t\t\t\t\t<div class=\"star-rating\"><div class=\"star star-full\" aria-hidden=\"true\"><\/div><div class=\"star star-full\" aria-hidden=\"true\"><\/div><div class=\"star star-full\" aria-hidden=\"true\"><\/div><div class=\"star star-full\" aria-hidden=\"true\"><\/div><div class=\"star star-half\" aria-hidden=\"true\"><\/div><div class=\"star star-empty\" aria-hidden=\"true\"><\/div><\/div>\t\t\t\t\t\t\t\t\t\t<span><i class=\"fas fa-star\"><\/i> 4.5\/6<\/span>\r\n\t\t\t\t\t\t\t\t\t<\/div>\r\n\t\t\t\t\t\t\t\t\r\n\t\t\t\t\t\t\t<\/div>\r\n\t\t\t\t\t\t<\/div>\r\n\t\t\t\t\t<\/div>\r\n\r\n\t\t\t\t\t\r\n\t\t\t\t\t\t<div class=\"space-organization-float-bar-button box-25 relative\">\r\n\t\t\t\t\t\t\t<div class=\"space-organization-float-bar-button-all text-center relative\">\r\n\t\t\t\t\t\t\t\t<div class=\"space-organization-float-bar-button-ins relative\">\r\n\t\t\t\t\t\t\t\t\t<div class=\"space-organization-float-bar-button-wrap relative\">\r\n\t\t\t\t\t\t\t\t\t\t<a href=\"https:\/\/www.feedbackcasino.com\/br\/ir\/brazino777\/\" title=\"Jogue Agora\" target=\"_blank\" rel=\"nofollow\">\r\n\t\t\t\t\t\t\t\t\t\t\tJogue Agora\t\t\t\t\t\t\t\t\t\t<\/a>\r\n\t\t\t\t\t\t\t\t\t<\/div>\r\n\t\t\t\t\t\t\t\t<\/div>\r\n\t\t\t\t\t\t\t<\/div>\r\n\t\t\t\t\t\t<\/div>\r\n\r\n\t\t\t\t\t\r\n\t\t\t\t<\/div>\r\n\t\t\t<\/div>\r\n\t\t<\/div>\r\n\r\n\t\t<!-- Organization Float Bar End -->\r\n\r\n\t\r\n\t\n\n\n\n<p><\/p>\n\n\n<div class=\"wp-block-image\">\n<figure class=\"alignright size-full is-resized\"><img decoding=\"async\" width=\"459\" height=\"598\" src=\"http:\/\/www.feedbackcasino.com\/br\/wp-content\/uploads\/2024\/06\/Captura-de-Tela-1781.png\" alt=\"H2bet login\" class=\"wp-image-10497\" style=\"width:234px;height:auto\" srcset=\"https:\/\/www.feedbackcasino.com\/br\/wp-content\/uploads\/2024\/06\/Captura-de-Tela-1781.png 459w, https:\/\/www.feedbackcasino.com\/br\/wp-content\/uploads\/2024\/06\/Captura-de-Tela-1781-230x300.png 230w, https:\/\/www.feedbackcasino.com\/br\/wp-content\/uploads\/2024\/06\/Captura-de-Tela-1781-31x40.png 31w, https:\/\/www.feedbackcasino.com\/br\/wp-content\/uploads\/2024\/06\/Captura-de-Tela-1781-25x32.png 25w, https:\/\/www.feedbackcasino.com\/br\/wp-content\/uploads\/2024\/06\/Captura-de-Tela-1781-61x80.png 61w, https:\/\/www.feedbackcasino.com\/br\/wp-content\/uploads\/2024\/06\/Captura-de-Tela-1781-104x135.png 104w\" sizes=\"(max-width: 459px) 100vw, 459px\" \/><\/figure><\/div>\n\n\n<h2 class=\"wp-block-heading\">H2bet Registro<\/h2>\n\n\n\n<p>Para se registrar na h2bet login \u00e9 necess\u00e1rio seguir esses passos:<\/p>\n\n\n\n<ol>\n<li>Busque H2bet na aba de pesquisas e abra o site oficial.<\/li>\n\n\n\n<li>V\u00e1 para o canto superior direito e busque o bot\u00e3o &#8216;cadastre-se&#8217;.<\/li>\n\n\n\n<li>Ap\u00f3s selecionar, seus dados ser\u00e3o solicitados. Sendo eles: CPF, celular, email e senha.7<\/li>\n\n\n\n<li>Concorde com os termos e condi\u00e7\u00f5es e pronto, voc\u00ea est\u00e1 cadastrado!<\/li>\n<\/ol>\n\n\n\n<p><\/p>\n\n\n\n<p><strong>Agora, para fazer seu H2bet login, basta seguir o tutorial abaixo.<\/strong><\/p>\n\n\n\n<h2 class=\"wp-block-heading\">Como fazer o H2bet login?<\/h2>\n\n\n\n<p>Agora que voc\u00ea j\u00e1 est\u00e1 registrado, \u00e9 bem simples! <\/p>\n\n\n<div id=\"rank-math-howto\" class=\"rank-math-block\" >\n<div class=\"rank-math-howto-description\">\n<img loading=\"lazy\" decoding=\"async\" width=\"969\" height=\"417\" src=\"https:\/\/www.feedbackcasino.com\/br\/wp-content\/uploads\/2024\/06\/Captura-de-Tela-1782.png\" class=\"attachment-full size-full\" alt=\"h2bet login\" srcset=\"https:\/\/www.feedbackcasino.com\/br\/wp-content\/uploads\/2024\/06\/Captura-de-Tela-1782.png 969w, https:\/\/www.feedbackcasino.com\/br\/wp-content\/uploads\/2024\/06\/Captura-de-Tela-1782-300x129.png 300w, https:\/\/www.feedbackcasino.com\/br\/wp-content\/uploads\/2024\/06\/Captura-de-Tela-1782-768x331.png 768w, https:\/\/www.feedbackcasino.com\/br\/wp-content\/uploads\/2024\/06\/Captura-de-Tela-1782-93x40.png 93w, https:\/\/www.feedbackcasino.com\/br\/wp-content\/uploads\/2024\/06\/Captura-de-Tela-1782-74x32.png 74w, https:\/\/www.feedbackcasino.com\/br\/wp-content\/uploads\/2024\/06\/Captura-de-Tela-1782-186x80.png 186w, https:\/\/www.feedbackcasino.com\/br\/wp-content\/uploads\/2024\/06\/Captura-de-Tela-1782-314x135.png 314w\" sizes=\"(max-width: 969px) 100vw, 969px\" \/>\n<p>H2bet login<\/p>\n\n<\/div>\n\n<div class=\"rank-math-steps \">\n<div id=\"howto-step-1718210500743\" class=\"rank-math-step\">\n<h3 class=\"rank-math-step-title \">Acesse o site oficial da H2bet<\/h3>\n<div class=\"rank-math-step-content \"><\/div>\n<\/div>\n<div id=\"howto-step-1718211088943\" class=\"rank-math-step\">\n<h3 class=\"rank-math-step-title \">Encontre o \u00edcone &#8216;Entrar&#8217; no canto superior direito<\/h3>\n<div class=\"rank-math-step-content \"><\/div>\n<\/div>\n<div id=\"howto-step-1718211107710\" class=\"rank-math-step\">\n<h3 class=\"rank-math-step-title \">Adicione seus dados cadastrais (e-mail e senha)<\/h3>\n<div class=\"rank-math-step-content \"><\/div>\n<\/div>\n<\/div>\n<\/div>\n\n\n<p><\/p>\n\n\n\n<p>Pronto! Voc\u00ea j\u00e1 pode come\u00e7ar a apostar na H2bet!<\/p>\n\n\n\n<hr class=\"wp-block-separator has-alpha-channel-opacity\"\/>\n\n\n\n<p><\/p>\n\n\n\n<p>Se gostaria de saber mais sobre <a href=\"https:\/\/www.feedbackcasino.com\/br\/cassinos-online\/\" data-internallinksmanager029f6b8e52c=\"4\" title=\"melhor cassino online\">cassinos<\/a> e casas de apostas, leia nossas an\u00e1lises completas. <\/p>\n\n\n\n<p class=\"has-mercury-second-color has-text-color has-link-color wp-elements-38ff779d684ec3cf15389fe997d5a0ce\">Nosso time \u00e9 comprometido com a verdade e buscamos sempre atualizar nossos leitores sobre os detalhes de jogos, casas de apostas, cassino online e tamb\u00e9m sobre golpes. <\/p>\n\n\n\n<p><strong>Nos siga nas redes sociais! <\/strong><\/p>\n","protected":false},"excerpt":{"rendered":"<p>A H2bet \u00e9 uma casa de apostas esportivas que iniciou suas opera\u00e7\u00f5es no Brasil em 2023. Focada principalmente em apostas futebol\u00edsticas, a H2bet rapidamente se destacou ao patrocinar figuras not\u00e1veis como a Caz\u00e9TV e o jogador Marcelo, do Fluminense. A plataforma oferece uma ampla gama de modalidades esportivas e funcionalidades especiais, como o recurso de [&hellip;]<\/p>\n","protected":false},"author":10,"featured_media":10230,"parent":10489,"menu_order":0,"comment_status":"closed","ping_status":"closed","template":"","meta":{"_acf_changed":false,"footnotes":"","_glsr_average":0,"_glsr_ranking":0,"_glsr_reviews":0},"acf":[],"_links":{"self":[{"href":"https:\/\/www.feedbackcasino.com\/br\/wp-json\/wp\/v2\/pages\/10493"}],"collection":[{"href":"https:\/\/www.feedbackcasino.com\/br\/wp-json\/wp\/v2\/pages"}],"about":[{"href":"https:\/\/www.feedbackcasino.com\/br\/wp-json\/wp\/v2\/types\/page"}],"author":[{"embeddable":true,"href":"https:\/\/www.feedbackcasino.com\/br\/wp-json\/wp\/v2\/users\/10"}],"replies":[{"embeddable":true,"href":"https:\/\/www.feedbackcasino.com\/br\/wp-json\/wp\/v2\/comments?post=10493"}],"version-history":[{"count":9,"href":"https:\/\/www.feedbackcasino.com\/br\/wp-json\/wp\/v2\/pages\/10493\/revisions"}],"predecessor-version":[{"id":10511,"href":"https:\/\/www.feedbackcasino.com\/br\/wp-json\/wp\/v2\/pages\/10493\/revisions\/10511"}],"up":[{"embeddable":true,"href":"https:\/\/www.feedbackcasino.com\/br\/wp-json\/wp\/v2\/pages\/10489"}],"wp:featuredmedia":[{"embeddable":true,"href":"https:\/\/www.feedbackcasino.com\/br\/wp-json\/wp\/v2\/media\/10230"}],"wp:attachment":[{"href":"https:\/\/www.feedbackcasino.com\/br\/wp-json\/wp\/v2\/media?parent=10493"}],"curies":[{"name":"wp","href":"https:\/\/api.w.org\/{rel}","templated":true}]}}