{"id":10332,"date":"2024-06-06T13:15:56","date_gmt":"2024-06-06T16:15:56","guid":{"rendered":"https:\/\/www.feedbackcasino.com\/br\/?page_id=10332"},"modified":"2024-06-06T13:15:59","modified_gmt":"2024-06-06T16:15:59","slug":"betano-login","status":"publish","type":"page","link":"https:\/\/www.feedbackcasino.com\/br\/betano\/betano-login\/","title":{"rendered":"Betano Login: saiba como fazer"},"content":{"rendered":"\n<p>Fa\u00e7a um Betano login e comece a apostar!<\/p>\n\n\n\n<p>A <a href=\"https:\/\/www.feedbackcasino.com\/br\/casa-de-apostas\/\" data-internallinksmanager029f6b8e52c=\"3\" title=\"Casas de Apostas\">casa de apostas<\/a> e <a href=\"https:\/\/www.feedbackcasino.com\/br\/cassinos-online\/\" data-internallinksmanager029f6b8e52c=\"4\" title=\"melhor cassino online\">cassino online<\/a> <a href=\"https:\/\/www.feedbackcasino.com\/br\/cassinos\/betano-apostas\/\">Betano<\/a> \u00e9 uma das melhores do Brasil e oferece diversos servi\u00e7os vantajosos aos seus clientes, como mercados e odds, apostas gr\u00e1tis e <a href=\"https:\/\/www.feedbackcasino.com\/br\/bonus\/bonus-de-boas-vindas-betano\/\" target=\"_blank\" rel=\"noreferrer noopener\">b\u00f4nus<\/a> generosos e aposto que voc\u00ea n\u00e3o quer ficar de fora dessa! \ud83e\udd29<\/p>\n\n\n\n<p>Ent\u00e3o vem com a gente e saiba como fazer login e registro na betano. \ud83d\udcf1<\/p>\n\n\n\n<h2 class=\"wp-block-heading\">Seguran\u00e7a<\/h2>\n\n\n\n<p>Mas, primeiro, \u00e9 importante falar sobre seguran\u00e7a e fornecimento de dados pessoais em registros e logins e plataformas. Voc\u00ea deve saber onde est\u00e1 colocando seus dados e como eles s\u00e3o usados. Por isso, em rela\u00e7\u00e3o a Betano a not\u00edcia \u00e9 positiva: o site \u00e9 seguro, licenciado e possui protocolos de seguran\u00e7a de dados dos usu\u00e1rios. <\/p>\n\n\n\n<p>A  Betano tamb\u00e9m faz parte da IBIA &#8211; I<em>nternational betting integrity association<\/em> e sua licen\u00e7a \u00e9 reconhecida internacionalmente, o que assegura que a Betano adere a padr\u00f5es rigorosos de seguran\u00e7a, transpar\u00eancia e responsabilidade. \ud83d\udd12<\/p>\n\n\n\n<h2 class=\"wp-block-heading\">Como se registrar<\/h2>\n\n\n\n<p>Para se registrar \u00e9 bem f\u00e1cil! Aqui est\u00e1 nosso passo a passo para faze cadastro na betano \u2b07<\/p>\n\n\n\n<ol>\n<li>Acesse o site da Betano pelo navegador ou baixe o aplicativo<\/li>\n\n\n\n<li>Clique no bot\u00e3o \u201cregistrar\u201d no canto superior direito da p\u00e1gina<\/li>\n\n\n\n<li>Preencha o formul\u00e1rio com seus dados pessoais, como nome, data de nascimento, endere\u00e7o e e-mail<\/li>\n\n\n\n<li>Crie uma senha segura para sua conta<\/li>\n\n\n\n<li>Confirme seu cadastro clicando no link enviado por e-mail<\/li>\n\n\n\n<li>Fa\u00e7a seu primeiro dep\u00f3sito para come\u00e7ar a apostar<\/li>\n<\/ol>\n\n\n\n<p><\/p>\n\n\n\n<figure class=\"wp-block-image size-full\"><img fetchpriority=\"high\" decoding=\"async\" width=\"958\" height=\"636\" src=\"http:\/\/www.feedbackcasino.com\/br\/wp-content\/uploads\/2024\/05\/Captura-de-Tela-1680.png\" alt=\"betano login\" class=\"wp-image-9172\" srcset=\"https:\/\/www.feedbackcasino.com\/br\/wp-content\/uploads\/2024\/05\/Captura-de-Tela-1680.png 958w, https:\/\/www.feedbackcasino.com\/br\/wp-content\/uploads\/2024\/05\/Captura-de-Tela-1680-300x199.png 300w, https:\/\/www.feedbackcasino.com\/br\/wp-content\/uploads\/2024\/05\/Captura-de-Tela-1680-768x510.png 768w, https:\/\/www.feedbackcasino.com\/br\/wp-content\/uploads\/2024\/05\/Captura-de-Tela-1680-60x40.png 60w, https:\/\/www.feedbackcasino.com\/br\/wp-content\/uploads\/2024\/05\/Captura-de-Tela-1680-48x32.png 48w, https:\/\/www.feedbackcasino.com\/br\/wp-content\/uploads\/2024\/05\/Captura-de-Tela-1680-121x80.png 121w, https:\/\/www.feedbackcasino.com\/br\/wp-content\/uploads\/2024\/05\/Captura-de-Tela-1680-203x135.png 203w\" sizes=\"(max-width: 958px) 100vw, 958px\" \/><\/figure>\n\n\n\n<p><\/p>\n\n\n\n<h2 class=\"wp-block-heading\">Como fazer Betano Login<\/h2>\n\n\n\n<p>Para faze um betano login \u00e9 simples e f\u00e1cil. Ap\u00f3s se registrar, voc\u00ea deve seguir os passos abaixo: <\/p>\n\n\n\n<ol>\n<li>Entre no&nbsp;<a href=\"https:\/\/goalbr.media-partners.io\/goto\/betano\/\" target=\"_blank\" rel=\"noopener\">site da Betano<\/a>&nbsp;e clique em \u201centrar\u201d;<\/li>\n\n\n\n<li>Em seguida, preencha o seu nome de usu\u00e1rio ou seu e-mail e, logo abaixo, a senha;<\/li>\n\n\n\n<li>Por fim, clique em \u201centrar\u201d para terminar o seu betano login;<\/li>\n\n\n\n<li>Pronto! Agora voc\u00ea j\u00e1 ter\u00e1 acesso \u00e0 sua conta de apostas e j\u00e1 pode apostar!<\/li>\n<\/ol>\n\n\n\n<p><\/p>\n\n\n\n<p>\u27a1 Quer saber mais sobre a betano? Cheque nossa an\u00e1lise do <a href=\"https:\/\/www.feedbackcasino.com\/br\/cassinos\/betano-casino\/\">cassino <\/a>tamb\u00e9m!<\/p>\n","protected":false},"excerpt":{"rendered":"<p>Fa\u00e7a um Betano login e comece a apostar! A casa de apostas e cassino online Betano \u00e9 uma das melhores do Brasil e oferece diversos servi\u00e7os vantajosos aos seus clientes, como mercados e odds, apostas gr\u00e1tis e b\u00f4nus generosos e aposto que voc\u00ea n\u00e3o quer ficar de fora dessa! \ud83e\udd29 Ent\u00e3o vem com a gente [&hellip;]<\/p>\n","protected":false},"author":10,"featured_media":671,"parent":10329,"menu_order":0,"comment_status":"closed","ping_status":"closed","template":"","meta":{"_acf_changed":false,"footnotes":"","_glsr_average":0,"_glsr_ranking":0,"_glsr_reviews":0},"acf":[],"_links":{"self":[{"href":"https:\/\/www.feedbackcasino.com\/br\/wp-json\/wp\/v2\/pages\/10332"}],"collection":[{"href":"https:\/\/www.feedbackcasino.com\/br\/wp-json\/wp\/v2\/pages"}],"about":[{"href":"https:\/\/www.feedbackcasino.com\/br\/wp-json\/wp\/v2\/types\/page"}],"author":[{"embeddable":true,"href":"https:\/\/www.feedbackcasino.com\/br\/wp-json\/wp\/v2\/users\/10"}],"replies":[{"embeddable":true,"href":"https:\/\/www.feedbackcasino.com\/br\/wp-json\/wp\/v2\/comments?post=10332"}],"version-history":[{"count":1,"href":"https:\/\/www.feedbackcasino.com\/br\/wp-json\/wp\/v2\/pages\/10332\/revisions"}],"predecessor-version":[{"id":10333,"href":"https:\/\/www.feedbackcasino.com\/br\/wp-json\/wp\/v2\/pages\/10332\/revisions\/10333"}],"up":[{"embeddable":true,"href":"https:\/\/www.feedbackcasino.com\/br\/wp-json\/wp\/v2\/pages\/10329"}],"wp:featuredmedia":[{"embeddable":true,"href":"https:\/\/www.feedbackcasino.com\/br\/wp-json\/wp\/v2\/media\/671"}],"wp:attachment":[{"href":"https:\/\/www.feedbackcasino.com\/br\/wp-json\/wp\/v2\/media?parent=10332"}],"curies":[{"name":"wp","href":"https:\/\/api.w.org\/{rel}","templated":true}]}}